{"id":3391,"date":"2024-04-05T11:21:02","date_gmt":"2024-04-05T11:21:02","guid":{"rendered":"https:\/\/www.numafa.com\/branchen\/metaal-en-automotive\/"},"modified":"2026-01-05T13:18:53","modified_gmt":"2026-01-05T13:18:53","slug":"metall-und-automobilbau","status":"publish","type":"page","link":"https:\/\/www.numafa.com\/de\/branchen\/metall-und-automobilbau\/","title":{"rendered":"Metall- und Automobilbau"},"content":{"rendered":"\r\n<section id=\"hero_1\" class=\"text_header desktop_yes mobile_yes  bg_middleblue\">\r\n\t\r\n\t<div class=\"container\">\r\n\t\t<div class=\"row no-gutters\">\r\n\t\t\r\n\t\t\t<div class=\"col-sm-12 col-md-12 col-lg-7 text_links\">\r\n\t\t\t\t\r\n\t\t\t\t\t\t\t\t\t\r\n\t\t\t\t\t<div class=\"outer\">\r\n\t\t\t\t\t\t<div class=\"inner\">\r\n\t\t\t\t\t\t\t<h2 class=\"subtitle\">Metall- und Automobilbau<\/h2><h1>Hygienische Bedingungen an industriellen Arbeitspl\u00e4tzen<\/h1>\t\t\t\t\t\t\t\r\n\t\t\t\t\t\t\t<p>Die innovativen und nachhaltigen L\u00f6sungen von Numafa sorgen f\u00fcr hygienische Bedingungen an industriellen Arbeitspl\u00e4tzen. Unsere Teile- und Palettenwaschanlagen reinigen, entfetten und phosphatieren stark verschmutzte Komponenten und Paletten gr\u00fcndlich und effizient. Ganz egal, ob es um Arbeitspl\u00e4tze im Schiffs-, Flugzeug-, Maschinen- oder Automobilbau oder im Transportwesen geht, unsere automatisierten Systeme optimieren jeden industriellen Produktionsprozess.<\/p>\n\t\t\t\t\t\t\t\r\n\t\t\t\t\t\t\t<div class=\"cta bg_white border_radius\"><a href=\"https:\/\/www.numafa.com\/de\/kontakt\/\">Informationen anfordern<\/a>\n<\/div>\t\t\t\t\t\t<\/div>\r\n\t\t\t\t\t<\/div>\t\r\n\t\t\t\t\t\t\t<\/div>\r\n\t\t\t\r\n\t\t\t<div class=\"col-sm-12 col-md-12 col-lg-1 empty\">\r\n\t\t\t<\/div>\r\n\t\t\t\r\n\t\t\t<div class=\"col-sm-12 col-md-12 col-lg-4 foto_rechts\">\r\n\t\t\t\t\t\t\t\t\t<div class=\"foto_wrapper\">\r\n\t\t\t\t\t\t<img decoding=\"async\" class=\"object_fit\" \t\t\t\t\t\t\t  \r\n\t\t\t\t\t\t\t  srcset=\"https:\/\/www.numafa.com\/wp-content\/uploads\/carlos-aranda-SVUqHTVyn6w-unsplash-650x434.jpg 650w, https:\/\/www.numafa.com\/wp-content\/uploads\/carlos-aranda-SVUqHTVyn6w-unsplash-1200x801.jpg 1024w, https:\/\/www.numafa.com\/wp-content\/uploads\/carlos-aranda-SVUqHTVyn6w-unsplash-1600x1068.jpg 1800w\" \t\t\t\t\t\t\t\t\t  \r\n\t\t\t\t\t\t\t  sizes=\"(max-width: 700px) 650px, (max-width: 1200px) 1024px, 1800px\"  \t  \r\n\t\t\t\t\t\t\t  src=\"https:\/\/www.numafa.com\/wp-content\/uploads\/carlos-aranda-SVUqHTVyn6w-unsplash-1600x1068.jpg\" \r\n\t\t\t\t\t\t\t  width=\"1024\"\r\n\t\t\t\t\t\t\t  height=\"684\"\t\t\t\t\t\t\t  \r\n\t\t\t\t\t\t\t  alt=\"Reiningsoplossing voor de metaal industrie \" \r\n\t\t\t\t\t\t\t\/>\r\n\t\t\t\t\t<\/div>\r\n\t\t\t\t\r\n\t\t\t\t\t\t\t<\/div>\r\n\t\t<\/div>\r\n\t<\/div>\t\t\r\n<\/section>\r\n\r\n\r\n<script>\r\n\tjQuery(document).ready(function($){\r\n\t\t\r\n\t\tif($('#scroll_to').length){\r\n\t\t\r\n\t\t\t$('#scroll_to').on('click', function(){ \r\n\t\t\t\t\t\t\t\r\n\t\t\t\tvar height = $('#botbar_row').height();\r\n\t\t\t\t\tlink = $(this).attr('href');\r\n\t\t\t\t\t\t\t\t\t\r\n\t\t\t\t\r\n\t\t\t\tif($(window).width() <= 768){\r\n\t\t\t\t\theight = $('#header').height();\r\n\t\t\t\t}\r\n\t\t\t\t\r\n\t\t\t\t\r\n\t\t\t\tif($('#wpadminbar').length){\r\n\t\t\t\t\tif($('#wpadminbar').is(':visible')){\r\n\t\t\t\t\t\theight = height + $('#wpadminbar').height();\r\n\t\t\t\t\t}\r\n\t\t\t\t}\r\n\t\t\t\t\r\n\t\t\t\t$('html, body').animate({\r\n\t\t\t\t\tscrollTop: $(link).offset().top - (height - 1)+'px'\r\n\t\t\t\t}, 500);\r\n\t\t\t\t\r\n\t\t\t\treturn false;\r\n\t\t\t\t\r\n\t\t\t});\r\n\t\t}\r\n\t\t\r\n\t\tvar target = $('#breadcrumbs_section').next('section');\r\n\t\t\r\n\t\tif($(target).hasClass('bg_teal')){\r\n\t\t\tif(!$('body').hasClass('has_bg_teal')){\r\n\t\t\t\t$('body').addClass('has_bg_teal');\r\n\t\t\t}\t\r\n\t\t}\r\n\t\t\r\n\t\tif($(target).hasClass('bg_middleblue')){\r\n\t\t\tif(!$('body').hasClass('has_bg_middleblue')){\r\n\t\t\t\t$('body').addClass('has_bg_middleblue');\r\n\t\t\t}\t\t\t\t\r\n\t\t}\t\t\t\r\n\t\t\r\n\t\t\r\n\t});\r\n<\/script>\t\n\n\r\n<section class=\"whitespace desktop_yes mobile_yes big bg_white\">\r\n<\/section>\n\n<section id=\"usps\" class=\"usps desktop_yes mobile_yes \">\r\n\t<div class=\"container\">\t\t\r\n\t\t<div class=\"row\">\r\n\t\t\t<div class=\"col-sm-12 col-md-12 col-lg-12\">\r\n\t\t\t\t\t\t\t\t\r\n\t\t\t\t<div id=\"usp_item_list\" class=\"owl-carousel inner\">\r\n\t\t\t\t\t\t\t\t\t\r\n\t\t\t\t\t<p class=\"usp_item\">\r\n\t\t\t\t\t\tLange Lebensdauer\t\t\t\t\t<\/p>\t\t\t\t\t\r\n\t\t\t\t\t\t\t\t\t\r\n\t\t\t\t\t<p class=\"usp_item\">\r\n\t\t\t\t\t\tFull-service\t\t\t\t\t<\/p>\t\t\t\t\t\r\n\t\t\t\t\t\t\t\t\t\r\n\t\t\t\t\t<p class=\"usp_item\">\r\n\t\t\t\t\t\tTechnische Beratung\t\t\t\t\t<\/p>\t\t\t\t\t\r\n\t\t\t\t\t\t\t\t\t\r\n\t\t\t\t\t<p class=\"usp_item\">\r\n\t\t\t\t\t\tWartungsarm\t\t\t\t\t<\/p>\t\t\t\t\t\r\n\t\t\t\t\t\t\t\t\t\r\n\t\t\t\t\t<p class=\"usp_item\">\r\n\t\t\t\t\t\tEnergiesparend\t\t\t\t\t<\/p>\t\t\t\t\t\r\n\t\t\t\t\t\t\t\t<\/div>\r\n\t\t\t\t\t\r\n\t\t\t<\/div>\r\n\t\t<\/div>\r\n\t<\/div>\t\r\n<\/section>\r\n\n\n\r\n<section class=\"whitespace desktop_yes mobile_yes big bg_white\">\r\n<\/section>\n\n\r\n<section class=\"whitespace desktop_yes mobile_yes middle bg_primary_50\">\r\n<\/section>\n\n<section class=\"tegeloverzicht_1 desktop_yes mobile_yes  bg_primary_50\">\r\n\t<div class=\"container\">\r\n\t\t<div class=\"row\">\r\n\t\t\r\n\t\t\t<div class=\"col-sm-12 col-md-12 col-lg-2 empty\">\r\n\t\t\t<\/div>\r\n\t\t\t\r\n\t\t\t<div class=\"col-sm-12 col-md-12 col-lg-8 text_align_center\">\r\n\t\t\t\t<h2>L\u00f6sungen f\u00fcr den Metall- und Automobilbau<\/h2>\t\t\t\t\r\n\t\t\t\t<p>Wir entwickeln, fertigen und liefern hochwertige Teilewaschanlagen und Palettenwaschanlagen f\u00fcr den Metall- und Automobilbau und bieten dar\u00fcber hinaus einen umfassenden Service.<\/p>\n\t\t\t\t\r\n\t\t\t\t\t\t\t\r\n\t\t\t<\/div>\r\n\r\n\t\t\t<div class=\"col-sm-12 col-md-12 col-lg-2 empty\">\r\n\t\t\t<\/div>\t\t\t\r\n\t\r\n\t\t<\/div>\r\n\t\t\r\n\t\t\t\t<div class=\"row tegels\">\r\n\t\t\t\t\t\t<div class=\"col-sm-12 col-md-6 col-lg-3 tegel\">\t\r\n\t\t\t\t\t\t\t<a href=\"https:\/\/www.numafa.com\/de\/produkte\/teilewaschanlage\/\" target=\"_self\">\r\n\t\t\t\t\t<div class=\"inner\">\r\n\t\t\t\t\t\t\t\r\n\t\t\t\t\t\t<div class=\"foto_wrap\">\r\n\t\t\t\t\t\t\t<div class=\"foto_inner\">\r\n\t\t\t\t\t\t\t\t<img decoding=\"async\" class=\"object_fit\" \t\t\t\t\t\t\t  \r\n\t\t\t\t\t\t\t\t  srcset=\"https:\/\/www.numafa.com\/wp-content\/uploads\/MMD-Solo-2-650x434.jpg 650w, https:\/\/www.numafa.com\/wp-content\/uploads\/MMD-Solo-2.jpg 1024w, https:\/\/www.numafa.com\/wp-content\/uploads\/MMD-Solo-2.jpg 1800w\" \t\t\t\t\t\t\t\t\t  \r\n\t\t\t\t\t\t\t\t  sizes=\"(max-width: 700px) 650px, (max-width: 1200px) 1024px, 1800px\"  \t  \r\n\t\t\t\t\t\t\t\t  src=\"https:\/\/www.numafa.com\/wp-content\/uploads\/MMD-Solo-2.jpg\" \r\n\t\t\t\t\t\t\t\t  width=\"1024\"\r\n\t\t\t\t\t\t\t\t  height=\"683\"\t\t\t\t\t\t\t  \r\n\t\t\t\t\t\t\t\t  alt=\"Metalas MMD\" \r\n\t\t\t\t\t\t\t\t\/>\r\n\t\t\t\t\t\t\t<\/div>\t\r\n\t\t\t\t\t\t<\/div>\r\n\t\t\t\t\t\t\t\t\t\t\t\t<div class=\"text_block bg_primary_50\">\r\n\t\t\t\t\t\t\t\t\t\t\t\t\t<h3>Teilewaschanlagen<\/h3>\r\n\t\t\t\t\t\t\t\t\t\t\t\t<\/div>\r\n\t\t\t\t\t<\/div>\r\n\t\t\t\t<\/a>\r\n\t\t\t\t\t\t\t<\/div>\r\n\t\t\t\t\t\t<div class=\"col-sm-12 col-md-6 col-lg-3 tegel\">\t\r\n\t\t\t\t\t\t\t<a href=\"https:\/\/www.numafa.com\/de\/produkte\/palettenwaschanlage\/\" target=\"_self\">\r\n\t\t\t\t\t<div class=\"inner\">\r\n\t\t\t\t\t\t\t\r\n\t\t\t\t\t\t<div class=\"foto_wrap\">\r\n\t\t\t\t\t\t\t<div class=\"foto_inner\">\r\n\t\t\t\t\t\t\t\t<img decoding=\"async\" class=\"object_fit\" \t\t\t\t\t\t\t  \r\n\t\t\t\t\t\t\t\t  srcset=\"https:\/\/www.numafa.com\/wp-content\/uploads\/Plastic-Layer-Pad-Washing-Machine-Semi-Automated-650x404.png 650w, https:\/\/www.numafa.com\/wp-content\/uploads\/Plastic-Layer-Pad-Washing-Machine-Semi-Automated.png 1024w, https:\/\/www.numafa.com\/wp-content\/uploads\/Plastic-Layer-Pad-Washing-Machine-Semi-Automated.png 1800w\" \t\t\t\t\t\t\t\t\t  \r\n\t\t\t\t\t\t\t\t  sizes=\"(max-width: 700px) 650px, (max-width: 1200px) 1024px, 1800px\"  \t  \r\n\t\t\t\t\t\t\t\t  src=\"https:\/\/www.numafa.com\/wp-content\/uploads\/Plastic-Layer-Pad-Washing-Machine-Semi-Automated.png\" \r\n\t\t\t\t\t\t\t\t  width=\"1024\"\r\n\t\t\t\t\t\t\t\t  height=\"636\"\t\t\t\t\t\t\t  \r\n\t\t\t\t\t\t\t\t  alt=\"Layer pad wasser semi-geautomatiseerd.\" \r\n\t\t\t\t\t\t\t\t\/>\r\n\t\t\t\t\t\t\t<\/div>\t\r\n\t\t\t\t\t\t<\/div>\r\n\t\t\t\t\t\t\t\t\t\t\t\t<div class=\"text_block bg_primary_50\">\r\n\t\t\t\t\t\t\t\t\t\t\t\t\t<h3>Palettenwaschanlagen<\/h3>\r\n\t\t\t\t\t\t\t\t\t\t\t\t<\/div>\r\n\t\t\t\t\t<\/div>\r\n\t\t\t\t<\/a>\r\n\t\t\t\t\t\t\t<\/div>\r\n\t\t\t\t\t\t<div class=\"col-sm-12 col-md-6 col-lg-3 tegel\">\t\r\n\t\t\t\t\t\t\t<a href=\"https:\/\/www.numafa.com\/de\/produkte\/trocknungsoptionen\/\" target=\"_self\">\r\n\t\t\t\t\t<div class=\"inner\">\r\n\t\t\t\t\t\t\t\r\n\t\t\t\t\t\t<div class=\"foto_wrap\">\r\n\t\t\t\t\t\t\t<div class=\"foto_inner\">\r\n\t\t\t\t\t\t\t\t<img decoding=\"async\" class=\"object_fit\" \t\t\t\t\t\t\t  \r\n\t\t\t\t\t\t\t\t  srcset=\"https:\/\/www.numafa.com\/wp-content\/uploads\/Centrifuge-foto-2-650x488.jpg 650w, https:\/\/www.numafa.com\/wp-content\/uploads\/Centrifuge-foto-2.jpg 1024w, https:\/\/www.numafa.com\/wp-content\/uploads\/Centrifuge-foto-2.jpg 1800w\" \t\t\t\t\t\t\t\t\t  \r\n\t\t\t\t\t\t\t\t  sizes=\"(max-width: 700px) 650px, (max-width: 1200px) 1024px, 1800px\"  \t  \r\n\t\t\t\t\t\t\t\t  src=\"https:\/\/www.numafa.com\/wp-content\/uploads\/Centrifuge-foto-2.jpg\" \r\n\t\t\t\t\t\t\t\t  width=\"1024\"\r\n\t\t\t\t\t\t\t\t  height=\"768\"\t\t\t\t\t\t\t  \r\n\t\t\t\t\t\t\t\t  alt=\"Centrifuge\" \r\n\t\t\t\t\t\t\t\t\/>\r\n\t\t\t\t\t\t\t<\/div>\t\r\n\t\t\t\t\t\t<\/div>\r\n\t\t\t\t\t\t\t\t\t\t\t\t<div class=\"text_block bg_primary_50\">\r\n\t\t\t\t\t\t\t\t\t\t\t\t\t<h3>Trocknungseinheiten und -systeme<\/h3>\r\n\t\t\t\t\t\t\t\t\t\t\t\t<\/div>\r\n\t\t\t\t\t<\/div>\r\n\t\t\t\t<\/a>\r\n\t\t\t\t\t\t\t<\/div>\r\n\t\t\t\t\t\t<div class=\"col-sm-12 col-md-6 col-lg-3 tegel\">\t\r\n\t\t\t\t\t\t\t<a href=\"https:\/\/www.numafa.com\/de\/produkte\/palettenwaschanlage\/pwm-go\/\" target=\"_self\">\r\n\t\t\t\t\t<div class=\"inner\">\r\n\t\t\t\t\t\t\t\r\n\t\t\t\t\t\t<div class=\"foto_wrap\">\r\n\t\t\t\t\t\t\t<div class=\"foto_inner\">\r\n\t\t\t\t\t\t\t\t<img decoding=\"async\" class=\"object_fit\" \t\t\t\t\t\t\t  \r\n\t\t\t\t\t\t\t\t  srcset=\"https:\/\/www.numafa.com\/wp-content\/uploads\/PWM-Go-650x520.png 650w, https:\/\/www.numafa.com\/wp-content\/uploads\/PWM-Go-1600x1280.png 1024w, https:\/\/www.numafa.com\/wp-content\/uploads\/PWM-Go-1600x1280.png 1800w\" \t\t\t\t\t\t\t\t\t  \r\n\t\t\t\t\t\t\t\t  sizes=\"(max-width: 700px) 650px, (max-width: 1200px) 1024px, 1800px\"  \t  \r\n\t\t\t\t\t\t\t\t  src=\"https:\/\/www.numafa.com\/wp-content\/uploads\/PWM-Go-1600x1280.png\" \r\n\t\t\t\t\t\t\t\t  width=\"1024\"\r\n\t\t\t\t\t\t\t\t  height=\"819\"\t\t\t\t\t\t\t  \r\n\t\t\t\t\t\t\t\t  alt=\"PWM GO pallet washer - Numafa\" \r\n\t\t\t\t\t\t\t\t\/>\r\n\t\t\t\t\t\t\t<\/div>\t\r\n\t\t\t\t\t\t<\/div>\r\n\t\t\t\t\t\t\t\t\t\t\t\t<div class=\"text_block bg_primary_50\">\r\n\t\t\t\t\t\t\t\t\t\t\t\t\t<h3>Palettenwaschanlage PWM GO<\/h3>\r\n\t\t\t\t\t\t\t\t\t\t\t\t<\/div>\r\n\t\t\t\t\t<\/div>\r\n\t\t\t\t<\/a>\r\n\t\t\t\t\t\t\t<\/div>\r\n\t\t\t\t\t<\/div>\r\n\t\t\t\t\r\n\t<\/div>\r\n<\/section>\n\n\r\n<section class=\"whitespace desktop_yes mobile_yes middle bg_primary_50\">\r\n<\/section>\n\n\r\n<section class=\"whitespace desktop_yes mobile_yes big bg_white\">\r\n<\/section>\n\n\r\n<section class=\"text text_foto desktop_yes mobile_yes  bg_white\">\r\n\t<div class=\"container\">\r\n\t\t<div class=\"row vertical_centered\">\r\n\t\t\r\n\t\t\t<div class=\"col-sm-12 col-md-12 col-lg-6 foto_links\">\r\n\t\t\t\t\r\n\t\t\t\t\t\t\t\t\r\n\t\t\t\t\t\t<img decoding=\"async\" class=\"object_fit\" \t\t\t\t\t\t\t  \r\n\t\t\t\t\t\t\t  srcset=\"https:\/\/www.numafa.com\/wp-content\/uploads\/Numafa-April2024-30-650x488.jpg 650w, https:\/\/www.numafa.com\/wp-content\/uploads\/Numafa-April2024-30-1200x900.jpg 1024w, https:\/\/www.numafa.com\/wp-content\/uploads\/Numafa-April2024-30-1600x1200.jpg 1800w\" \t\t\t\t\t\t\t\t\t  \r\n\t\t\t\t\t\t\t  sizes=\"(max-width: 700px) 650px, (max-width: 1200px) 1024px, 1800px\"  \t  \r\n\t\t\t\t\t\t\t  src=\"https:\/\/www.numafa.com\/wp-content\/uploads\/Numafa-April2024-30-1600x1200.jpg\" \r\n\t\t\t\t\t\t\t  width=\"1024\"\r\n\t\t\t\t\t\t\t  height=\"768\"\t\t\t\t\t\t\t  \r\n\t\t\t\t\t\t\t  alt=\"Technisches Detail Numafa-Maschine\" \r\n\t\t\t\t\t\t\t\/>\r\n\t\t\t\t\t\t\t\r\n\t\t\t\t\r\n\t\t\t\t\t\t\t<\/div>\r\n\t\t\t\r\n\t\t\t<div class=\"col-sm-12 col-md-1 col-lg-1 empty\">\r\n\t\t\t<\/div>\r\n\t\t\t\r\n\t\t\t<div class=\"col-sm-12 col-md-12 col-lg-5 text_rechts\">\r\n\t\t\t\t\t\t\t\t\t<div class=\"inner\">\r\n\t\t\t\t\t\t<h2>Zuverl\u00e4ssige und praxisorientierte L\u00f6sungen f\u00fcr jede Branche<\/h2>\t\t\t\t\t\t\r\n\t\t\t\t\t\t<p>Seit mehr als 40 Jahren entwickeln und bauen wir robuste Reinigungssysteme, die sich nahtlos in die komplexesten Produktionsprozesse integrieren lassen. Wir bieten L\u00f6sungen f\u00fcr den Metall- und Automobilbau, die <a href=\"https:\/\/www.numafa.com\/de\/branchen\/ernaehrung\/\">Food-Industrie<\/a>, die <a href=\"https:\/\/www.numafa.com\/de\/branchen\/chemische-industrie\/\">chemische Industrie<\/a>-, f\u00fcr <a href=\"#\">Anbieter von Pfandsystemen und Logistikdienstleistungen<\/a> und f\u00fcr die <a href=\"https:\/\/www.numafa.com\/de\/branchen\/glas-und-dosen\/\">Glas- und Dosenindustrie<\/a>. Vom Waschen und Trocknen \u00fcber die Automatisierung bis hin zum Auf- und Abstapeln sowie Palettieren und Depalettieren &#8211; wir haben f\u00fcr jede Branche eine solide und benutzerfreundliche L\u00f6sung.<\/p>\n\t\t\t\t\t\t\r\n\t\t\t\t\t\t<div class=\"cta bg_blue border_radius\"><a href=\"https:\/\/www.numafa.com\/de\/branchen\/\"><span style=\"font-weight: 400;\">Entdecken Sie unsere Branchen<\/span><\/a>\n<\/div>\t\t\t\t\t<\/div>\r\n\t\t\t\t\t\t\t<\/div>\r\n\t\t<\/div>\r\n\t<\/div>\r\n<\/section>\n\n\r\n<section class=\"whitespace desktop_yes mobile_yes big bg_white\">\r\n<\/section>\n\n\r\n<section class=\"text text_foto desktop_yes mobile_yes  bg_white\">\r\n\t<div class=\"container\">\r\n\t\t<div class=\"row vertical_centered sm_reverse_order\">\r\n\t\t\r\n\t\t\t<div class=\"col-sm-12 col-md-12 col-lg-5 text_links\">\r\n\t\t\t\t\r\n\t\t\t\t\t\t\t\t\t\r\n\t\t\t\t\t<div class=\"inner\">\r\n\t\t\t\t\t\t<h2>Service, der auf Vertrauen, Verst\u00e4ndnis und Kommunikation basiert<\/h2>\t\t\t\t\t\t\r\n\t\t\t\t\t\t<p>Numafa strebt nach langfristigen Partnerschaften und Zufriedenheit. In unseren Beziehungen zu unseren Kunden legen wir gro\u00dfen Wert auf Vertrauen, Verst\u00e4ndnis und Kommunikation. Wir bieten von Anfang bis Ende eine Rundumversorgung. Nach Lieferung eines Systems ist unser engagiertes Serviceteam f\u00fcr Sie da. Ganz egal, ob es um eine Serviceanfrage oder um eine Anfrage f\u00fcr Ersatzteile, eine \u00dcberholung oder um umweltfreundliche und nachhaltige Reinigungsprodukte geht, wir haben den Ehrgeiz, Ihnen stets die bestm\u00f6gliche Unterst\u00fctzung zu bieten.<\/p>\n\t\t\t\t\t\t\r\n\t\t\t\t\t\t<div class=\"cta bg_blue border_radius\"><a href=\"https:\/\/www.numafa.com\/de\/dienstleistungen\/\">Lernen Sie unsere Serviceoptionen kennen<\/a>\n<\/div>\t\t\t\t\t<\/div>\t\r\n\t\t\t\t\t\t\t<\/div>\r\n\t\t\t\r\n\t\t\t<div class=\"col-sm-12 col-md-1 col-lg-1 empty\">\r\n\t\t\t<\/div>\r\n\t\t\t\r\n\t\t\t<div class=\"col-sm-12 col-md-12 col-lg-6 foto_rechts\">\r\n\t\t\t\t\t\t\t\t\r\n\t\t\t\t\t\t<img decoding=\"async\" class=\"object_fit\" \t\t\t\t\t\t\t  \r\n\t\t\t\t\t\t\t  srcset=\"https:\/\/www.numafa.com\/wp-content\/uploads\/Numafa-April2024-24-650x488.jpg 650w, https:\/\/www.numafa.com\/wp-content\/uploads\/Numafa-April2024-24-1200x900.jpg 1024w, https:\/\/www.numafa.com\/wp-content\/uploads\/Numafa-April2024-24-1600x1200.jpg 1800w\" \t\t\t\t\t\t\t\t\t  \r\n\t\t\t\t\t\t\t  sizes=\"(max-width: 700px) 650px, (max-width: 1200px) 1024px, 1800px\"  \t  \r\n\t\t\t\t\t\t\t  src=\"https:\/\/www.numafa.com\/wp-content\/uploads\/Numafa-April2024-24-1600x1200.jpg\" \r\n\t\t\t\t\t\t\t  width=\"1024\"\r\n\t\t\t\t\t\t\t  height=\"768\"\t\t\t\t\t\t\t  \r\n\t\t\t\t\t\t\t  alt=\"Service medewerker van Numafa\" \r\n\t\t\t\t\t\t\t\/>\r\n\t\t\t\t\t\t\t\r\n\t\t\t\t\r\n\t\t\t\t\t\t\t<\/div>\r\n\t\t<\/div>\r\n\t<\/div>\r\n<\/section>\n\n\r\n<section class=\"whitespace desktop_yes mobile_yes middle bg_white\">\r\n<\/section>\n\n\r\n<section class=\"whitespace desktop_yes mobile_yes middle bg_white\">\r\n<\/section>\n\n\r\n<section class=\"cta_banner_2 desktop_yes mobile_yes \">\t\r\n\t\r\n\t<div class=\"container\">\r\n\t\t\r\n\t\t<div class=\"row no-gutters bg_primary_50\">\r\n\t\t\r\n\t\t\t<div class=\"col-sm-12 col-md-12 col-lg-8\">\r\n\r\n\t\t\t\t\t<div class=\"inner\">\r\n\t\t\t\t\t\t<h2 class=\"heading\">Sie ben\u00f6tigen Hilfe bei der Suche nach der richtigen L\u00f6sung? <\/h2>\t\t\t\t\t\t\r\n\t\t\t\t\t\t<p>\u2713 Erfahrene technische Berater.<br \/>\n\u2713 L\u00f6sungsorientierte individuelle Beratung.<\/p>\n\t\t\t\t\t\t\r\n\t\t\t\t\t\t<div class=\"cta bg_outline border_radius\"><a href=\"https:\/\/www.numafa.com\/de\/kontakt\/\">Wenden Sie sich einfach an unsere technischen Berater<\/a>\n&nbsp;\n<\/div>\t\t\t\t\t<\/div>\r\n\r\n\t\t\t<\/div>\r\n\t\t\t\t\t\t\r\n\t\t\t<div class=\"col-sm-12 col-md-12 col-lg-4\">\t\t\t\t\r\n\t\t\t\t<div class=\"foto_wrapper\">\r\n\t\t\t\t\t\t\t\t\t\t<img decoding=\"async\" class=\"object_fit\" \t\t\t\t\t\t\t  \r\n\t\t\t\t\t\t  srcset=\"https:\/\/www.numafa.com\/wp-content\/uploads\/Numafa-workshop-July-2024-19-e1727689081553.jpg 650w, https:\/\/www.numafa.com\/wp-content\/uploads\/Numafa-workshop-July-2024-19-e1727689081553.jpg 1024w, https:\/\/www.numafa.com\/wp-content\/uploads\/Numafa-workshop-July-2024-19-e1727689081553.jpg 1800w\" \t\t\t\t\t\t\t\t\t  \r\n\t\t\t\t\t\t  sizes=\"(max-width: 700px) 650px, (max-width: 1200px) 1024px, 1800px\"  \t  \r\n\t\t\t\t\t\t  src=\"https:\/\/www.numafa.com\/wp-content\/uploads\/Numafa-workshop-July-2024-19-e1727689081553.jpg\" \r\n\t\t\t\t\t\t  width=\"1024\"\r\n\t\t\t\t\t\t  height=\"768\"\t\t\t\t\t\t\t  \r\n\t\t\t\t\t\t  alt=\"Mitarbeiter stellt Maschine in der Werkstatt ein\" \r\n\t\t\t\t\t\t\/>\r\n\t\t\t\t\t\t\r\n\t\t\t\t<\/div>\r\n\t\t\t<\/div>\r\n\t\t<\/div>\r\n\t<\/div>\t\r\n\t\r\n<\/section>\n\n\r\n<section class=\"whitespace desktop_yes mobile_yes big bg_white\">\r\n<\/section>","protected":false},"excerpt":{"rendered":"","protected":false},"author":2,"featured_media":0,"parent":3344,"menu_order":0,"comment_status":"closed","ping_status":"closed","template":"","meta":{"_acf_changed":false,"inline_featured_image":false,"footnotes":""},"class_list":["post-3391","page","type-page","status-publish","hentry"],"acf":[],"yoast_head":"<!-- This site is optimized with the Yoast SEO plugin v26.7 - https:\/\/yoast.com\/wordpress\/plugins\/seo\/ -->\n<title>Metall- und Automobilbau | Numafa Cleaning &amp; Automation<\/title>\n<meta name=\"description\" content=\"Hygiene an industriellen Arbeitspl\u00e4tzen. Reinigung, Entfettung und Phosphatierung von Teilen und Paletten im Metall- und Automobilbau. Lesen Sie mehr.\" \/>\n<meta name=\"robots\" content=\"index, follow, max-snippet:-1, max-image-preview:large, max-video-preview:-1\" \/>\n<link rel=\"canonical\" href=\"https:\/\/www.numafa.com\/de\/branchen\/metall-und-automobilbau\/\" \/>\n<meta property=\"og:locale\" content=\"de_DE\" \/>\n<meta property=\"og:type\" content=\"article\" \/>\n<meta property=\"og:title\" content=\"Metall- und Automobilbau | Numafa Cleaning &amp; Automation\" \/>\n<meta property=\"og:description\" content=\"Hygiene an industriellen Arbeitspl\u00e4tzen. Reinigung, Entfettung und Phosphatierung von Teilen und Paletten im Metall- und Automobilbau. Lesen Sie mehr.\" \/>\n<meta property=\"og:url\" content=\"https:\/\/www.numafa.com\/de\/branchen\/metall-und-automobilbau\/\" \/>\n<meta property=\"og:site_name\" content=\"Numafa\" \/>\n<meta property=\"article:modified_time\" content=\"2026-01-05T13:18:53+00:00\" \/>\n<meta name=\"twitter:card\" content=\"summary_large_image\" \/>\n<meta name=\"twitter:label1\" content=\"Gesch\u00e4tzte Lesezeit\" \/>\n\t<meta name=\"twitter:data1\" content=\"3\u00a0Minuten\" \/>\n<script type=\"application\/ld+json\" class=\"yoast-schema-graph\">{\"@context\":\"https:\/\/schema.org\",\"@graph\":[{\"@type\":\"WebPage\",\"@id\":\"https:\/\/www.numafa.com\/de\/branchen\/metall-und-automobilbau\/\",\"url\":\"https:\/\/www.numafa.com\/de\/branchen\/metall-und-automobilbau\/\",\"name\":\"Metall- und Automobilbau | Numafa Cleaning & Automation\",\"isPartOf\":{\"@id\":\"https:\/\/www.numafa.com\/#website\"},\"datePublished\":\"2024-04-05T11:21:02+00:00\",\"dateModified\":\"2026-01-05T13:18:53+00:00\",\"description\":\"Hygiene an industriellen Arbeitspl\u00e4tzen. Reinigung, Entfettung und Phosphatierung von Teilen und Paletten im Metall- und Automobilbau. Lesen Sie mehr.\",\"breadcrumb\":{\"@id\":\"https:\/\/www.numafa.com\/de\/branchen\/metall-und-automobilbau\/#breadcrumb\"},\"inLanguage\":\"de\",\"potentialAction\":[{\"@type\":\"ReadAction\",\"target\":[\"https:\/\/www.numafa.com\/de\/branchen\/metall-und-automobilbau\/\"]}]},{\"@type\":\"BreadcrumbList\",\"@id\":\"https:\/\/www.numafa.com\/de\/branchen\/metall-und-automobilbau\/#breadcrumb\",\"itemListElement\":[{\"@type\":\"ListItem\",\"position\":1,\"name\":\"Home\",\"item\":\"https:\/\/www.numafa.com\/de\/\"},{\"@type\":\"ListItem\",\"position\":2,\"name\":\"Branchen\",\"item\":\"https:\/\/www.numafa.com\/de\/branchen\/\"},{\"@type\":\"ListItem\",\"position\":3,\"name\":\"Metall- und Automobilbau\"}]},{\"@type\":\"WebSite\",\"@id\":\"https:\/\/www.numafa.com\/#website\",\"url\":\"https:\/\/www.numafa.com\/\",\"name\":\"Numafa\",\"description\":\"\",\"potentialAction\":[{\"@type\":\"SearchAction\",\"target\":{\"@type\":\"EntryPoint\",\"urlTemplate\":\"https:\/\/www.numafa.com\/?s={search_term_string}\"},\"query-input\":{\"@type\":\"PropertyValueSpecification\",\"valueRequired\":true,\"valueName\":\"search_term_string\"}}],\"inLanguage\":\"de\"}]}<\/script>\n<!-- \/ Yoast SEO plugin. -->","yoast_head_json":{"title":"Metall- und Automobilbau | Numafa Cleaning & Automation","description":"Hygiene an industriellen Arbeitspl\u00e4tzen. Reinigung, Entfettung und Phosphatierung von Teilen und Paletten im Metall- und Automobilbau. Lesen Sie mehr.","robots":{"index":"index","follow":"follow","max-snippet":"max-snippet:-1","max-image-preview":"max-image-preview:large","max-video-preview":"max-video-preview:-1"},"canonical":"https:\/\/www.numafa.com\/de\/branchen\/metall-und-automobilbau\/","og_locale":"de_DE","og_type":"article","og_title":"Metall- und Automobilbau | Numafa Cleaning & Automation","og_description":"Hygiene an industriellen Arbeitspl\u00e4tzen. Reinigung, Entfettung und Phosphatierung von Teilen und Paletten im Metall- und Automobilbau. Lesen Sie mehr.","og_url":"https:\/\/www.numafa.com\/de\/branchen\/metall-und-automobilbau\/","og_site_name":"Numafa","article_modified_time":"2026-01-05T13:18:53+00:00","twitter_card":"summary_large_image","twitter_misc":{"Gesch\u00e4tzte Lesezeit":"3\u00a0Minuten"},"schema":{"@context":"https:\/\/schema.org","@graph":[{"@type":"WebPage","@id":"https:\/\/www.numafa.com\/de\/branchen\/metall-und-automobilbau\/","url":"https:\/\/www.numafa.com\/de\/branchen\/metall-und-automobilbau\/","name":"Metall- und Automobilbau | Numafa Cleaning & Automation","isPartOf":{"@id":"https:\/\/www.numafa.com\/#website"},"datePublished":"2024-04-05T11:21:02+00:00","dateModified":"2026-01-05T13:18:53+00:00","description":"Hygiene an industriellen Arbeitspl\u00e4tzen. Reinigung, Entfettung und Phosphatierung von Teilen und Paletten im Metall- und Automobilbau. Lesen Sie mehr.","breadcrumb":{"@id":"https:\/\/www.numafa.com\/de\/branchen\/metall-und-automobilbau\/#breadcrumb"},"inLanguage":"de","potentialAction":[{"@type":"ReadAction","target":["https:\/\/www.numafa.com\/de\/branchen\/metall-und-automobilbau\/"]}]},{"@type":"BreadcrumbList","@id":"https:\/\/www.numafa.com\/de\/branchen\/metall-und-automobilbau\/#breadcrumb","itemListElement":[{"@type":"ListItem","position":1,"name":"Home","item":"https:\/\/www.numafa.com\/de\/"},{"@type":"ListItem","position":2,"name":"Branchen","item":"https:\/\/www.numafa.com\/de\/branchen\/"},{"@type":"ListItem","position":3,"name":"Metall- und Automobilbau"}]},{"@type":"WebSite","@id":"https:\/\/www.numafa.com\/#website","url":"https:\/\/www.numafa.com\/","name":"Numafa","description":"","potentialAction":[{"@type":"SearchAction","target":{"@type":"EntryPoint","urlTemplate":"https:\/\/www.numafa.com\/?s={search_term_string}"},"query-input":{"@type":"PropertyValueSpecification","valueRequired":true,"valueName":"search_term_string"}}],"inLanguage":"de"}]}},"_links":{"self":[{"href":"https:\/\/www.numafa.com\/de\/wp-json\/wp\/v2\/pages\/3391","targetHints":{"allow":["GET"]}}],"collection":[{"href":"https:\/\/www.numafa.com\/de\/wp-json\/wp\/v2\/pages"}],"about":[{"href":"https:\/\/www.numafa.com\/de\/wp-json\/wp\/v2\/types\/page"}],"author":[{"embeddable":true,"href":"https:\/\/www.numafa.com\/de\/wp-json\/wp\/v2\/users\/2"}],"replies":[{"embeddable":true,"href":"https:\/\/www.numafa.com\/de\/wp-json\/wp\/v2\/comments?post=3391"}],"version-history":[{"count":0,"href":"https:\/\/www.numafa.com\/de\/wp-json\/wp\/v2\/pages\/3391\/revisions"}],"up":[{"embeddable":true,"href":"https:\/\/www.numafa.com\/de\/wp-json\/wp\/v2\/pages\/3344"}],"wp:attachment":[{"href":"https:\/\/www.numafa.com\/de\/wp-json\/wp\/v2\/media?parent=3391"}],"curies":[{"name":"wp","href":"https:\/\/api.w.org\/{rel}","templated":true}]}}