{"id":3394,"date":"2024-04-05T11:30:01","date_gmt":"2024-04-05T11:30:01","guid":{"rendered":"https:\/\/www.numafa.com\/branchen\/chemie\/"},"modified":"2026-01-05T13:21:28","modified_gmt":"2026-01-05T13:21:28","slug":"chemische-industrie","status":"publish","type":"page","link":"https:\/\/www.numafa.com\/de\/branchen\/chemische-industrie\/","title":{"rendered":"Chemische Industrie"},"content":{"rendered":"\r\n<section id=\"hero_1\" class=\"text_header desktop_yes mobile_yes  bg_middleblue\">\r\n\t\r\n\t<div class=\"container\">\r\n\t\t<div class=\"row no-gutters\">\r\n\t\t\r\n\t\t\t<div class=\"col-sm-12 col-md-12 col-lg-7 text_links\">\r\n\t\t\t\t\r\n\t\t\t\t\t\t\t\t\t\r\n\t\t\t\t\t<div class=\"outer\">\r\n\t\t\t\t\t\t<div class=\"inner\">\r\n\t\t\t\t\t\t\t<h2 class=\"subtitle\">Chemische Industrie<\/h2><h1>Sichere Reinigungsl\u00f6sungen f\u00fcr die chemische Industrie<\/h1>\t\t\t\t\t\t\t\r\n\t\t\t\t\t\t\t<p>Unsere praxisorientierten und automatisierten L\u00f6sungen gew\u00e4hrleisten ein sicheres und gr\u00fcndliches Sp\u00fclen und Reinigen von Kanistern, F\u00e4ssern, Tonnen und IBCc\/Fl\u00fcssigkeitsbeh\u00e4ltern. Fl\u00fcssigkeitsreste und D\u00e4mpfe werden auf sichere Weise gesammelt und abgef\u00fchrt. Die Reinigungsl\u00f6sungen von Numafa k\u00f6nnen ganz oder teilweise aus Edelstahl 316 oder Kunststoff gefertigt werden und sind ganz und gar auf die hohen Anforderungen der chemischen Industrie zugeschnitten.<\/p>\n\t\t\t\t\t\t\t\r\n\t\t\t\t\t\t\t<div class=\"cta bg_white border_radius\"><a href=\"https:\/\/www.numafa.com\/de\/kontakt\/\">Informationen anfordern<\/a>\n<\/div>\t\t\t\t\t\t<\/div>\r\n\t\t\t\t\t<\/div>\t\r\n\t\t\t\t\t\t\t<\/div>\r\n\t\t\t\r\n\t\t\t<div class=\"col-sm-12 col-md-12 col-lg-1 empty\">\r\n\t\t\t<\/div>\r\n\t\t\t\r\n\t\t\t<div class=\"col-sm-12 col-md-12 col-lg-4 foto_rechts\">\r\n\t\t\t\t\t\t\t\t\t<div class=\"foto_wrapper\">\r\n\t\t\t\t\t\t<img decoding=\"async\" class=\"object_fit\" \t\t\t\t\t\t\t  \r\n\t\t\t\t\t\t\t  srcset=\"https:\/\/www.numafa.com\/wp-content\/uploads\/crystal-kwok-mhUsz2ezlXQ-unsplash-650x433.jpg 650w, https:\/\/www.numafa.com\/wp-content\/uploads\/crystal-kwok-mhUsz2ezlXQ-unsplash-1200x800.jpg 1024w, https:\/\/www.numafa.com\/wp-content\/uploads\/crystal-kwok-mhUsz2ezlXQ-unsplash-1600x1067.jpg 1800w\" \t\t\t\t\t\t\t\t\t  \r\n\t\t\t\t\t\t\t  sizes=\"(max-width: 700px) 650px, (max-width: 1200px) 1024px, 1800px\"  \t  \r\n\t\t\t\t\t\t\t  src=\"https:\/\/www.numafa.com\/wp-content\/uploads\/crystal-kwok-mhUsz2ezlXQ-unsplash-1600x1067.jpg\" \r\n\t\t\t\t\t\t\t  width=\"1024\"\r\n\t\t\t\t\t\t\t  height=\"683\"\t\t\t\t\t\t\t  \r\n\t\t\t\t\t\t\t  alt=\"Reinigingsoplossing voor de chemie \" \r\n\t\t\t\t\t\t\t\/>\r\n\t\t\t\t\t<\/div>\r\n\t\t\t\t\r\n\t\t\t\t\t\t\t<\/div>\r\n\t\t<\/div>\r\n\t<\/div>\t\t\r\n<\/section>\r\n\r\n\r\n<script>\r\n\tjQuery(document).ready(function($){\r\n\t\t\r\n\t\tif($('#scroll_to').length){\r\n\t\t\r\n\t\t\t$('#scroll_to').on('click', function(){ \r\n\t\t\t\t\t\t\t\r\n\t\t\t\tvar height = $('#botbar_row').height();\r\n\t\t\t\t\tlink = $(this).attr('href');\r\n\t\t\t\t\t\t\t\t\t\r\n\t\t\t\t\r\n\t\t\t\tif($(window).width() <= 768){\r\n\t\t\t\t\theight = $('#header').height();\r\n\t\t\t\t}\r\n\t\t\t\t\r\n\t\t\t\t\r\n\t\t\t\tif($('#wpadminbar').length){\r\n\t\t\t\t\tif($('#wpadminbar').is(':visible')){\r\n\t\t\t\t\t\theight = height + $('#wpadminbar').height();\r\n\t\t\t\t\t}\r\n\t\t\t\t}\r\n\t\t\t\t\r\n\t\t\t\t$('html, body').animate({\r\n\t\t\t\t\tscrollTop: $(link).offset().top - (height - 1)+'px'\r\n\t\t\t\t}, 500);\r\n\t\t\t\t\r\n\t\t\t\treturn false;\r\n\t\t\t\t\r\n\t\t\t});\r\n\t\t}\r\n\t\t\r\n\t\tvar target = $('#breadcrumbs_section').next('section');\r\n\t\t\r\n\t\tif($(target).hasClass('bg_teal')){\r\n\t\t\tif(!$('body').hasClass('has_bg_teal')){\r\n\t\t\t\t$('body').addClass('has_bg_teal');\r\n\t\t\t}\t\r\n\t\t}\r\n\t\t\r\n\t\tif($(target).hasClass('bg_middleblue')){\r\n\t\t\tif(!$('body').hasClass('has_bg_middleblue')){\r\n\t\t\t\t$('body').addClass('has_bg_middleblue');\r\n\t\t\t}\t\t\t\t\r\n\t\t}\t\t\t\r\n\t\t\r\n\t\t\r\n\t});\r\n<\/script>\t\n\n\r\n<section class=\"whitespace desktop_yes mobile_yes big bg_white\">\r\n<\/section>\n\n<section id=\"usps\" class=\"usps desktop_yes mobile_yes \">\r\n\t<div class=\"container\">\t\t\r\n\t\t<div class=\"row\">\r\n\t\t\t<div class=\"col-sm-12 col-md-12 col-lg-12\">\r\n\t\t\t\t\t\t\t\t\r\n\t\t\t\t<div id=\"usp_item_list\" class=\"owl-carousel inner\">\r\n\t\t\t\t\t\t\t\t\t\r\n\t\t\t\t\t<p class=\"usp_item\">\r\n\t\t\t\t\t\tLange Lebensdauer\t\t\t\t\t<\/p>\t\t\t\t\t\r\n\t\t\t\t\t\t\t\t\t\r\n\t\t\t\t\t<p class=\"usp_item\">\r\n\t\t\t\t\t\tFull-service\t\t\t\t\t<\/p>\t\t\t\t\t\r\n\t\t\t\t\t\t\t\t\t\r\n\t\t\t\t\t<p class=\"usp_item\">\r\n\t\t\t\t\t\tTechnische Beratung\t\t\t\t\t<\/p>\t\t\t\t\t\r\n\t\t\t\t\t\t\t\t\t\r\n\t\t\t\t\t<p class=\"usp_item\">\r\n\t\t\t\t\t\tWartungsarm\t\t\t\t\t<\/p>\t\t\t\t\t\r\n\t\t\t\t\t\t\t\t\t\r\n\t\t\t\t\t<p class=\"usp_item\">\r\n\t\t\t\t\t\tEnergiesparend\t\t\t\t\t<\/p>\t\t\t\t\t\r\n\t\t\t\t\t\t\t\t<\/div>\r\n\t\t\t\t\t\r\n\t\t\t<\/div>\r\n\t\t<\/div>\r\n\t<\/div>\t\r\n<\/section>\r\n\n\n\r\n<section class=\"whitespace desktop_yes mobile_yes big bg_white\">\r\n<\/section>\n\n\r\n<section class=\"whitespace desktop_yes mobile_yes middle bg_primary_50\">\r\n<\/section>\n\n<section class=\"tegeloverzicht_1 desktop_yes mobile_yes  bg_primary_50\">\r\n\t<div class=\"container\">\r\n\t\t<div class=\"row\">\r\n\t\t\r\n\t\t\t<div class=\"col-sm-12 col-md-12 col-lg-2 empty\">\r\n\t\t\t<\/div>\r\n\t\t\t\r\n\t\t\t<div class=\"col-sm-12 col-md-12 col-lg-8 text_align_center\">\r\n\t\t\t\t<h2>L\u00f6sungen f\u00fcr die chemische Industrie<\/h2>\t\t\t\t\r\n\t\t\t\t<p>Wir entwickeln, fertigen und liefern hochwertige Reinigungssysteme f\u00fcr die chemische Industrie und bieten dar\u00fcber hinaus einen umfassenden Service.<\/p>\n\t\t\t\t\r\n\t\t\t\t\t\t\t\r\n\t\t\t<\/div>\r\n\r\n\t\t\t<div class=\"col-sm-12 col-md-12 col-lg-2 empty\">\r\n\t\t\t<\/div>\t\t\t\r\n\t\r\n\t\t<\/div>\r\n\t\t\r\n\t\t\t\t<div class=\"row tegels\">\r\n\t\t\t\t\t\t<div class=\"col-sm-12 col-md-6 col-lg-3 tegel\">\t\r\n\t\t\t\t\t\t\t<a href=\"https:\/\/www.numafa.com\/de\/produkte\/kistenwaschanlagen\/\" target=\"_self\">\r\n\t\t\t\t\t<div class=\"inner\">\r\n\t\t\t\t\t\t\t\r\n\t\t\t\t\t\t<div class=\"foto_wrap\">\r\n\t\t\t\t\t\t\t<div class=\"foto_inner\">\r\n\t\t\t\t\t\t\t\t<img decoding=\"async\" class=\"object_fit\" \t\t\t\t\t\t\t  \r\n\t\t\t\t\t\t\t\t  srcset=\"https:\/\/www.numafa.com\/wp-content\/uploads\/ECM-50-tot-1000-kratten-per-uur-650x366.jpg 650w, https:\/\/www.numafa.com\/wp-content\/uploads\/ECM-50-tot-1000-kratten-per-uur-e1715948890271.jpg 1024w, https:\/\/www.numafa.com\/wp-content\/uploads\/ECM-50-tot-1000-kratten-per-uur-e1715948890271.jpg 1800w\" \t\t\t\t\t\t\t\t\t  \r\n\t\t\t\t\t\t\t\t  sizes=\"(max-width: 700px) 650px, (max-width: 1200px) 1024px, 1800px\"  \t  \r\n\t\t\t\t\t\t\t\t  src=\"https:\/\/www.numafa.com\/wp-content\/uploads\/ECM-50-tot-1000-kratten-per-uur-e1715948890271.jpg\" \r\n\t\t\t\t\t\t\t\t  width=\"1024\"\r\n\t\t\t\t\t\t\t\t  height=\"576\"\t\t\t\t\t\t\t  \r\n\t\t\t\t\t\t\t\t  alt=\"Eco clean master\" \r\n\t\t\t\t\t\t\t\t\/>\r\n\t\t\t\t\t\t\t<\/div>\t\r\n\t\t\t\t\t\t<\/div>\r\n\t\t\t\t\t\t\t\t\t\t\t\t<div class=\"text_block bg_primary_50\">\r\n\t\t\t\t\t\t\t\t\t\t\t\t\t<h3>Kistenwaschanlagen<\/h3>\r\n\t\t\t\t\t\t\t\t\t\t\t\t<\/div>\r\n\t\t\t\t\t<\/div>\r\n\t\t\t\t<\/a>\r\n\t\t\t\t\t\t\t<\/div>\r\n\t\t\t\t\t\t<div class=\"col-sm-12 col-md-6 col-lg-3 tegel\">\t\r\n\t\t\t\t\t\t\t<a href=\"https:\/\/www.numafa.com\/de\/produkte\/containerwaschanlage\/\" target=\"_self\">\r\n\t\t\t\t\t<div class=\"inner\">\r\n\t\t\t\t\t\t\t\r\n\t\t\t\t\t\t<div class=\"foto_wrap\">\r\n\t\t\t\t\t\t\t<div class=\"foto_inner\">\r\n\t\t\t\t\t\t\t\t<img decoding=\"async\" class=\"object_fit\" \t\t\t\t\t\t\t  \r\n\t\t\t\t\t\t\t\t  srcset=\"https:\/\/www.numafa.com\/wp-content\/uploads\/CWM-1000-650x433.jpeg 650w, https:\/\/www.numafa.com\/wp-content\/uploads\/CWM-1000-1600x1067.jpeg 1024w, https:\/\/www.numafa.com\/wp-content\/uploads\/CWM-1000-1600x1067.jpeg 1800w\" \t\t\t\t\t\t\t\t\t  \r\n\t\t\t\t\t\t\t\t  sizes=\"(max-width: 700px) 650px, (max-width: 1200px) 1024px, 1800px\"  \t  \r\n\t\t\t\t\t\t\t\t  src=\"https:\/\/www.numafa.com\/wp-content\/uploads\/CWM-1000-1600x1067.jpeg\" \r\n\t\t\t\t\t\t\t\t  width=\"1024\"\r\n\t\t\t\t\t\t\t\t  height=\"683\"\t\t\t\t\t\t\t  \r\n\t\t\t\t\t\t\t\t  alt=\"CWM 1000\" \r\n\t\t\t\t\t\t\t\t\/>\r\n\t\t\t\t\t\t\t<\/div>\t\r\n\t\t\t\t\t\t<\/div>\r\n\t\t\t\t\t\t\t\t\t\t\t\t<div class=\"text_block bg_primary_50\">\r\n\t\t\t\t\t\t\t\t\t\t\t\t\t<h3>Standardwagen und Containerwaschanlagen<\/h3>\r\n\t\t\t\t\t\t\t\t\t\t\t\t<\/div>\r\n\t\t\t\t\t<\/div>\r\n\t\t\t\t<\/a>\r\n\t\t\t\t\t\t\t<\/div>\r\n\t\t\t\t\t\t<div class=\"col-sm-12 col-md-6 col-lg-3 tegel\">\t\r\n\t\t\t\t\t\t\t<a href=\"https:\/\/www.numafa.com\/de\/produkte\/palettenwaschanlage\/\" target=\"_self\">\r\n\t\t\t\t\t<div class=\"inner\">\r\n\t\t\t\t\t\t\t\r\n\t\t\t\t\t\t<div class=\"foto_wrap\">\r\n\t\t\t\t\t\t\t<div class=\"foto_inner\">\r\n\t\t\t\t\t\t\t\t<img decoding=\"async\" class=\"object_fit\" \t\t\t\t\t\t\t  \r\n\t\t\t\t\t\t\t\t  srcset=\"https:\/\/www.numafa.com\/wp-content\/uploads\/Palletwasser-horizontaal-650x366.jpg 650w, https:\/\/www.numafa.com\/wp-content\/uploads\/Palletwasser-horizontaal-e1715949113869.jpg 1024w, https:\/\/www.numafa.com\/wp-content\/uploads\/Palletwasser-horizontaal-e1715949113869.jpg 1800w\" \t\t\t\t\t\t\t\t\t  \r\n\t\t\t\t\t\t\t\t  sizes=\"(max-width: 700px) 650px, (max-width: 1200px) 1024px, 1800px\"  \t  \r\n\t\t\t\t\t\t\t\t  src=\"https:\/\/www.numafa.com\/wp-content\/uploads\/Palletwasser-horizontaal-e1715949113869.jpg\" \r\n\t\t\t\t\t\t\t\t  width=\"1024\"\r\n\t\t\t\t\t\t\t\t  height=\"576\"\t\t\t\t\t\t\t  \r\n\t\t\t\t\t\t\t\t  alt=\"Palletwasser horizontaal\" \r\n\t\t\t\t\t\t\t\t\/>\r\n\t\t\t\t\t\t\t<\/div>\t\r\n\t\t\t\t\t\t<\/div>\r\n\t\t\t\t\t\t\t\t\t\t\t\t<div class=\"text_block bg_primary_50\">\r\n\t\t\t\t\t\t\t\t\t\t\t\t\t<h3>Palettenwaschanlagen<\/h3>\r\n\t\t\t\t\t\t\t\t\t\t\t\t<\/div>\r\n\t\t\t\t\t<\/div>\r\n\t\t\t\t<\/a>\r\n\t\t\t\t\t\t\t<\/div>\r\n\t\t\t\t\t<\/div>\r\n\t\t\t\t\r\n\t<\/div>\r\n<\/section>\n\n\r\n<section class=\"whitespace desktop_yes mobile_yes middle bg_primary_50\">\r\n<\/section>\n\n\r\n<section class=\"whitespace desktop_yes mobile_yes big bg_white\">\r\n<\/section>\n\n\r\n<section class=\"text text_foto desktop_yes mobile_yes  bg_white\">\r\n\t<div class=\"container\">\r\n\t\t<div class=\"row vertical_centered sm_reverse_order\">\r\n\t\t\r\n\t\t\t<div class=\"col-sm-12 col-md-12 col-lg-5 text_links\">\r\n\t\t\t\t\r\n\t\t\t\t\t\t\t\t\t\r\n\t\t\t\t\t<div class=\"inner\">\r\n\t\t\t\t\t\t<h2>Configure-to-Order-Waschmaschinen f\u00fcr die chemische Industrie<\/h2>\t\t\t\t\t\t\r\n\t\t\t\t\t\t<p>In dieser Branche sind Sicherheit, Pr\u00e4zision und Prozesskontrolle unverzichtbar. Die GO Linie von Numafa bietet kompakte Configure-to-Order-Waschmaschinen, die sich einfach in bestehende Prozesse integrieren lassen. Jede Anlage ist f\u00fcr den intensiven industriellen Einsatz ausgelegt und auf die spezifischen Anforderungen Ihres Produktionsstandorts abgestimmt. Unsere GO Linien L\u00f6sungen:<\/p>\n<ul>\n<li><a href=\"https:\/\/www.numafa.com\/de\/produkte\/kistenwaschanlagen\/ecm-go\/\">Kistenwaschmaschine ECM GO<\/a><\/li>\n<li><a href=\"https:\/\/www.numafa.com\/de\/produkte\/containerwaschanlage\/cwm-go\/\">Containerwaschmaschine CWM GO<\/a><\/li>\n<li><a href=\"https:\/\/www.numafa.com\/de\/produkte\/palettenwaschanlage\/pwm-go\/\">Palettenwaschmaschine PWM GO<\/a><\/li>\n<\/ul>\n\t\t\t\t\t\t\r\n\t\t\t\t\t\t\t\t\t\t\t<\/div>\t\r\n\t\t\t\t\t\t\t<\/div>\r\n\t\t\t\r\n\t\t\t<div class=\"col-sm-12 col-md-1 col-lg-1 empty\">\r\n\t\t\t<\/div>\r\n\t\t\t\r\n\t\t\t<div class=\"col-sm-12 col-md-12 col-lg-6 foto_rechts\">\r\n\t\t\t\t\t\t\t\t\r\n\t\t\t\t\t\t<img decoding=\"async\" class=\"object_fit\" \t\t\t\t\t\t\t  \r\n\t\t\t\t\t\t\t  srcset=\"https:\/\/www.numafa.com\/wp-content\/uploads\/Numafa-April2024-6-2-650x488.jpg 650w, https:\/\/www.numafa.com\/wp-content\/uploads\/Numafa-April2024-6-2-1200x900.jpg 1024w, https:\/\/www.numafa.com\/wp-content\/uploads\/Numafa-April2024-6-2-1600x1200.jpg 1800w\" \t\t\t\t\t\t\t\t\t  \r\n\t\t\t\t\t\t\t  sizes=\"(max-width: 700px) 650px, (max-width: 1200px) 1024px, 1800px\"  \t  \r\n\t\t\t\t\t\t\t  src=\"https:\/\/www.numafa.com\/wp-content\/uploads\/Numafa-April2024-6-2-1600x1200.jpg\" \r\n\t\t\t\t\t\t\t  width=\"1024\"\r\n\t\t\t\t\t\t\t  height=\"768\"\t\t\t\t\t\t\t  \r\n\t\t\t\t\t\t\t  alt=\"Fabriek Numafa washers\" \r\n\t\t\t\t\t\t\t\/>\r\n\t\t\t\t\t\t\t\r\n\t\t\t\t\r\n\t\t\t\t\t\t\t<\/div>\r\n\t\t<\/div>\r\n\t<\/div>\r\n<\/section>\n\n\r\n<section class=\"whitespace desktop_yes mobile_yes big bg_white\">\r\n<\/section>\n\n\r\n<section class=\"text text_foto desktop_yes mobile_yes  bg_white\">\r\n\t<div class=\"container\">\r\n\t\t<div class=\"row vertical_centered\">\r\n\t\t\r\n\t\t\t<div class=\"col-sm-12 col-md-12 col-lg-6 foto_links\">\r\n\t\t\t\t\r\n\t\t\t\t\t\t\t\t\r\n\t\t\t\t\t\t<img decoding=\"async\" class=\"object_fit\" \t\t\t\t\t\t\t  \r\n\t\t\t\t\t\t\t  srcset=\"https:\/\/www.numafa.com\/wp-content\/uploads\/Numafa-April2024-39-650x488.jpg 650w, https:\/\/www.numafa.com\/wp-content\/uploads\/Numafa-April2024-39-1200x900.jpg 1024w, https:\/\/www.numafa.com\/wp-content\/uploads\/Numafa-April2024-39-1600x1200.jpg 1800w\" \t\t\t\t\t\t\t\t\t  \r\n\t\t\t\t\t\t\t  sizes=\"(max-width: 700px) 650px, (max-width: 1200px) 1024px, 1800px\"  \t  \r\n\t\t\t\t\t\t\t  src=\"https:\/\/www.numafa.com\/wp-content\/uploads\/Numafa-April2024-39-1600x1200.jpg\" \r\n\t\t\t\t\t\t\t  width=\"1024\"\r\n\t\t\t\t\t\t\t  height=\"768\"\t\t\t\t\t\t\t  \r\n\t\t\t\t\t\t\t  alt=\"Krat in krattenwasser.\" \r\n\t\t\t\t\t\t\t\/>\r\n\t\t\t\t\t\t\t\r\n\t\t\t\t\r\n\t\t\t\t\t\t\t<\/div>\r\n\t\t\t\r\n\t\t\t<div class=\"col-sm-12 col-md-1 col-lg-1 empty\">\r\n\t\t\t<\/div>\r\n\t\t\t\r\n\t\t\t<div class=\"col-sm-12 col-md-12 col-lg-5 text_rechts\">\r\n\t\t\t\t\t\t\t\t\t<div class=\"inner\">\r\n\t\t\t\t\t\t<h2>Benutzerfreundliche Systeme f\u00fcr die Food- und Non-Food-Industrie<\/h2>\t\t\t\t\t\t\r\n\t\t\t\t\t\t<p>Unsere Reinigungssysteme sind robust, einfach zu bedienen und wartungsarm. Seit \u00fcber 40 Jahren fertigen und liefern wir Systeme f\u00fcr eine Vielzahl von Branchen. Dazu geh\u00f6ren etwa die <a href=\"https:\/\/www.numafa.com\/de\/branchen\/ernaehrung\/\">Food-Industrie<\/a>, der <a href=\"https:\/\/www.numafa.com\/de\/branchen\/metall-und-automobilbau\/\">Metall- und Automobilbau<\/a>, <a href=\"https:\/\/www.numafa.com\/de\/branchen\/anbieter-von-pfandsystemen-und-logistikdienstleistungen\/\">Anbieter von Pfandsystemen und Logistikdienstleistungen<\/a> und die <a href=\"https:\/\/www.numafa.com\/de\/branchen\/glas-und-dosen\/\">Glas- und Dosenindustrie<\/a>. Ob Waschen, Trocknen, Automatisieren, Auf- und Abstapeln oder Palettieren und Depalettieren, unsere praxisorientierten Systeme bieten in jeder Branche einen Mehrwert.<\/p>\n\t\t\t\t\t\t\r\n\t\t\t\t\t\t<div class=\"cta bg_blue border_radius\"><a href=\"https:\/\/www.numafa.com\/de\/branchen\/\">Entdecken Sie unsere Branchen<\/a>\n<\/div>\t\t\t\t\t<\/div>\r\n\t\t\t\t\t\t\t<\/div>\r\n\t\t<\/div>\r\n\t<\/div>\r\n<\/section>\n\n\r\n<section class=\"whitespace desktop_yes mobile_yes big bg_white\">\r\n<\/section>\n\n\r\n<section class=\"text text_foto desktop_yes mobile_yes  bg_white\">\r\n\t<div class=\"container\">\r\n\t\t<div class=\"row vertical_centered sm_reverse_order\">\r\n\t\t\r\n\t\t\t<div class=\"col-sm-12 col-md-12 col-lg-5 text_links\">\r\n\t\t\t\t\r\n\t\t\t\t\t\t\t\t\t\r\n\t\t\t\t\t<div class=\"inner\">\r\n\t\t\t\t\t\t<h2>Rundumversorgung auf der Grundlage von Erfahrung und Fachwissen<\/h2>\t\t\t\t\t\t\r\n\t\t\t\t\t\t<p>Numafa bietet eine Rundumversorgung. Ob vor, w\u00e4hrend oder nach der Lieferung eines Systems, wir legen gr\u00f6\u00dften Wert auf Service. Unsere Serviceabteilung verf\u00fcgt \u00fcber die Kenntnisse, F\u00e4higkeiten und Erfahrungen, die erforderlich sind, um Sie umfassend unterst\u00fctzen zu k\u00f6nnen. Von Serviceanfragen \u00fcber Anfragen nach Ersatzteilen bis hin zu \u00dcberholungen und Reinigungsprodukten &#8211; wir helfen Ihnen schnell und kompetent weiter.<\/p>\n\t\t\t\t\t\t\r\n\t\t\t\t\t\t<div class=\"cta bg_blue border_radius\"><a href=\"https:\/\/www.numafa.com\/de\/dienstleistungen\/\">Lernen Sie unsere Serviceoptionen kennen<\/a>\n<\/div>\t\t\t\t\t<\/div>\t\r\n\t\t\t\t\t\t\t<\/div>\r\n\t\t\t\r\n\t\t\t<div class=\"col-sm-12 col-md-1 col-lg-1 empty\">\r\n\t\t\t<\/div>\r\n\t\t\t\r\n\t\t\t<div class=\"col-sm-12 col-md-12 col-lg-6 foto_rechts\">\r\n\t\t\t\t\t\t\t\t\r\n\t\t\t\t\t\t<img decoding=\"async\" class=\"object_fit\" \t\t\t\t\t\t\t  \r\n\t\t\t\t\t\t\t  srcset=\"https:\/\/www.numafa.com\/wp-content\/uploads\/Numafa-April2024-24-650x488.jpg 650w, https:\/\/www.numafa.com\/wp-content\/uploads\/Numafa-April2024-24-1200x900.jpg 1024w, https:\/\/www.numafa.com\/wp-content\/uploads\/Numafa-April2024-24-1600x1200.jpg 1800w\" \t\t\t\t\t\t\t\t\t  \r\n\t\t\t\t\t\t\t  sizes=\"(max-width: 700px) 650px, (max-width: 1200px) 1024px, 1800px\"  \t  \r\n\t\t\t\t\t\t\t  src=\"https:\/\/www.numafa.com\/wp-content\/uploads\/Numafa-April2024-24-1600x1200.jpg\" \r\n\t\t\t\t\t\t\t  width=\"1024\"\r\n\t\t\t\t\t\t\t  height=\"768\"\t\t\t\t\t\t\t  \r\n\t\t\t\t\t\t\t  alt=\"Service medewerker van Numafa\" \r\n\t\t\t\t\t\t\t\/>\r\n\t\t\t\t\t\t\t\r\n\t\t\t\t\r\n\t\t\t\t\t\t\t<\/div>\r\n\t\t<\/div>\r\n\t<\/div>\r\n<\/section>\n\n\r\n<section class=\"whitespace desktop_yes mobile_yes big bg_white\">\r\n<\/section>\n\n\r\n<section class=\"cta_banner_2 desktop_yes mobile_yes \">\t\r\n\t\r\n\t<div class=\"container\">\r\n\t\t\r\n\t\t<div class=\"row no-gutters bg_primary_50\">\r\n\t\t\r\n\t\t\t<div class=\"col-sm-12 col-md-12 col-lg-8\">\r\n\r\n\t\t\t\t\t<div class=\"inner\">\r\n\t\t\t\t\t\t<h2 class=\"heading\">Sie ben\u00f6tigen Hilfe bei der Suche nach der richtigen L\u00f6sung? <\/h2>\t\t\t\t\t\t\r\n\t\t\t\t\t\t<p>\u2713 Erfahrene technische Berater.<br \/>\n\u2713 L\u00f6sungsorientierte individuelle Beratung.<\/p>\n\t\t\t\t\t\t\r\n\t\t\t\t\t\t<div class=\"cta bg_outline border_radius\"><a href=\"https:\/\/www.numafa.com\/de\/kontakt\/\">Wenden Sie sich einfach an unsere technischen Berater<\/a>\n<\/div>\t\t\t\t\t<\/div>\r\n\r\n\t\t\t<\/div>\r\n\t\t\t\t\t\t\r\n\t\t\t<div class=\"col-sm-12 col-md-12 col-lg-4\">\t\t\t\t\r\n\t\t\t\t<div class=\"foto_wrapper\">\r\n\t\t\t\t\t\t\t\t\t\t<img decoding=\"async\" class=\"object_fit\" \t\t\t\t\t\t\t  \r\n\t\t\t\t\t\t  srcset=\"https:\/\/www.numafa.com\/wp-content\/uploads\/Numafa-workshop-July-2024-15.jpg 650w, https:\/\/www.numafa.com\/wp-content\/uploads\/Numafa-workshop-July-2024-15.jpg 1024w, https:\/\/www.numafa.com\/wp-content\/uploads\/Numafa-workshop-July-2024-15.jpg 1800w\" \t\t\t\t\t\t\t\t\t  \r\n\t\t\t\t\t\t  sizes=\"(max-width: 700px) 650px, (max-width: 1200px) 1024px, 1800px\"  \t  \r\n\t\t\t\t\t\t  src=\"https:\/\/www.numafa.com\/wp-content\/uploads\/Numafa-workshop-July-2024-15.jpg\" \r\n\t\t\t\t\t\t  width=\"1024\"\r\n\t\t\t\t\t\t  height=\"768\"\t\t\t\t\t\t\t  \r\n\t\t\t\t\t\t  alt=\"Mitarbeiter stellt Maschine in der Werkstatt ein\" \r\n\t\t\t\t\t\t\/>\r\n\t\t\t\t\t\t\r\n\t\t\t\t<\/div>\r\n\t\t\t<\/div>\r\n\t\t<\/div>\r\n\t<\/div>\t\r\n\t\r\n<\/section>\n\n\r\n<section class=\"whitespace desktop_yes mobile_yes big bg_white\">\r\n<\/section>","protected":false},"excerpt":{"rendered":"","protected":false},"author":2,"featured_media":0,"parent":3344,"menu_order":0,"comment_status":"closed","ping_status":"closed","template":"","meta":{"_acf_changed":false,"inline_featured_image":false,"footnotes":""},"class_list":["post-3394","page","type-page","status-publish","hentry"],"acf":[],"yoast_head":"<!-- This site is optimized with the Yoast SEO plugin v26.7 - https:\/\/yoast.com\/wordpress\/plugins\/seo\/ -->\n<title>Chemische Industrie | Numafa Cleaning &amp; Automation<\/title>\n<meta name=\"description\" content=\"Unsere automatisierten L\u00f6sungen gew\u00e4hrleisten ein Sp\u00fclen und Reinigen von Kanistern, F\u00e4ssern, Tonnen und IBCc\/Fl\u00fcssigkeitsbeh\u00e4ltern.\" \/>\n<meta name=\"robots\" content=\"index, follow, max-snippet:-1, max-image-preview:large, max-video-preview:-1\" \/>\n<link rel=\"canonical\" href=\"https:\/\/www.numafa.com\/de\/branchen\/chemische-industrie\/\" \/>\n<meta property=\"og:locale\" content=\"de_DE\" \/>\n<meta property=\"og:type\" content=\"article\" \/>\n<meta property=\"og:title\" content=\"Chemische Industrie | Numafa Cleaning &amp; Automation\" \/>\n<meta property=\"og:description\" content=\"Unsere automatisierten L\u00f6sungen gew\u00e4hrleisten ein Sp\u00fclen und Reinigen von Kanistern, F\u00e4ssern, Tonnen und IBCc\/Fl\u00fcssigkeitsbeh\u00e4ltern.\" \/>\n<meta property=\"og:url\" content=\"https:\/\/www.numafa.com\/de\/branchen\/chemische-industrie\/\" \/>\n<meta property=\"og:site_name\" content=\"Numafa\" \/>\n<meta property=\"article:modified_time\" content=\"2026-01-05T13:21:28+00:00\" \/>\n<meta name=\"twitter:card\" content=\"summary_large_image\" \/>\n<meta name=\"twitter:label1\" content=\"Gesch\u00e4tzte Lesezeit\" \/>\n\t<meta name=\"twitter:data1\" content=\"4\u00a0Minuten\" \/>\n<script type=\"application\/ld+json\" class=\"yoast-schema-graph\">{\"@context\":\"https:\/\/schema.org\",\"@graph\":[{\"@type\":\"WebPage\",\"@id\":\"https:\/\/www.numafa.com\/de\/branchen\/chemische-industrie\/\",\"url\":\"https:\/\/www.numafa.com\/de\/branchen\/chemische-industrie\/\",\"name\":\"Chemische Industrie | Numafa Cleaning & Automation\",\"isPartOf\":{\"@id\":\"https:\/\/www.numafa.com\/#website\"},\"datePublished\":\"2024-04-05T11:30:01+00:00\",\"dateModified\":\"2026-01-05T13:21:28+00:00\",\"description\":\"Unsere automatisierten L\u00f6sungen gew\u00e4hrleisten ein Sp\u00fclen und Reinigen von Kanistern, F\u00e4ssern, Tonnen und IBCc\/Fl\u00fcssigkeitsbeh\u00e4ltern.\",\"breadcrumb\":{\"@id\":\"https:\/\/www.numafa.com\/de\/branchen\/chemische-industrie\/#breadcrumb\"},\"inLanguage\":\"de\",\"potentialAction\":[{\"@type\":\"ReadAction\",\"target\":[\"https:\/\/www.numafa.com\/de\/branchen\/chemische-industrie\/\"]}]},{\"@type\":\"BreadcrumbList\",\"@id\":\"https:\/\/www.numafa.com\/de\/branchen\/chemische-industrie\/#breadcrumb\",\"itemListElement\":[{\"@type\":\"ListItem\",\"position\":1,\"name\":\"Home\",\"item\":\"https:\/\/www.numafa.com\/de\/\"},{\"@type\":\"ListItem\",\"position\":2,\"name\":\"Branchen\",\"item\":\"https:\/\/www.numafa.com\/de\/branchen\/\"},{\"@type\":\"ListItem\",\"position\":3,\"name\":\"Chemische Industrie\"}]},{\"@type\":\"WebSite\",\"@id\":\"https:\/\/www.numafa.com\/#website\",\"url\":\"https:\/\/www.numafa.com\/\",\"name\":\"Numafa\",\"description\":\"\",\"potentialAction\":[{\"@type\":\"SearchAction\",\"target\":{\"@type\":\"EntryPoint\",\"urlTemplate\":\"https:\/\/www.numafa.com\/?s={search_term_string}\"},\"query-input\":{\"@type\":\"PropertyValueSpecification\",\"valueRequired\":true,\"valueName\":\"search_term_string\"}}],\"inLanguage\":\"de\"}]}<\/script>\n<!-- \/ Yoast SEO plugin. -->","yoast_head_json":{"title":"Chemische Industrie | Numafa Cleaning & Automation","description":"Unsere automatisierten L\u00f6sungen gew\u00e4hrleisten ein Sp\u00fclen und Reinigen von Kanistern, F\u00e4ssern, Tonnen und IBCc\/Fl\u00fcssigkeitsbeh\u00e4ltern.","robots":{"index":"index","follow":"follow","max-snippet":"max-snippet:-1","max-image-preview":"max-image-preview:large","max-video-preview":"max-video-preview:-1"},"canonical":"https:\/\/www.numafa.com\/de\/branchen\/chemische-industrie\/","og_locale":"de_DE","og_type":"article","og_title":"Chemische Industrie | Numafa Cleaning & Automation","og_description":"Unsere automatisierten L\u00f6sungen gew\u00e4hrleisten ein Sp\u00fclen und Reinigen von Kanistern, F\u00e4ssern, Tonnen und IBCc\/Fl\u00fcssigkeitsbeh\u00e4ltern.","og_url":"https:\/\/www.numafa.com\/de\/branchen\/chemische-industrie\/","og_site_name":"Numafa","article_modified_time":"2026-01-05T13:21:28+00:00","twitter_card":"summary_large_image","twitter_misc":{"Gesch\u00e4tzte Lesezeit":"4\u00a0Minuten"},"schema":{"@context":"https:\/\/schema.org","@graph":[{"@type":"WebPage","@id":"https:\/\/www.numafa.com\/de\/branchen\/chemische-industrie\/","url":"https:\/\/www.numafa.com\/de\/branchen\/chemische-industrie\/","name":"Chemische Industrie | Numafa Cleaning & Automation","isPartOf":{"@id":"https:\/\/www.numafa.com\/#website"},"datePublished":"2024-04-05T11:30:01+00:00","dateModified":"2026-01-05T13:21:28+00:00","description":"Unsere automatisierten L\u00f6sungen gew\u00e4hrleisten ein Sp\u00fclen und Reinigen von Kanistern, F\u00e4ssern, Tonnen und IBCc\/Fl\u00fcssigkeitsbeh\u00e4ltern.","breadcrumb":{"@id":"https:\/\/www.numafa.com\/de\/branchen\/chemische-industrie\/#breadcrumb"},"inLanguage":"de","potentialAction":[{"@type":"ReadAction","target":["https:\/\/www.numafa.com\/de\/branchen\/chemische-industrie\/"]}]},{"@type":"BreadcrumbList","@id":"https:\/\/www.numafa.com\/de\/branchen\/chemische-industrie\/#breadcrumb","itemListElement":[{"@type":"ListItem","position":1,"name":"Home","item":"https:\/\/www.numafa.com\/de\/"},{"@type":"ListItem","position":2,"name":"Branchen","item":"https:\/\/www.numafa.com\/de\/branchen\/"},{"@type":"ListItem","position":3,"name":"Chemische Industrie"}]},{"@type":"WebSite","@id":"https:\/\/www.numafa.com\/#website","url":"https:\/\/www.numafa.com\/","name":"Numafa","description":"","potentialAction":[{"@type":"SearchAction","target":{"@type":"EntryPoint","urlTemplate":"https:\/\/www.numafa.com\/?s={search_term_string}"},"query-input":{"@type":"PropertyValueSpecification","valueRequired":true,"valueName":"search_term_string"}}],"inLanguage":"de"}]}},"_links":{"self":[{"href":"https:\/\/www.numafa.com\/de\/wp-json\/wp\/v2\/pages\/3394","targetHints":{"allow":["GET"]}}],"collection":[{"href":"https:\/\/www.numafa.com\/de\/wp-json\/wp\/v2\/pages"}],"about":[{"href":"https:\/\/www.numafa.com\/de\/wp-json\/wp\/v2\/types\/page"}],"author":[{"embeddable":true,"href":"https:\/\/www.numafa.com\/de\/wp-json\/wp\/v2\/users\/2"}],"replies":[{"embeddable":true,"href":"https:\/\/www.numafa.com\/de\/wp-json\/wp\/v2\/comments?post=3394"}],"version-history":[{"count":0,"href":"https:\/\/www.numafa.com\/de\/wp-json\/wp\/v2\/pages\/3394\/revisions"}],"up":[{"embeddable":true,"href":"https:\/\/www.numafa.com\/de\/wp-json\/wp\/v2\/pages\/3344"}],"wp:attachment":[{"href":"https:\/\/www.numafa.com\/de\/wp-json\/wp\/v2\/media?parent=3394"}],"curies":[{"name":"wp","href":"https:\/\/api.w.org\/{rel}","templated":true}]}}