{"id":3448,"date":"2024-04-26T10:13:48","date_gmt":"2024-04-26T10:13:48","guid":{"rendered":"https:\/\/www.numafa.com\/nl\/diensten\/"},"modified":"2026-02-10T09:55:04","modified_gmt":"2026-02-10T09:55:04","slug":"dienstleistungen","status":"publish","type":"page","link":"https:\/\/www.numafa.com\/de\/dienstleistungen\/","title":{"rendered":"Dienstleistungen"},"content":{"rendered":"\r\n<section id=\"hero_3\" class=\"desktop_yes mobile_yes  bg_middleblue\">\r\n\t\r\n\t<div class=\"container\">\r\n\t\t<div class=\"row no-gutters\">\r\n\t\t\r\n\t\t\t<div class=\"col-sm-12 col-md-12 col-lg-7 text_links\">\r\n\t\t\t\t\r\n\t\t\t\t\t\t\t\t\t\r\n\t\t\t\t\t<div class=\"outer\">\r\n\t\t\t\t\t\t<div class=\"inner\">\r\n\t\t\t\t\t\t\t<span class=\"subtitle\">Dienstleistungen<\/span><h1>Kontinuit\u00e4t in der Produktion dank unserer Dienstleistungen<\/h1>\t\t\t\t\t\t\t\r\n\t\t\t\t\t\t\t<p>Wir bei Numafa wissen, dass Ausfallzeiten kostspielig sind. Um Kontinuit\u00e4t im Produktionsprozess zu gew\u00e4hrleisten, stehen wir unseren Kunden vor, w\u00e4hrend und nach der Lieferung eines Systems zur Verf\u00fcgung. Von Serviceanfragen \u00fcber \u00dcberholungen bis hin zu Schulungen und Beratungen. Lesen Sie mehr \u00fcber unsere Dienstleistungen.<\/p>\n\t\t\t\t\t\t\t\r\n\t\t\t\t\t\t\t<div class=\"whitespace middle hero_3\"><\/div>\t\t\t\t\t\t<\/div>\r\n\t\t\t\t\t<\/div>\t\r\n\t\t\t\t\t\t\t<\/div>\r\n\t\t\t\r\n\t\t\t<div class=\"col-sm-12 col-md-12 col-lg-1 empty\">\r\n\t\t\t<\/div>\r\n\t\t\t\r\n\t\t\t<div class=\"col-sm-12 col-md-12 col-lg-4 foto_rechts\">\r\n\t\t\t\t\t\t\t\t\t<div class=\"foto_wrapper\">\r\n\t\t\t\t\t\t<img decoding=\"async\" class=\"object_fit\" \t\t\t\t\t\t\t  \r\n\t\t\t\t\t\t\t  srcset=\"https:\/\/www.numafa.com\/wp-content\/uploads\/Numafa-workshop-July-2024-10.jpg 650w, https:\/\/www.numafa.com\/wp-content\/uploads\/Numafa-workshop-July-2024-10.jpg 1024w, https:\/\/www.numafa.com\/wp-content\/uploads\/Numafa-workshop-July-2024-10.jpg 1800w\" \t\t\t\t\t\t\t\t\t  \r\n\t\t\t\t\t\t\t  sizes=\"(max-width: 700px) 650px, (max-width: 1200px) 1024px, 1800px\"  \t  \r\n\t\t\t\t\t\t\t  src=\"https:\/\/www.numafa.com\/wp-content\/uploads\/Numafa-workshop-July-2024-10.jpg\" \r\n\t\t\t\t\t\t\t  width=\"1024\"\r\n\t\t\t\t\t\t\t  height=\"759\"\t\t\t\t\t\t\t  \r\n\t\t\t\t\t\t\t  alt=\"Numafa werkplaats\" \r\n\t\t\t\t\t\t\t\/>\r\n\t\t\t\t\t<\/div>\r\n\t\t\t\t\r\n\t\t\t\t\t\t\t<\/div>\r\n\t\t<\/div>\r\n\t<\/div>\t\t\r\n<\/section>\r\n\r\n<section class=\"hero_cta text_on_mobile_yes\">\r\n\t<div class=\"container\">\r\n\t\t<div class=\"row\">\r\n\t\t\t<div class=\"col-sm-12 col-md-12 col-lg-3 empty\">\r\n\t\t\t<\/div>\r\n\t\t\t\r\n\t\t\t<div class=\"col-sm-12 col-md-4 col-lg-3\">\t\t\t\t\r\n\t\t\t\t\t\t\t\r\n\t\t\t\t\t\r\n\t\t\t\t\t<div class=\"inner\">\r\n\t\t\t\t\t<img decoding=\"async\" class=\"icon\" src=\"https:\/\/www.numafa.com\/wp-content\/uploads\/icon-check.svg\" alt=\"icon check\" width=\"20\" height=\"20\" \/>\t\t\t\t\t\t<div class=\"text_block_outer\">\r\n\t\t\t\t\t\t\t\r\n\t\t\t\t\t\t\t<h2>Technisches Know-how bei uns im Unternehmen<\/h2>\t\r\n\t\t\t\t\t\t\t\r\n\t\t\t\t\t\t\t<div class=\"text_block\">\r\n\t\t\t\t\t\t\t<p>Unsere Serviceabteilung denkt mit und ber\u00e4t Sie.<\/p>\n\t\t\t\t\t\t\t<\/div>\r\n\t\t\t\t\t\t<\/div>\r\n\t\t\t\t\t<\/div>\r\n\t\t\t\t\t\t\t\r\n\t\t\t<\/div>\r\n\t\t\t<div class=\"col-sm-12 col-md-4 col-lg-3\">\r\n\t\t\t\t\t\t\t\r\n\t\t\t\t<div class=\"inner\">\r\n\t\t\t\t<img decoding=\"async\" class=\"icon\" src=\"https:\/\/www.numafa.com\/wp-content\/uploads\/icon-check.svg\" alt=\"icon check\" width=\"20\" height=\"20\" \/>\t\t\t\t\t\r\n\r\n\t\t\t\t\t<div class=\"text_block_outer\">\r\n\t\t\t\t\t\t\r\n\t\t\t\t\t\t<h2>Service hat bei uns einen hohen Stellenwert<\/h2>\t\r\n\t\t\t\t\t\t\r\n\t\t\t\t\t\t<div class=\"text_block\">\r\n\t\t\t\t\t\t<p>Wir bieten vor, w\u00e4hrend und nach der Lieferung eines Systems eine Rundumversorgung.<\/p>\n\t\t\t\t\t\t<\/div>\r\n\t\t\t\t\t<\/div>\r\n\t\t\t\t\r\n\t\t\t\t\r\n\t\t\t\t\r\n\t\t\t\t\r\n\t\t\t\t<\/div>\r\n\t\t\t\t\t\t\t\r\n\t\t\t<\/div>\t\t\t\r\n\t\t\t<div class=\"col-sm-12 col-md-4 col-lg-3\">\r\n\t\t\t\t\t\t\t\r\n\t\t\t\t<div class=\"inner\">\r\n\t\t\t\t<img decoding=\"async\" class=\"icon\" src=\"https:\/\/www.numafa.com\/wp-content\/uploads\/icon-check.svg\" alt=\"icon check\" width=\"20\" height=\"20\" \/>\t\r\n\r\n\t\t\t\t\t\r\n\t\t\t\t\t<div class=\"text_block_outer\">\r\n\t\t\t\t\t\t\r\n\t\t\t\t\t\t<h2>Erstklassige Qualit\u00e4t<\/h2>\t\r\n\t\t\t\t\t\t\r\n\t\t\t\t\t\t<div class=\"text_block\">\r\n\t\t\t\t\t\t<p>Qualit\u00e4tsl\u00f6sungen und Qualit\u00e4tsservice.<\/p>\n\t\t\t\t\t\t<\/div>\r\n\t\t\t\t\t<\/div>\r\n\t\t\t\t<\/div>\r\n\t\t\t\t\t\t\t\r\n\t\t\t<\/div>\t\t\t\r\n\t\t<\/div>\r\n\t<\/div>\r\n<\/section>\r\n<script>\t\r\n\tjQuery(document).ready(function($){\r\n\t\tvar target = $('#breadcrumbs_section').next('section');\r\n\t\t\r\n\t\tif($(target).hasClass('bg_teal')){\r\n\t\t\tif(!$('body').hasClass('has_bg_teal')){\r\n\t\t\t\t$('body').addClass('has_bg_teal');\r\n\t\t\t}\t\r\n\t\t}\r\n\t\t\r\n\t\tif($(target).hasClass('bg_middleblue')){\r\n\t\t\tif(!$('body').hasClass('has_bg_middleblue')){\r\n\t\t\t\t$('body').addClass('has_bg_middleblue');\r\n\t\t\t}\t\t\t\t\r\n\t\t}\r\n\t});\r\n<\/script>\t\n\n\r\n<section class=\"whitespace desktop_yes mobile_yes big bg_white\">\r\n<\/section>\n\n<section class=\"text desktop_yes mobile_yes \">\r\n\t<div class=\"container\">\r\n\t\t<div class=\"row\">\r\n\t\t\r\n\t\t\t<div class=\"col-sm-12 col-md-12 col-lg-3 empty\">\r\n\t\t\t<\/div>\r\n\t\t\t\r\n\t\t\t\t\t\t<div class=\"col-sm-12 col-md-12 col-lg-6\">\r\n\t\t\t\t<h2>Service &#038; Wartung<\/h2>\t\t\t\t\r\n\t\t\t\t<p>Unsere Serviceoptionen bieten Sicherheit im Produktionsprozess. Mit einem professionellen Serviceteam, das schnell auf jede Anfrage reagiert, verringern wir das Risiko von Ausf\u00e4llen und helfen Ihnen, die Lebensdauer Ihrer Systeme zu verl\u00e4ngern. Wir bieten verschiedene Servicevertr\u00e4ge, die \u00dcberholung von Systemen sowie ma\u00dfgeschneiderte Schulungen und Beratungen an. Mit unserem erstklassigen Service sorgen wir daf\u00fcr, dass unsere Systeme dauerhaft optimal funktionieren.<\/p>\n\t\t\t\t\r\n\t\t\t\t<div class=\"cta bg_blue border_radius\"><a href=\"https:\/\/www.numafa.com\/de\/dienstleistungen\/service-und-wartung\/\">Lernen Sie unsere Serviceoptionen kennen<\/a>\n<\/div>\t\t\t\t\r\n\t\t\t<\/div>\r\n\r\n\t\t\t<div class=\"col-sm-12 col-md-12 col-lg-3 empty\">\r\n\t\t\t<\/div>\t\t\t\r\n\t\r\n\t\t<\/div>\r\n\t<\/div>\r\n<\/section>\n\n\r\n<section class=\"whitespace desktop_yes mobile_yes big bg_white\">\r\n<\/section>\n\n\r\n<section class=\"text text_foto desktop_yes mobile_yes  bg_white\">\r\n\t<div class=\"container\">\r\n\t\t<div class=\"row vertical_centered sm_reverse_order\">\r\n\t\t\r\n\t\t\t<div class=\"col-sm-12 col-md-12 col-lg-5 text_links\">\r\n\t\t\t\t\r\n\t\t\t\t\t\t\t\t\t\r\n\t\t\t\t\t<div class=\"inner\">\r\n\t\t\t\t\t\t<h2>Ersatzteile<\/h2>\t\t\t\t\t\t\r\n\t\t\t\t\t\t<p>Mit einer gut organisierten Ersatzteilabteilung setzen wir uns aktiv daf\u00fcr ein, Ausfallzeiten auf ein Minimum zu beschr\u00e4nken. Wir bieten f\u00fcr alle Arten von Systemen schnelle L\u00f6sungen. Ersatzteile sind leicht anzufordern und k\u00f6nnen auf Wunsch auch eingebaut werden.<\/p>\n\t\t\t\t\t\t\r\n\t\t\t\t\t\t<div class=\"cta bg_blue border_radius\"><a href=\"https:\/\/www.numafa.com\/de\/dienstleistungen\/ersatzteile\/\">Mehr \u00fcber Ersatzteile<\/a>\n<\/div>\t\t\t\t\t<\/div>\t\r\n\t\t\t\t\t\t\t<\/div>\r\n\t\t\t\r\n\t\t\t<div class=\"col-sm-12 col-md-1 col-lg-1 empty\">\r\n\t\t\t<\/div>\r\n\t\t\t\r\n\t\t\t<div class=\"col-sm-12 col-md-12 col-lg-6 foto_rechts\">\r\n\t\t\t\t\t\t\t\t\r\n\t\t\t\t\t\t<img decoding=\"async\" class=\"object_fit\" \t\t\t\t\t\t\t  \r\n\t\t\t\t\t\t\t  srcset=\"https:\/\/www.numafa.com\/wp-content\/uploads\/Numafa-April2024-22-Edit-650x488.jpg 650w, https:\/\/www.numafa.com\/wp-content\/uploads\/Numafa-April2024-22-Edit-1200x900.jpg 1024w, https:\/\/www.numafa.com\/wp-content\/uploads\/Numafa-April2024-22-Edit-1600x1200.jpg 1800w\" \t\t\t\t\t\t\t\t\t  \r\n\t\t\t\t\t\t\t  sizes=\"(max-width: 700px) 650px, (max-width: 1200px) 1024px, 1800px\"  \t  \r\n\t\t\t\t\t\t\t  src=\"https:\/\/www.numafa.com\/wp-content\/uploads\/Numafa-April2024-22-Edit-1600x1200.jpg\" \r\n\t\t\t\t\t\t\t  width=\"1024\"\r\n\t\t\t\t\t\t\t  height=\"768\"\t\t\t\t\t\t\t  \r\n\t\t\t\t\t\t\t  alt=\"Service medewerker, spareparts\" \r\n\t\t\t\t\t\t\t\/>\r\n\t\t\t\t\t\t\t\r\n\t\t\t\t\r\n\t\t\t\t\t\t\t<\/div>\r\n\t\t<\/div>\r\n\t<\/div>\r\n<\/section>\n\n\r\n<section class=\"whitespace desktop_yes mobile_yes big bg_white\">\r\n<\/section>\n\n\r\n<section class=\"text text_foto desktop_yes mobile_yes  bg_white\">\r\n\t<div class=\"container\">\r\n\t\t<div class=\"row vertical_centered\">\r\n\t\t\r\n\t\t\t<div class=\"col-sm-12 col-md-12 col-lg-6 foto_links\">\r\n\t\t\t\t\r\n\t\t\t\t\t\t\t\t\r\n\t\t\t\t\t\t<img decoding=\"async\" class=\"object_fit\" \t\t\t\t\t\t\t  \r\n\t\t\t\t\t\t\t  srcset=\"https:\/\/www.numafa.com\/wp-content\/uploads\/Numafa-workshop-July-2024-27-1-1-650x488.jpg 650w, https:\/\/www.numafa.com\/wp-content\/uploads\/Numafa-workshop-July-2024-27-1-1-1200x900.jpg 1024w, https:\/\/www.numafa.com\/wp-content\/uploads\/Numafa-workshop-July-2024-27-1-1-1600x1200.jpg 1800w\" \t\t\t\t\t\t\t\t\t  \r\n\t\t\t\t\t\t\t  sizes=\"(max-width: 700px) 650px, (max-width: 1200px) 1024px, 1800px\"  \t  \r\n\t\t\t\t\t\t\t  src=\"https:\/\/www.numafa.com\/wp-content\/uploads\/Numafa-workshop-July-2024-27-1-1-1600x1200.jpg\" \r\n\t\t\t\t\t\t\t  width=\"1024\"\r\n\t\t\t\t\t\t\t  height=\"768\"\t\t\t\t\t\t\t  \r\n\t\t\t\t\t\t\t  alt=\"Collega aan het werk\" \r\n\t\t\t\t\t\t\t\/>\r\n\t\t\t\t\t\t\t\r\n\t\t\t\t\r\n\t\t\t\t\t\t\t<\/div>\r\n\t\t\t\r\n\t\t\t<div class=\"col-sm-12 col-md-1 col-lg-1 empty\">\r\n\t\t\t<\/div>\r\n\t\t\t\r\n\t\t\t<div class=\"col-sm-12 col-md-12 col-lg-5 text_rechts\">\r\n\t\t\t\t\t\t\t\t\t<div class=\"inner\">\r\n\t\t\t\t\t\t<h2>Leasingoptionen f\u00fcr saubere Kisten, Paletten und Container<\/h2>\t\t\t\t\t\t\r\n\t\t\t\t\t\t<p>M\u00f6chten Sie die Sicherheit einer professionellen Waschanlage, aber keine hohe Anfangsinvestition t\u00e4tigen? Mit den Leasingoptionen von Numafa arbeiten Sie mit bew\u00e4hrter Technologie zu festen, planbaren Kosten. Service und Wartung sind inklusive und sorgen f\u00fcr Kontinuit\u00e4t und maximale Verf\u00fcgbarkeit. Die Leasingl\u00f6sungen sind flexibel einsetzbar und lassen sich bei wachsendem Produktionsvolumen einfach skalieren. Erfahren Sie, wie Clean Lease Ihnen eine flexible und sorgenfreie Reinigung erm\u00f6glicht.<\/p>\n\t\t\t\t\t\t\r\n\t\t\t\t\t\t<div class=\"cta bg_blue border_radius\"><a href=\"https:\/\/www.numafa.com\/de\/dienstleistungen\/clean-lease\/\">Entdecken Sie Clean Lease<\/a>\n<\/div>\t\t\t\t\t<\/div>\r\n\t\t\t\t\t\t\t<\/div>\r\n\t\t<\/div>\r\n\t<\/div>\r\n<\/section>\n\n\r\n<section class=\"whitespace desktop_yes mobile_yes big bg_white\">\r\n<\/section>\n\n\r\n<section class=\"text text_foto desktop_yes mobile_yes  bg_white\">\r\n\t<div class=\"container\">\r\n\t\t<div class=\"row vertical_centered sm_reverse_order\">\r\n\t\t\r\n\t\t\t<div class=\"col-sm-12 col-md-12 col-lg-5 text_links\">\r\n\t\t\t\t\r\n\t\t\t\t\t\t\t\t\t\r\n\t\t\t\t\t<div class=\"inner\">\r\n\t\t\t\t\t\t<h2>Seit \u00fcber 40 Jahren f\u00fchrend bei industriellen Reinigungssystemen<\/h2>\t\t\t\t\t\t\r\n\t\t\t\t\t\t<p>Als erfahrener, professioneller und zuverl\u00e4ssiger Full-Service-Partner strebt Numafa nach h\u00f6chster Qualit\u00e4t. Mit Niederlassungen in den Niederlanden, Italien und Amerika und einem internationalen Vertreternetzwerk sind wir seit mehr als 40 Jahren weltweit im Bereich der industriellen Reinigungs- und Handhabungssysteme t\u00e4tig.<\/p>\n<ul>\n<li>Wir verf\u00fcgen \u00fcber alle notwendigen Kenntnisse und F\u00e4higkeiten.<\/li>\n<li>Wir leisten vollumf\u00e4ngliche Unterst\u00fctzung bei der Suche nach der richtigen L\u00f6sung.<\/li>\n<li>Full-Service von Anfang bis Ende.<\/li>\n<\/ul>\n\t\t\t\t\t\t\r\n\t\t\t\t\t\t<div class=\"cta bg_blue border_radius\"><a href=\"https:\/\/www.numafa.com\/de\/ueber-uns\/\">\u00dcber uns<\/a>\n<\/div>\t\t\t\t\t<\/div>\t\r\n\t\t\t\t\t\t\t<\/div>\r\n\t\t\t\r\n\t\t\t<div class=\"col-sm-12 col-md-1 col-lg-1 empty\">\r\n\t\t\t<\/div>\r\n\t\t\t\r\n\t\t\t<div class=\"col-sm-12 col-md-12 col-lg-6 foto_rechts\">\r\n\t\t\t\t\t\t\t\t\r\n\t\t\t\t\t\t<img decoding=\"async\" class=\"object_fit\" \t\t\t\t\t\t\t  \r\n\t\t\t\t\t\t\t  srcset=\"https:\/\/www.numafa.com\/wp-content\/uploads\/Numafa-April2024-12-650x488.jpg 650w, https:\/\/www.numafa.com\/wp-content\/uploads\/Numafa-April2024-12-1200x900.jpg 1024w, https:\/\/www.numafa.com\/wp-content\/uploads\/Numafa-April2024-12-1600x1200.jpg 1800w\" \t\t\t\t\t\t\t\t\t  \r\n\t\t\t\t\t\t\t  sizes=\"(max-width: 700px) 650px, (max-width: 1200px) 1024px, 1800px\"  \t  \r\n\t\t\t\t\t\t\t  src=\"https:\/\/www.numafa.com\/wp-content\/uploads\/Numafa-April2024-12-1600x1200.jpg\" \r\n\t\t\t\t\t\t\t  width=\"1024\"\r\n\t\t\t\t\t\t\t  height=\"768\"\t\t\t\t\t\t\t  \r\n\t\t\t\t\t\t\t  alt=\"Medewerkers van Numafa in gesprek\" \r\n\t\t\t\t\t\t\t\/>\r\n\t\t\t\t\t\t\t\r\n\t\t\t\t\r\n\t\t\t\t\t\t\t<\/div>\r\n\t\t<\/div>\r\n\t<\/div>\r\n<\/section>\n\n\r\n<section class=\"whitespace desktop_yes mobile_yes big bg_white\">\r\n<\/section>\n\n\r\n<section class=\"cta_banner_2 desktop_yes mobile_yes \">\t\r\n\t\r\n\t<div class=\"container\">\r\n\t\t\r\n\t\t<div class=\"row no-gutters bg_teal_100\">\r\n\t\t\r\n\t\t\t<div class=\"col-sm-12 col-md-12 col-lg-8\">\r\n\r\n\t\t\t\t\t<div class=\"inner\">\r\n\t\t\t\t\t\t<h2 class=\"heading\">Mehr \u00fcber unsere Dienstleistungen erfahren?<\/h2>\t\t\t\t\t\t\r\n\t\t\t\t\t\t<ul>\n<li>Erfahrene technische Berater.<\/li>\n<li>L\u00f6sungsorientierte individuelle Beratung.<\/li>\n<\/ul>\n\t\t\t\t\t\t\r\n\t\t\t\t\t\t<div class=\"cta bg_blue border_radius\"><a href=\"https:\/\/www.numafa.com\/de\/dienstleistungen\/service-und-wartung\/\">Wenden Sie sich an unsere Serviceabteilung<\/a>\n<\/div>\t\t\t\t\t<\/div>\r\n\r\n\t\t\t<\/div>\r\n\t\t\t\t\t\t\r\n\t\t\t<div class=\"col-sm-12 col-md-12 col-lg-4\">\t\t\t\t\r\n\t\t\t\t<div class=\"foto_wrapper\">\r\n\t\t\t\t\t\t\t\t\t\t<img decoding=\"async\" class=\"object_fit\" \t\t\t\t\t\t\t  \r\n\t\t\t\t\t\t  srcset=\"https:\/\/www.numafa.com\/wp-content\/uploads\/Numafa-engineers-6494.jpg 650w, https:\/\/www.numafa.com\/wp-content\/uploads\/Numafa-engineers-6494.jpg 1024w, https:\/\/www.numafa.com\/wp-content\/uploads\/Numafa-engineers-6494.jpg 1800w\" \t\t\t\t\t\t\t\t\t  \r\n\t\t\t\t\t\t  sizes=\"(max-width: 700px) 650px, (max-width: 1200px) 1024px, 1800px\"  \t  \r\n\t\t\t\t\t\t  src=\"https:\/\/www.numafa.com\/wp-content\/uploads\/Numafa-engineers-6494.jpg\" \r\n\t\t\t\t\t\t  width=\"1024\"\r\n\t\t\t\t\t\t  height=\"683\"\t\t\t\t\t\t\t  \r\n\t\t\t\t\t\t  alt=\"Coworkers discussing project at the engineering department\" \r\n\t\t\t\t\t\t\/>\r\n\t\t\t\t\t\t\r\n\t\t\t\t<\/div>\r\n\t\t\t<\/div>\r\n\t\t<\/div>\r\n\t<\/div>\t\r\n\t\r\n<\/section>\n\n\r\n<section class=\"whitespace desktop_yes mobile_yes big bg_white\">\r\n<\/section>","protected":false},"excerpt":{"rendered":"","protected":false},"author":2,"featured_media":0,"parent":0,"menu_order":0,"comment_status":"closed","ping_status":"closed","template":"","meta":{"_acf_changed":false,"inline_featured_image":false,"footnotes":""},"class_list":["post-3448","page","type-page","status-publish","hentry"],"acf":[],"yoast_head":"<!-- This site is optimized with the Yoast SEO plugin v26.7 - https:\/\/yoast.com\/wordpress\/plugins\/seo\/ -->\n<title>Numafa Cleaning &amp; Automation - Unsere Dienstleistungen<\/title>\n<meta name=\"description\" content=\"24\/7-Service bei Numafa f\u00fcr Kontinuit\u00e4t im Produktionsprozess. Servicevertr\u00e4ge, Ersatzteile, \u00dcberholung, Reinigungsmittel. Lesen Sie mehr.\" \/>\n<meta name=\"robots\" content=\"index, follow, max-snippet:-1, max-image-preview:large, max-video-preview:-1\" \/>\n<link rel=\"canonical\" href=\"https:\/\/www.numafa.com\/de\/dienstleistungen\/\" \/>\n<meta property=\"og:locale\" content=\"de_DE\" \/>\n<meta property=\"og:type\" content=\"article\" \/>\n<meta property=\"og:title\" content=\"Numafa Cleaning &amp; Automation - Unsere Dienstleistungen\" \/>\n<meta property=\"og:description\" content=\"24\/7-Service bei Numafa f\u00fcr Kontinuit\u00e4t im Produktionsprozess. Servicevertr\u00e4ge, Ersatzteile, \u00dcberholung, Reinigungsmittel. Lesen Sie mehr.\" \/>\n<meta property=\"og:url\" content=\"https:\/\/www.numafa.com\/de\/dienstleistungen\/\" \/>\n<meta property=\"og:site_name\" content=\"Numafa\" \/>\n<meta property=\"article:modified_time\" content=\"2026-02-10T09:55:04+00:00\" \/>\n<meta name=\"twitter:card\" content=\"summary_large_image\" \/>\n<meta name=\"twitter:label1\" content=\"Gesch\u00e4tzte Lesezeit\" \/>\n\t<meta name=\"twitter:data1\" content=\"4\u00a0Minuten\" \/>\n<script type=\"application\/ld+json\" class=\"yoast-schema-graph\">{\"@context\":\"https:\/\/schema.org\",\"@graph\":[{\"@type\":\"WebPage\",\"@id\":\"https:\/\/www.numafa.com\/de\/dienstleistungen\/\",\"url\":\"https:\/\/www.numafa.com\/de\/dienstleistungen\/\",\"name\":\"Numafa Cleaning & Automation - Unsere Dienstleistungen\",\"isPartOf\":{\"@id\":\"https:\/\/www.numafa.com\/#website\"},\"datePublished\":\"2024-04-26T10:13:48+00:00\",\"dateModified\":\"2026-02-10T09:55:04+00:00\",\"description\":\"24\/7-Service bei Numafa f\u00fcr Kontinuit\u00e4t im Produktionsprozess. Servicevertr\u00e4ge, Ersatzteile, \u00dcberholung, Reinigungsmittel. Lesen Sie mehr.\",\"breadcrumb\":{\"@id\":\"https:\/\/www.numafa.com\/de\/dienstleistungen\/#breadcrumb\"},\"inLanguage\":\"de\",\"potentialAction\":[{\"@type\":\"ReadAction\",\"target\":[\"https:\/\/www.numafa.com\/de\/dienstleistungen\/\"]}]},{\"@type\":\"BreadcrumbList\",\"@id\":\"https:\/\/www.numafa.com\/de\/dienstleistungen\/#breadcrumb\",\"itemListElement\":[{\"@type\":\"ListItem\",\"position\":1,\"name\":\"Home\",\"item\":\"https:\/\/www.numafa.com\/de\/\"},{\"@type\":\"ListItem\",\"position\":2,\"name\":\"Dienstleistungen\"}]},{\"@type\":\"WebSite\",\"@id\":\"https:\/\/www.numafa.com\/#website\",\"url\":\"https:\/\/www.numafa.com\/\",\"name\":\"Numafa\",\"description\":\"\",\"potentialAction\":[{\"@type\":\"SearchAction\",\"target\":{\"@type\":\"EntryPoint\",\"urlTemplate\":\"https:\/\/www.numafa.com\/?s={search_term_string}\"},\"query-input\":{\"@type\":\"PropertyValueSpecification\",\"valueRequired\":true,\"valueName\":\"search_term_string\"}}],\"inLanguage\":\"de\"}]}<\/script>\n<!-- \/ Yoast SEO plugin. -->","yoast_head_json":{"title":"Numafa Cleaning & Automation - Unsere Dienstleistungen","description":"24\/7-Service bei Numafa f\u00fcr Kontinuit\u00e4t im Produktionsprozess. Servicevertr\u00e4ge, Ersatzteile, \u00dcberholung, Reinigungsmittel. Lesen Sie mehr.","robots":{"index":"index","follow":"follow","max-snippet":"max-snippet:-1","max-image-preview":"max-image-preview:large","max-video-preview":"max-video-preview:-1"},"canonical":"https:\/\/www.numafa.com\/de\/dienstleistungen\/","og_locale":"de_DE","og_type":"article","og_title":"Numafa Cleaning & Automation - Unsere Dienstleistungen","og_description":"24\/7-Service bei Numafa f\u00fcr Kontinuit\u00e4t im Produktionsprozess. Servicevertr\u00e4ge, Ersatzteile, \u00dcberholung, Reinigungsmittel. Lesen Sie mehr.","og_url":"https:\/\/www.numafa.com\/de\/dienstleistungen\/","og_site_name":"Numafa","article_modified_time":"2026-02-10T09:55:04+00:00","twitter_card":"summary_large_image","twitter_misc":{"Gesch\u00e4tzte Lesezeit":"4\u00a0Minuten"},"schema":{"@context":"https:\/\/schema.org","@graph":[{"@type":"WebPage","@id":"https:\/\/www.numafa.com\/de\/dienstleistungen\/","url":"https:\/\/www.numafa.com\/de\/dienstleistungen\/","name":"Numafa Cleaning & Automation - Unsere Dienstleistungen","isPartOf":{"@id":"https:\/\/www.numafa.com\/#website"},"datePublished":"2024-04-26T10:13:48+00:00","dateModified":"2026-02-10T09:55:04+00:00","description":"24\/7-Service bei Numafa f\u00fcr Kontinuit\u00e4t im Produktionsprozess. Servicevertr\u00e4ge, Ersatzteile, \u00dcberholung, Reinigungsmittel. Lesen Sie mehr.","breadcrumb":{"@id":"https:\/\/www.numafa.com\/de\/dienstleistungen\/#breadcrumb"},"inLanguage":"de","potentialAction":[{"@type":"ReadAction","target":["https:\/\/www.numafa.com\/de\/dienstleistungen\/"]}]},{"@type":"BreadcrumbList","@id":"https:\/\/www.numafa.com\/de\/dienstleistungen\/#breadcrumb","itemListElement":[{"@type":"ListItem","position":1,"name":"Home","item":"https:\/\/www.numafa.com\/de\/"},{"@type":"ListItem","position":2,"name":"Dienstleistungen"}]},{"@type":"WebSite","@id":"https:\/\/www.numafa.com\/#website","url":"https:\/\/www.numafa.com\/","name":"Numafa","description":"","potentialAction":[{"@type":"SearchAction","target":{"@type":"EntryPoint","urlTemplate":"https:\/\/www.numafa.com\/?s={search_term_string}"},"query-input":{"@type":"PropertyValueSpecification","valueRequired":true,"valueName":"search_term_string"}}],"inLanguage":"de"}]}},"_links":{"self":[{"href":"https:\/\/www.numafa.com\/de\/wp-json\/wp\/v2\/pages\/3448","targetHints":{"allow":["GET"]}}],"collection":[{"href":"https:\/\/www.numafa.com\/de\/wp-json\/wp\/v2\/pages"}],"about":[{"href":"https:\/\/www.numafa.com\/de\/wp-json\/wp\/v2\/types\/page"}],"author":[{"embeddable":true,"href":"https:\/\/www.numafa.com\/de\/wp-json\/wp\/v2\/users\/2"}],"replies":[{"embeddable":true,"href":"https:\/\/www.numafa.com\/de\/wp-json\/wp\/v2\/comments?post=3448"}],"version-history":[{"count":0,"href":"https:\/\/www.numafa.com\/de\/wp-json\/wp\/v2\/pages\/3448\/revisions"}],"wp:attachment":[{"href":"https:\/\/www.numafa.com\/de\/wp-json\/wp\/v2\/media?parent=3448"}],"curies":[{"name":"wp","href":"https:\/\/api.w.org\/{rel}","templated":true}]}}