{"id":3459,"date":"2024-04-26T07:42:58","date_gmt":"2024-04-26T07:42:58","guid":{"rendered":"https:\/\/www.numafa.com\/over-ons\/"},"modified":"2025-11-24T10:42:17","modified_gmt":"2025-11-24T10:42:17","slug":"ueber-uns","status":"publish","type":"page","link":"https:\/\/www.numafa.com\/de\/ueber-uns\/","title":{"rendered":"\u00dcber uns"},"content":{"rendered":"\r\n<section id=\"hero_1\" class=\"text_header desktop_yes mobile_yes  bg_middleblue\">\r\n\t\r\n\t<div class=\"container\">\r\n\t\t<div class=\"row no-gutters\">\r\n\t\t\r\n\t\t\t<div class=\"col-sm-12 col-md-12 col-lg-7 text_links\">\r\n\t\t\t\t\r\n\t\t\t\t\t\t\t\t\t\r\n\t\t\t\t\t<div class=\"outer\">\r\n\t\t\t\t\t\t<div class=\"inner\">\r\n\t\t\t\t\t\t\t<h2 class=\"subtitle\">\u00dcber uns<\/h2><h1>Numafa, ein erfahrener Full-Service-Partner in der industriellen Reinigung<\/h1>\t\t\t\t\t\t\t\r\n\t\t\t\t\t\t\t<p>Seit \u00fcber 40 Jahren sind wir weltweit ein professioneller und zuverl\u00e4ssiger Partner, wenn es um industrielle Reinigungsl\u00f6sungen geht. Wir streben kontinuierlich nach Nachhaltigkeit, Effizienz und Innovation. Durch die Verwendung nat\u00fcrlicher Energiequellen und nachhaltiger, langlebiger Materialien entwickeln wir Reinigungssysteme, die optimale Reinigungsergebnisse bei hoher Kapazit\u00e4t erzielen.<\/p>\n\t\t\t\t\t\t\t\r\n\t\t\t\t\t\t\t\t\t\t\t\t\t<\/div>\r\n\t\t\t\t\t<\/div>\t\r\n\t\t\t\t\t\t\t<\/div>\r\n\t\t\t\r\n\t\t\t<div class=\"col-sm-12 col-md-12 col-lg-1 empty\">\r\n\t\t\t<\/div>\r\n\t\t\t\r\n\t\t\t<div class=\"col-sm-12 col-md-12 col-lg-4 foto_rechts\">\r\n\t\t\t\t\t\t\t\t\t<div class=\"foto_wrapper\">\r\n\t\t\t\t\t\t<img decoding=\"async\" class=\"object_fit\" \t\t\t\t\t\t\t  \r\n\t\t\t\t\t\t\t  srcset=\"https:\/\/www.numafa.com\/wp-content\/uploads\/Numafa-April2024-12-650x488.jpg 650w, https:\/\/www.numafa.com\/wp-content\/uploads\/Numafa-April2024-12-1200x900.jpg 1024w, https:\/\/www.numafa.com\/wp-content\/uploads\/Numafa-April2024-12-1600x1200.jpg 1800w\" \t\t\t\t\t\t\t\t\t  \r\n\t\t\t\t\t\t\t  sizes=\"(max-width: 700px) 650px, (max-width: 1200px) 1024px, 1800px\"  \t  \r\n\t\t\t\t\t\t\t  src=\"https:\/\/www.numafa.com\/wp-content\/uploads\/Numafa-April2024-12-1600x1200.jpg\" \r\n\t\t\t\t\t\t\t  width=\"1024\"\r\n\t\t\t\t\t\t\t  height=\"768\"\t\t\t\t\t\t\t  \r\n\t\t\t\t\t\t\t  alt=\"Medewerkers van Numafa in gesprek\" \r\n\t\t\t\t\t\t\t\/>\r\n\t\t\t\t\t<\/div>\r\n\t\t\t\t\r\n\t\t\t\t\t\t\t<\/div>\r\n\t\t<\/div>\r\n\t<\/div>\t\t\r\n<\/section>\r\n\r\n\r\n<script>\r\n\tjQuery(document).ready(function($){\r\n\t\t\r\n\t\tif($('#scroll_to').length){\r\n\t\t\r\n\t\t\t$('#scroll_to').on('click', function(){ \r\n\t\t\t\t\t\t\t\r\n\t\t\t\tvar height = $('#botbar_row').height();\r\n\t\t\t\t\tlink = $(this).attr('href');\r\n\t\t\t\t\t\t\t\t\t\r\n\t\t\t\t\r\n\t\t\t\tif($(window).width() <= 768){\r\n\t\t\t\t\theight = $('#header').height();\r\n\t\t\t\t}\r\n\t\t\t\t\r\n\t\t\t\t\r\n\t\t\t\tif($('#wpadminbar').length){\r\n\t\t\t\t\tif($('#wpadminbar').is(':visible')){\r\n\t\t\t\t\t\theight = height + $('#wpadminbar').height();\r\n\t\t\t\t\t}\r\n\t\t\t\t}\r\n\t\t\t\t\r\n\t\t\t\t$('html, body').animate({\r\n\t\t\t\t\tscrollTop: $(link).offset().top - (height - 1)+'px'\r\n\t\t\t\t}, 500);\r\n\t\t\t\t\r\n\t\t\t\treturn false;\r\n\t\t\t\t\r\n\t\t\t});\r\n\t\t}\r\n\t\t\r\n\t\tvar target = $('#breadcrumbs_section').next('section');\r\n\t\t\r\n\t\tif($(target).hasClass('bg_teal')){\r\n\t\t\tif(!$('body').hasClass('has_bg_teal')){\r\n\t\t\t\t$('body').addClass('has_bg_teal');\r\n\t\t\t}\t\r\n\t\t}\r\n\t\t\r\n\t\tif($(target).hasClass('bg_middleblue')){\r\n\t\t\tif(!$('body').hasClass('has_bg_middleblue')){\r\n\t\t\t\t$('body').addClass('has_bg_middleblue');\r\n\t\t\t}\t\t\t\t\r\n\t\t}\t\t\t\r\n\t\t\r\n\t\t\r\n\t});\r\n<\/script>\t\n\n\r\n<section class=\"whitespace desktop_yes mobile_yes big bg_white\">\r\n<\/section>\n\n<section id=\"usps\" class=\"usps desktop_yes mobile_yes \">\r\n\t<div class=\"container\">\t\t\r\n\t\t<div class=\"row\">\r\n\t\t\t<div class=\"col-sm-12 col-md-12 col-lg-12\">\r\n\t\t\t\t\t\t\t\t\r\n\t\t\t\t<div id=\"usp_item_list\" class=\"owl-carousel inner\">\r\n\t\t\t\t\t\t\t\t\t\r\n\t\t\t\t\t<p class=\"usp_item\">\r\n\t\t\t\t\t\t40 Jahre Erfahrung\t\t\t\t\t<\/p>\t\t\t\t\t\r\n\t\t\t\t\t\t\t\t\t\r\n\t\t\t\t\t<p class=\"usp_item\">\r\n\t\t\t\t\t\tFull-Service-Partner\t\t\t\t\t<\/p>\t\t\t\t\t\r\n\t\t\t\t\t\t\t\t\t\r\n\t\t\t\t\t<p class=\"usp_item\">\r\n\t\t\t\t\t\tTechnisches Know-how\t\t\t\t\t<\/p>\t\t\t\t\t\r\n\t\t\t\t\t\t\t\t\t\r\n\t\t\t\t\t<p class=\"usp_item\">\r\n\t\t\t\t\t\tWeltweite Auslieferung\t\t\t\t\t<\/p>\t\t\t\t\t\r\n\t\t\t\t\t\t\t\t\t\r\n\t\t\t\t\t<p class=\"usp_item\">\r\n\t\t\t\t\t\tRundum-Service\t\t\t\t\t<\/p>\t\t\t\t\t\r\n\t\t\t\t\t\t\t\t<\/div>\r\n\t\t\t\t\t\r\n\t\t\t<\/div>\r\n\t\t<\/div>\r\n\t<\/div>\t\r\n<\/section>\r\n\n\n\r\n<section class=\"whitespace desktop_yes mobile_yes big bg_white\">\r\n<\/section>\n\n<section id=\"video_block\">\r\n\t<div class=\"container\">\t\t\r\n\t\t<div class=\"row\">\t\r\n\t\t\t<div class=\"col-sm-12 col-md-12 col-lg-2 empty\">\r\n\t\t\t<\/div>\r\n\t\t\t<div class=\"col-sm-12 col-md-12 col-lg-8\">\r\n\r\n\t\t\t\t\t<h2>Lernen Sie uns kennen<\/h2>\t\t\t\t\t\r\n\t\t\t\t\t\r\n\t\t\t\t\t<div class=\"video_wrapper\"><iframe loading=\"lazy\" width=\"560\" height=\"315\" src=\"https:\/\/www.youtube.com\/embed\/WDbzWjb5zsE?si=Yl7mmDykJFBV7DBW\" title=\"YouTube video player\" frameborder=\"0\" allow=\"accelerometer; autoplay; clipboard-write; encrypted-media; gyroscope; picture-in-picture; web-share\" referrerpolicy=\"strict-origin-when-cross-origin\" allowfullscreen><\/iframe><\/div>\t\t\t\t\t\r\n\r\n\t\t\t\t\t<p>Wir sind stolz auf das, was wir tun. Mit einer klaren Vision von der industriellen Reinigung liefern wir die besten nachhaltigen und effizienten Reinigungsl\u00f6sungen. Sehen Sie sich dieses Video an und erfahren Sie, was uns antreibt und wie wir vorgehen.<\/p>\n\r\n\t\t\t\t\t\t\t\t\r\n\t\t\t<\/div>\r\n\t\t\t<div class=\"col-sm-12 col-md-12 col-lg-2 empty\">\r\n\t\t\t<\/div>\r\n\t\t<\/div>\r\n\t<\/div>\r\n<\/section>\t\n\n\r\n<section class=\"whitespace desktop_yes mobile_yes big bg_white\">\r\n<\/section>\n\n\r\n<section class=\"text text_foto desktop_yes mobile_yes  bg_white\">\r\n\t<div class=\"container\">\r\n\t\t<div class=\"row vertical_centered\">\r\n\t\t\r\n\t\t\t<div class=\"col-sm-12 col-md-12 col-lg-6 foto_links\">\r\n\t\t\t\t\r\n\t\t\t\t\t\t\t\t\r\n\t\t\t\t\t\t<img decoding=\"async\" class=\"object_fit\" \t\t\t\t\t\t\t  \r\n\t\t\t\t\t\t\t  srcset=\"https:\/\/www.numafa.com\/wp-content\/uploads\/Numafa-workshop-July-2024-12.jpg 650w, https:\/\/www.numafa.com\/wp-content\/uploads\/Numafa-workshop-July-2024-12.jpg 1024w, https:\/\/www.numafa.com\/wp-content\/uploads\/Numafa-workshop-July-2024-12.jpg 1800w\" \t\t\t\t\t\t\t\t\t  \r\n\t\t\t\t\t\t\t  sizes=\"(max-width: 700px) 650px, (max-width: 1200px) 1024px, 1800px\"  \t  \r\n\t\t\t\t\t\t\t  src=\"https:\/\/www.numafa.com\/wp-content\/uploads\/Numafa-workshop-July-2024-12.jpg\" \r\n\t\t\t\t\t\t\t  width=\"1024\"\r\n\t\t\t\t\t\t\t  height=\"770\"\t\t\t\t\t\t\t  \r\n\t\t\t\t\t\t\t  alt=\"Mitarbeiter stellt Maschine in der Werkstatt ein\" \r\n\t\t\t\t\t\t\t\/>\r\n\t\t\t\t\t\t\t\r\n\t\t\t\t\r\n\t\t\t\t\t\t\t<\/div>\r\n\t\t\t\r\n\t\t\t<div class=\"col-sm-12 col-md-1 col-lg-1 empty\">\r\n\t\t\t<\/div>\r\n\t\t\t\r\n\t\t\t<div class=\"col-sm-12 col-md-12 col-lg-5 text_rechts\">\r\n\t\t\t\t\t\t\t\t\t<div class=\"inner\">\r\n\t\t\t\t\t\t<h2>Alles begann im Jahr 1977...<\/h2>\t\t\t\t\t\t\r\n\t\t\t\t\t\t<p>Im Jahr 1977 begann die Numansdorpse Machine Fabriek mit der Herstellung von Maschinen aus Edelstahl. Zun\u00e4chst mit einem breiten Produktangebot unter anderem f\u00fcr die h\u00e4hnchenverarbeitende Industrie. Nach dem Relaunch im Jahr 2011 verlagerte sich der Schwerpunkt ganz auf industrielle Reinigungs- und Handhabungssysteme. Unsere Systeme erfreuten sich auch jenseits der eigenen Landesgrenzen gro\u00dfer Beliebtheit und wurden unter anderem nach Nordamerika und Afrika geliefert. Heute, mehr als 40 Jahre sp\u00e4ter, ist Numafa als erfahrener, professioneller und zuverl\u00e4ssiger Full-Service-Partner bekannt. Mit Niederlassungen in den Niederlanden und Amerika und einem internationalen Vertreternetzwerk ist Numafa zu einem der weltweit f\u00fchrenden Anbieter von industriellen Reinigungs- und Handhabungssystemen avanciert.<\/p>\n\t\t\t\t\t\t\r\n\t\t\t\t\t\t\t\t\t\t\t<\/div>\r\n\t\t\t\t\t\t\t<\/div>\r\n\t\t<\/div>\r\n\t<\/div>\r\n<\/section>\n\n\r\n<section class=\"whitespace desktop_yes mobile_yes middle bg_white\">\r\n<\/section>\n\n\r\n<section class=\"whitespace desktop_yes mobile_yes middle bg_white\">\r\n<\/section>\n\n<section id=\"text_accordeon\" class=\"text_accordeon desktop_yes mobile_yes bg_ \">\r\n\t\t\r\n\t<div class=\"container\">\r\n\t\t<div class=\"row\">\r\n\t\t\t<div class=\"col-sm-12 col-md-12 col-lg-5 left_column\">\r\n\t\t\t\t<div class=\"inner\">\r\n\t\t\t\t\t<h2>Unser nachhaltiger Ansatz<\/h2>\t\t\t\t\t\r\n\t\t\t\t\t<p>Wir von Numafa liefern hochwertige, innovative Systeme mit einem nachhaltigen Ansatz. Wir nutzen zum Beispiel Solarenergie, weil unsere R\u00e4umlichkeiten mit Sonnenkollektoren ausgestattet sind, und wir wenden Techniken an, um das gleiche Reinigungsergebnis mit weniger Wasser und bei niedrigeren Temperaturen zu erzielen. Durch die richtige Zusammensetzung der Faktoren Zeit, Temperatur, Reinigungsmittel und mechanische Krafteinwirkung erzielen wir optimale Reinigungsergebnisse.<\/p>\n\t\t\t\t\t\r\n\t\t\t\t\t\t\t\t\t\t\r\n\t\t\t\t\t\r\n\t\t\t\t<\/div>\t\t\t\t\r\n\t\t\t<\/div>\t\t\r\n\t\t\t<div class=\"col-sm-12 col-md-12 col-lg-7 right_column\">\r\n\t\t\t\t<div class=\"inner\">\r\n\t\t\t\t<div id=\"faq_box\" class=\"faq_box\"><div class=\"faq_wrap\"><div class=\"faq_title\"><span class=\"subtitle\">Sinner circle<\/span><h3 class=\"title\">Zeit<\/h3><\/div><div class=\"faq_text\"><div class=\"faq_inner\"><p>F\u00fcr jeden Produkttr\u00e4ger bestimmen wir die richtige Verweilzeit in der Maschine w\u00e4hrend des Reinigungsprozesses. Wir schauen uns auch den Output an. Durch Systemanpassungen l\u00e4sst sich die Reinigungskapazit\u00e4t erh\u00f6hen oder senken.<\/p>\n<\/div><\/div><\/div><div class=\"faq_wrap\"><div class=\"faq_title\"><span class=\"subtitle\">Sinner circle<\/span><h3 class=\"title\">Temperatur<\/h3><\/div><div class=\"faq_text\"><div class=\"faq_inner\"><p>Die optimale Temperatur jeder einzelnen Reinigungssektion legen wir je nach Branche und Art der Verschmutzung fest.<\/p>\n<\/div><\/div><\/div><div class=\"faq_wrap\"><div class=\"faq_title\"><span class=\"subtitle\">Sinner circle<\/span><h3 class=\"title\">Reinigungsmittel<\/h3><\/div><div class=\"faq_text\"><div class=\"faq_inner\"><p>Reinigungsmittel reduzieren Bakterien, eine zu hohe Dosierung kann allerdings schaden. Indem wir die richtige Dosierung bestimmen, erzielen wir optimale hygienische Ergebnisse.<\/p>\n<\/div><\/div><\/div><div class=\"faq_wrap\"><div class=\"faq_title\"><span class=\"subtitle\">Sinner circle<\/span><h3 class=\"title\">Mechanische Krafteinwirkung<\/h3><\/div><div class=\"faq_text\"><div class=\"faq_inner\"><p>Wir bestimmen, realisieren und testen die korrekte Kombination von Wasserdruck und Wassermenge.<\/p>\n<\/div><\/div><\/div><\/div>\t\r\n\t\t\t\t<\/div>\r\n\t\t\t<\/div>\r\n\t\t<\/div>\r\n\t<\/div>\r\n\t\r\n<\/section>\t\r\n\t\t\t\n\n\r\n<section class=\"whitespace desktop_yes mobile_yes middle bg_white\">\r\n<\/section>\n\n\r\n<section class=\"whitespace desktop_yes mobile_yes middle bg_white\">\r\n<\/section>\n\n\r\n<section class=\"text text_foto desktop_yes mobile_yes  bg_white\">\r\n\t<div class=\"container\">\r\n\t\t<div class=\"row vertical_centered\">\r\n\t\t\r\n\t\t\t<div class=\"col-sm-12 col-md-12 col-lg-6 foto_links\">\r\n\t\t\t\t\r\n\t\t\t\t\t\t\t\t\r\n\t\t\t\t\t\t<img decoding=\"async\" class=\"object_fit\" \t\t\t\t\t\t\t  \r\n\t\t\t\t\t\t\t  srcset=\"https:\/\/www.numafa.com\/wp-content\/uploads\/pand-numafa-blue-sky-650x310.jpg 650w, https:\/\/www.numafa.com\/wp-content\/uploads\/pand-numafa-blue-sky-1200x572.jpg 1024w, https:\/\/www.numafa.com\/wp-content\/uploads\/pand-numafa-blue-sky-1600x763.jpg 1800w\" \t\t\t\t\t\t\t\t\t  \r\n\t\t\t\t\t\t\t  sizes=\"(max-width: 700px) 650px, (max-width: 1200px) 1024px, 1800px\"  \t  \r\n\t\t\t\t\t\t\t  src=\"https:\/\/www.numafa.com\/wp-content\/uploads\/pand-numafa-blue-sky-1600x763.jpg\" \r\n\t\t\t\t\t\t\t  width=\"1024\"\r\n\t\t\t\t\t\t\t  height=\"488\"\t\t\t\t\t\t\t  \r\n\t\t\t\t\t\t\t  alt=\"Numafa, hoofdkantoor in Heinenoord\" \r\n\t\t\t\t\t\t\t\/>\r\n\t\t\t\t\t\t\t\r\n\t\t\t\t\r\n\t\t\t\t\t\t\t<\/div>\r\n\t\t\t\r\n\t\t\t<div class=\"col-sm-12 col-md-1 col-lg-1 empty\">\r\n\t\t\t<\/div>\r\n\t\t\t\r\n\t\t\t<div class=\"col-sm-12 col-md-12 col-lg-5 text_rechts\">\r\n\t\t\t\t\t\t\t\t\t<div class=\"inner\">\r\n\t\t\t\t\t\t<h2>Unsere Niederlassungen<\/h2>\t\t\t\t\t\t\r\n\t\t\t\t\t\t<p>Wir haben unseren Hauptsitz in den Niederlanden und Zweigniederlassungen in Italien und Amerika. Dar\u00fcber hinaus verf\u00fcgen wir \u00fcber ein umfangreiches Vertreternetzwerk. Auf dieser soliden Grundlage bieten wir weltweit ma\u00dfgeschneiderte industrielle Reinigungsl\u00f6sungen an.<\/p>\n\t\t\t\t\t\t\r\n\t\t\t\t\t\t<div class=\"cta bg_blue border_radius\"><a href=\"https:\/\/www.numafa.com\/de\/ueber-uns\/niederlassungen\/\">unsere Niederlassungen<\/a>\n<\/div>\t\t\t\t\t<\/div>\r\n\t\t\t\t\t\t\t<\/div>\r\n\t\t<\/div>\r\n\t<\/div>\r\n<\/section>\n\n\r\n<section class=\"whitespace desktop_yes mobile_yes big bg_white\">\r\n<\/section>\n\n<section class=\"solutions desktop_yes mobile_yes \">\r\n\t<div class=\"container\">\r\n\t\t<div class=\"row\"> \r\n\t\t\t<div class=\"col-sm-12 col-md-12 col-lg-3 empty\">\r\n\t\t\t<\/div>\r\n\t\t\t\r\n\t\t\t<div class=\"col-sm-12 col-md-12 col-lg-6 intro\">\t\t\r\n\t\t\t\t\t<h2>Vielleicht sind Sie auch interessiert an:<\/h2>\t\t\t<\/div>\r\n\t\t\t\t\t\t\r\n\t\t\t<div class=\"col-sm-12 col-md-12 col-lg-3 empty\">\r\n\t\t\t<\/div>\r\n\t\t<\/div>\r\n\t\t\r\n\t\t\r\n\t\t\t\t<div class=\"row\"> \r\n\t\t\t<div class=\"col-sm-12 col-md-12 col-lg-3 empty\">\r\n\t\t\t<\/div>\r\n\r\n\t\t\t<div class=\"col-sm-12 col-md-12 col-lg-6 solution_items\">\r\n\t\t\t\t<div class=\"row\">\r\n\t\t\t\t\r\n\t\t\t\t<div class=\"col-sm-12 col-md-6 col-lg-6 list_items list_items_1\"><div class=\"item_wrap\"><a href=\"https:\/\/www.numafa.com\/de\/produkte\/\" target=\"_self\">Produkte<\/a><\/div><div class=\"item_wrap\"><a href=\"https:\/\/www.numafa.com\/de\/branchen\/\" target=\"_self\">Branchen<\/a><\/div><\/div><div class=\"col-sm-12 col-md-6 col-lg-6 list_items list_items_2\"><div class=\"item_wrap\"><a href=\"https:\/\/www.numafa.com\/de\/dienstleistungen\/\" target=\"_self\">Dienstleistungen<\/a><\/div><div class=\"item_wrap\"><a href=\"https:\/\/www.numafa.com\/de\/kontakt\/\" target=\"_self\">Kontakt<\/a><\/div><\/div>\t\r\n\t\t\t\t<\/div>\r\n\t\t\t<\/div>\r\n\t\t\t\r\n\t\t\t<div class=\"col-sm-12 col-md-12 col-lg-3 empty\">\r\n\t\t\t<\/div>\t\t\t\r\n\t\t<\/div>\r\n\t\t\t<\/div>\r\n<\/section>\n\n\r\n<section class=\"whitespace desktop_yes mobile_yes big bg_white\">\r\n<\/section>\n\n\r\n<section class=\"cta_banner_2 desktop_yes mobile_yes \">\t\r\n\t\r\n\t<div class=\"container\">\r\n\t\t\r\n\t\t<div class=\"row no-gutters bg_teal_100\">\r\n\t\t\r\n\t\t\t<div class=\"col-sm-12 col-md-12 col-lg-8\">\r\n\r\n\t\t\t\t\t<div class=\"inner\">\r\n\t\t\t\t\t\t<h2 class=\"heading\">Mehr \u00fcber uns erfahren? <\/h2>\t\t\t\t\t\t\r\n\t\t\t\t\t\t<ul>\n<li>Erfahrene technische Berater.<\/li>\n<li>L\u00f6sungsorientierte individuelle Beratung.<\/li>\n<\/ul>\n\t\t\t\t\t\t\r\n\t\t\t\t\t\t<div class=\"cta bg_blue border_radius\"><a href=\"https:\/\/www.numafa.com\/de\/kontakt\/\">Kontaktieren Sie uns<\/a>\n<\/div>\t\t\t\t\t<\/div>\r\n\r\n\t\t\t<\/div>\r\n\t\t\t\t\t\t\r\n\t\t\t<div class=\"col-sm-12 col-md-12 col-lg-4\">\t\t\t\t\r\n\t\t\t\t<div class=\"foto_wrapper\">\r\n\t\t\t\t\t\t\t\t\t\t<img decoding=\"async\" class=\"object_fit\" \t\t\t\t\t\t\t  \r\n\t\t\t\t\t\t  srcset=\"https:\/\/www.numafa.com\/wp-content\/uploads\/Numafa-contact-6506-Edit.jpg 650w, https:\/\/www.numafa.com\/wp-content\/uploads\/Numafa-contact-6506-Edit.jpg 1024w, https:\/\/www.numafa.com\/wp-content\/uploads\/Numafa-contact-6506-Edit.jpg 1800w\" \t\t\t\t\t\t\t\t\t  \r\n\t\t\t\t\t\t  sizes=\"(max-width: 700px) 650px, (max-width: 1200px) 1024px, 1800px\"  \t  \r\n\t\t\t\t\t\t  src=\"https:\/\/www.numafa.com\/wp-content\/uploads\/Numafa-contact-6506-Edit.jpg\" \r\n\t\t\t\t\t\t  width=\"1024\"\r\n\t\t\t\t\t\t  height=\"683\"\t\t\t\t\t\t\t  \r\n\t\t\t\t\t\t  alt=\"Mitarbeiter stellt Maschine in der Werkstatt ein\" \r\n\t\t\t\t\t\t\/>\r\n\t\t\t\t\t\t\r\n\t\t\t\t<\/div>\r\n\t\t\t<\/div>\r\n\t\t<\/div>\r\n\t<\/div>\t\r\n\t\r\n<\/section>\n\n\r\n<section class=\"whitespace desktop_yes mobile_yes big bg_white\">\r\n<\/section>","protected":false},"excerpt":{"rendered":"","protected":false},"author":2,"featured_media":0,"parent":0,"menu_order":0,"comment_status":"closed","ping_status":"closed","template":"","meta":{"_acf_changed":false,"inline_featured_image":false,"footnotes":""},"class_list":["post-3459","page","type-page","status-publish","hentry"],"acf":[],"yoast_head":"<!-- This site is optimized with the Yoast SEO plugin v26.7 - https:\/\/yoast.com\/wordpress\/plugins\/seo\/ -->\n<title>Numafa - Erfahrener Partner in der industriellen Reinigung<\/title>\n<meta name=\"description\" content=\"Numafa, seit \u00fcber 40 Jahren ein professioneller und zuverl\u00e4ssiger Partner f\u00fcr industrielle Reinigungsl\u00f6sungen weltweit. Nehmen Sie einfach Kontakt auf!\" \/>\n<meta name=\"robots\" content=\"index, follow, max-snippet:-1, max-image-preview:large, max-video-preview:-1\" \/>\n<link rel=\"canonical\" href=\"https:\/\/www.numafa.com\/de\/ueber-uns\/\" \/>\n<meta property=\"og:locale\" content=\"de_DE\" \/>\n<meta property=\"og:type\" content=\"article\" \/>\n<meta property=\"og:title\" content=\"Numafa - Erfahrener Partner in der industriellen Reinigung\" \/>\n<meta property=\"og:description\" content=\"Numafa, seit \u00fcber 40 Jahren ein professioneller und zuverl\u00e4ssiger Partner f\u00fcr industrielle Reinigungsl\u00f6sungen weltweit. Nehmen Sie einfach Kontakt auf!\" \/>\n<meta property=\"og:url\" content=\"https:\/\/www.numafa.com\/de\/ueber-uns\/\" \/>\n<meta property=\"og:site_name\" content=\"Numafa\" \/>\n<meta property=\"article:modified_time\" content=\"2025-11-24T10:42:17+00:00\" \/>\n<meta name=\"twitter:card\" content=\"summary_large_image\" \/>\n<script type=\"application\/ld+json\" class=\"yoast-schema-graph\">{\"@context\":\"https:\/\/schema.org\",\"@graph\":[{\"@type\":\"WebPage\",\"@id\":\"https:\/\/www.numafa.com\/de\/ueber-uns\/\",\"url\":\"https:\/\/www.numafa.com\/de\/ueber-uns\/\",\"name\":\"Numafa - Erfahrener Partner in der industriellen Reinigung\",\"isPartOf\":{\"@id\":\"https:\/\/www.numafa.com\/#website\"},\"datePublished\":\"2024-04-26T07:42:58+00:00\",\"dateModified\":\"2025-11-24T10:42:17+00:00\",\"description\":\"Numafa, seit \u00fcber 40 Jahren ein professioneller und zuverl\u00e4ssiger Partner f\u00fcr industrielle Reinigungsl\u00f6sungen weltweit. Nehmen Sie einfach Kontakt auf!\",\"breadcrumb\":{\"@id\":\"https:\/\/www.numafa.com\/de\/ueber-uns\/#breadcrumb\"},\"inLanguage\":\"de\",\"potentialAction\":[{\"@type\":\"ReadAction\",\"target\":[\"https:\/\/www.numafa.com\/de\/ueber-uns\/\"]}]},{\"@type\":\"BreadcrumbList\",\"@id\":\"https:\/\/www.numafa.com\/de\/ueber-uns\/#breadcrumb\",\"itemListElement\":[{\"@type\":\"ListItem\",\"position\":1,\"name\":\"Home\",\"item\":\"https:\/\/www.numafa.com\/de\/\"},{\"@type\":\"ListItem\",\"position\":2,\"name\":\"\u00dcber uns\"}]},{\"@type\":\"WebSite\",\"@id\":\"https:\/\/www.numafa.com\/#website\",\"url\":\"https:\/\/www.numafa.com\/\",\"name\":\"Numafa\",\"description\":\"\",\"potentialAction\":[{\"@type\":\"SearchAction\",\"target\":{\"@type\":\"EntryPoint\",\"urlTemplate\":\"https:\/\/www.numafa.com\/?s={search_term_string}\"},\"query-input\":{\"@type\":\"PropertyValueSpecification\",\"valueRequired\":true,\"valueName\":\"search_term_string\"}}],\"inLanguage\":\"de\"}]}<\/script>\n<!-- \/ Yoast SEO plugin. -->","yoast_head_json":{"title":"Numafa - Erfahrener Partner in der industriellen Reinigung","description":"Numafa, seit \u00fcber 40 Jahren ein professioneller und zuverl\u00e4ssiger Partner f\u00fcr industrielle Reinigungsl\u00f6sungen weltweit. Nehmen Sie einfach Kontakt auf!","robots":{"index":"index","follow":"follow","max-snippet":"max-snippet:-1","max-image-preview":"max-image-preview:large","max-video-preview":"max-video-preview:-1"},"canonical":"https:\/\/www.numafa.com\/de\/ueber-uns\/","og_locale":"de_DE","og_type":"article","og_title":"Numafa - Erfahrener Partner in der industriellen Reinigung","og_description":"Numafa, seit \u00fcber 40 Jahren ein professioneller und zuverl\u00e4ssiger Partner f\u00fcr industrielle Reinigungsl\u00f6sungen weltweit. Nehmen Sie einfach Kontakt auf!","og_url":"https:\/\/www.numafa.com\/de\/ueber-uns\/","og_site_name":"Numafa","article_modified_time":"2025-11-24T10:42:17+00:00","twitter_card":"summary_large_image","schema":{"@context":"https:\/\/schema.org","@graph":[{"@type":"WebPage","@id":"https:\/\/www.numafa.com\/de\/ueber-uns\/","url":"https:\/\/www.numafa.com\/de\/ueber-uns\/","name":"Numafa - Erfahrener Partner in der industriellen Reinigung","isPartOf":{"@id":"https:\/\/www.numafa.com\/#website"},"datePublished":"2024-04-26T07:42:58+00:00","dateModified":"2025-11-24T10:42:17+00:00","description":"Numafa, seit \u00fcber 40 Jahren ein professioneller und zuverl\u00e4ssiger Partner f\u00fcr industrielle Reinigungsl\u00f6sungen weltweit. Nehmen Sie einfach Kontakt auf!","breadcrumb":{"@id":"https:\/\/www.numafa.com\/de\/ueber-uns\/#breadcrumb"},"inLanguage":"de","potentialAction":[{"@type":"ReadAction","target":["https:\/\/www.numafa.com\/de\/ueber-uns\/"]}]},{"@type":"BreadcrumbList","@id":"https:\/\/www.numafa.com\/de\/ueber-uns\/#breadcrumb","itemListElement":[{"@type":"ListItem","position":1,"name":"Home","item":"https:\/\/www.numafa.com\/de\/"},{"@type":"ListItem","position":2,"name":"\u00dcber uns"}]},{"@type":"WebSite","@id":"https:\/\/www.numafa.com\/#website","url":"https:\/\/www.numafa.com\/","name":"Numafa","description":"","potentialAction":[{"@type":"SearchAction","target":{"@type":"EntryPoint","urlTemplate":"https:\/\/www.numafa.com\/?s={search_term_string}"},"query-input":{"@type":"PropertyValueSpecification","valueRequired":true,"valueName":"search_term_string"}}],"inLanguage":"de"}]}},"_links":{"self":[{"href":"https:\/\/www.numafa.com\/de\/wp-json\/wp\/v2\/pages\/3459","targetHints":{"allow":["GET"]}}],"collection":[{"href":"https:\/\/www.numafa.com\/de\/wp-json\/wp\/v2\/pages"}],"about":[{"href":"https:\/\/www.numafa.com\/de\/wp-json\/wp\/v2\/types\/page"}],"author":[{"embeddable":true,"href":"https:\/\/www.numafa.com\/de\/wp-json\/wp\/v2\/users\/2"}],"replies":[{"embeddable":true,"href":"https:\/\/www.numafa.com\/de\/wp-json\/wp\/v2\/comments?post=3459"}],"version-history":[{"count":0,"href":"https:\/\/www.numafa.com\/de\/wp-json\/wp\/v2\/pages\/3459\/revisions"}],"wp:attachment":[{"href":"https:\/\/www.numafa.com\/de\/wp-json\/wp\/v2\/media?parent=3459"}],"curies":[{"name":"wp","href":"https:\/\/api.w.org\/{rel}","templated":true}]}}