{"id":3462,"date":"2024-04-26T08:09:55","date_gmt":"2024-04-26T08:09:55","guid":{"rendered":"https:\/\/www.numafa.com\/uber-uns\/vestigingen\/"},"modified":"2026-01-22T14:38:31","modified_gmt":"2026-01-22T14:38:31","slug":"niederlassungen","status":"publish","type":"page","link":"https:\/\/www.numafa.com\/de\/ueber-uns\/niederlassungen\/","title":{"rendered":"Niederlassungen"},"content":{"rendered":"\r\n<section id=\"hero_1\" class=\"text_header desktop_yes mobile_yes  bg_middleblue\">\r\n\t\r\n\t<div class=\"container\">\r\n\t\t<div class=\"row no-gutters\">\r\n\t\t\r\n\t\t\t<div class=\"col-sm-12 col-md-12 col-lg-7 text_links\">\r\n\t\t\t\t\r\n\t\t\t\t\t\t\t\t\t\r\n\t\t\t\t\t<div class=\"outer\">\r\n\t\t\t\t\t\t<div class=\"inner\">\r\n\t\t\t\t\t\t\t<h2 class=\"subtitle\">Niederlassungen<\/h2><h1>Unsere Niederlassungen<\/h1>\t\t\t\t\t\t\t\r\n\t\t\t\t\t\t\t<p>Wir sind weltweit t\u00e4tig. Wir haben Niederlassungen in den Niederlanden, Italien und Amerika. Dar\u00fcber hinaus verf\u00fcgen wir \u00fcber ein umfangreiches internationales Vertreternetzwerk. Dadurch k\u00f6nnen wir industrielle Reinigungsl\u00f6sungen auf allen Kontinenten anbieten.<\/p>\n\t\t\t\t\t\t\t\r\n\t\t\t\t\t\t\t\t\t\t\t\t\t<\/div>\r\n\t\t\t\t\t<\/div>\t\r\n\t\t\t\t\t\t\t<\/div>\r\n\t\t\t\r\n\t\t\t<div class=\"col-sm-12 col-md-12 col-lg-1 empty\">\r\n\t\t\t<\/div>\r\n\t\t\t\r\n\t\t\t<div class=\"col-sm-12 col-md-12 col-lg-4 foto_rechts\">\r\n\t\t\t\t\t\t\t\t\t<div class=\"foto_wrapper\">\r\n\t\t\t\t\t\t<img decoding=\"async\" class=\"object_fit\" \t\t\t\t\t\t\t  \r\n\t\t\t\t\t\t\t  srcset=\"https:\/\/www.numafa.com\/wp-content\/uploads\/pand-numafa-blue-sky-650x310.jpg 650w, https:\/\/www.numafa.com\/wp-content\/uploads\/pand-numafa-blue-sky-1200x572.jpg 1024w, https:\/\/www.numafa.com\/wp-content\/uploads\/pand-numafa-blue-sky-1600x763.jpg 1800w\" \t\t\t\t\t\t\t\t\t  \r\n\t\t\t\t\t\t\t  sizes=\"(max-width: 700px) 650px, (max-width: 1200px) 1024px, 1800px\"  \t  \r\n\t\t\t\t\t\t\t  src=\"https:\/\/www.numafa.com\/wp-content\/uploads\/pand-numafa-blue-sky-1600x763.jpg\" \r\n\t\t\t\t\t\t\t  width=\"1024\"\r\n\t\t\t\t\t\t\t  height=\"488\"\t\t\t\t\t\t\t  \r\n\t\t\t\t\t\t\t  alt=\"Numafa, hoofdkantoor in Heinenoord\" \r\n\t\t\t\t\t\t\t\/>\r\n\t\t\t\t\t<\/div>\r\n\t\t\t\t\r\n\t\t\t\t\t\t\t<\/div>\r\n\t\t<\/div>\r\n\t<\/div>\t\t\r\n<\/section>\r\n\r\n\r\n<script>\r\n\tjQuery(document).ready(function($){\r\n\t\t\r\n\t\tif($('#scroll_to').length){\r\n\t\t\r\n\t\t\t$('#scroll_to').on('click', function(){ \r\n\t\t\t\t\t\t\t\r\n\t\t\t\tvar height = $('#botbar_row').height();\r\n\t\t\t\t\tlink = $(this).attr('href');\r\n\t\t\t\t\t\t\t\t\t\r\n\t\t\t\t\r\n\t\t\t\tif($(window).width() <= 768){\r\n\t\t\t\t\theight = $('#header').height();\r\n\t\t\t\t}\r\n\t\t\t\t\r\n\t\t\t\t\r\n\t\t\t\tif($('#wpadminbar').length){\r\n\t\t\t\t\tif($('#wpadminbar').is(':visible')){\r\n\t\t\t\t\t\theight = height + $('#wpadminbar').height();\r\n\t\t\t\t\t}\r\n\t\t\t\t}\r\n\t\t\t\t\r\n\t\t\t\t$('html, body').animate({\r\n\t\t\t\t\tscrollTop: $(link).offset().top - (height - 1)+'px'\r\n\t\t\t\t}, 500);\r\n\t\t\t\t\r\n\t\t\t\treturn false;\r\n\t\t\t\t\r\n\t\t\t});\r\n\t\t}\r\n\t\t\r\n\t\tvar target = $('#breadcrumbs_section').next('section');\r\n\t\t\r\n\t\tif($(target).hasClass('bg_teal')){\r\n\t\t\tif(!$('body').hasClass('has_bg_teal')){\r\n\t\t\t\t$('body').addClass('has_bg_teal');\r\n\t\t\t}\t\r\n\t\t}\r\n\t\t\r\n\t\tif($(target).hasClass('bg_middleblue')){\r\n\t\t\tif(!$('body').hasClass('has_bg_middleblue')){\r\n\t\t\t\t$('body').addClass('has_bg_middleblue');\r\n\t\t\t}\t\t\t\t\r\n\t\t}\t\t\t\r\n\t\t\r\n\t\t\r\n\t});\r\n<\/script>\t\n\n\r\n<section class=\"whitespace desktop_yes mobile_yes big bg_white\">\r\n<\/section>\n\n<section id=\"usps\" class=\"usps desktop_yes mobile_yes \">\r\n\t<div class=\"container\">\t\t\r\n\t\t<div class=\"row\">\r\n\t\t\t<div class=\"col-sm-12 col-md-12 col-lg-12\">\r\n\t\t\t\t\t\t\t\t\r\n\t\t\t\t<div id=\"usp_item_list\" class=\"owl-carousel inner\">\r\n\t\t\t\t\t\t\t\t\t\r\n\t\t\t\t\t<p class=\"usp_item\">\r\n\t\t\t\t\t\tRobuste Maschinen\t\t\t\t\t<\/p>\t\t\t\t\t\r\n\t\t\t\t\t\t\t\t\t\r\n\t\t\t\t\t<p class=\"usp_item\">\r\n\t\t\t\t\t\tAutomatisieren &amp; Waschen\t\t\t\t\t<\/p>\t\t\t\t\t\r\n\t\t\t\t\t\t\t\t\t\r\n\t\t\t\t\t<p class=\"usp_item\">\r\n\t\t\t\t\t\tL\u00f6sungen f\u00fcr jede Kapazit\u00e4t\t\t\t\t\t<\/p>\t\t\t\t\t\r\n\t\t\t\t\t\t\t\t\t\r\n\t\t\t\t\t<p class=\"usp_item\">\r\n\t\t\t\t\t\tLange Lebensdauer\t\t\t\t\t<\/p>\t\t\t\t\t\r\n\t\t\t\t\t\t\t\t\t\r\n\t\t\t\t\t<p class=\"usp_item\">\r\n\t\t\t\t\t\tGeringe Wartungskosten\t\t\t\t\t<\/p>\t\t\t\t\t\r\n\t\t\t\t\t\t\t\t<\/div>\r\n\t\t\t\t\t\r\n\t\t\t<\/div>\r\n\t\t<\/div>\r\n\t<\/div>\t\r\n<\/section>\r\n\n\n\r\n<section class=\"whitespace desktop_yes mobile_yes big bg_white\">\r\n<\/section>\n\n<section class=\"product_tegels_1 desktop_yes mobile_yes \">\r\n\t<div class=\"container\">\r\n\t\t<div class=\"row\">\r\n\t\t\r\n\t\t\t<div class=\"col-sm-12 col-md-12 col-lg-1 empty\">\r\n\t\t\t<\/div>\r\n\t\t\t\r\n\t\t\t<div class=\"col-sm-12 col-md-12 col-lg-7 product_intro\">\r\n\t\t\t\t<h2>Niederlassungen<\/h2>\t\t\t\t\r\n\t\t\t\t<p>Unser Hauptsitz befindet sich im niederl\u00e4ndischen Heinenoord. Dar\u00fcber hinaus haben wir Zweigniederlassung in Houston, Texas.<\/p>\n\t\t\t\t\r\n\t\t\t\t\t\t\t\r\n\t\t\t<\/div>\r\n\r\n\t\t\t<div class=\"col-sm-12 col-md-12 col-lg-4 empty\">\r\n\t\t\t<\/div>\t\t\t\r\n\t\r\n\t\t<\/div>\r\n\t<\/div>\r\n\t\r\n\t<div id=\"producten_section\" class=\"producten_section bg_primary_50\">\t\r\n\t\t<div class=\"container\">\t\r\n\t\t\t\r\n\t\t\t<div class=\"row owl-carousel col_2\" id=\"product_carousel\">\t\t\r\n\t\t\t\r\n\t\t\t\r\n\t\t\t\t\r\n\t\t\t\t<div class=\"col-sm-12 col-md-6 col-lg-4\">\r\n\t\t\t\r\n\t\t\t\t\t<div class=\"inner\">\t\t\t\t\t\r\n\t\t\t\t\t\t<div class=\"product_tegel\">\r\n\t\t\t\t\t\t\t\t\t\t\t\t\t\t<div class=\"foto_wrap\">\r\n\t\t\t\t\t\t\t\t<img decoding=\"async\" class=\"object_fit\" \t\t\t\t\t\t\t  \r\n\t\t\t\t\t\t\t\t  srcset=\"https:\/\/www.numafa.com\/wp-content\/uploads\/pand-numafa-blue-sky-650x310.jpg 650w, https:\/\/www.numafa.com\/wp-content\/uploads\/pand-numafa-blue-sky-1600x763.jpg 1024w, https:\/\/www.numafa.com\/wp-content\/uploads\/pand-numafa-blue-sky-1600x763.jpg 1800w\" \t\t\t\t\t\t\t\t\t  \r\n\t\t\t\t\t\t\t\t  sizes=\"(max-width: 700px) 650px, (max-width: 1200px) 1024px, 1800px\"  \t  \r\n\t\t\t\t\t\t\t\t  src=\"https:\/\/www.numafa.com\/wp-content\/uploads\/pand-numafa-blue-sky-1600x763.jpg\" \r\n\t\t\t\t\t\t\t\t  width=\"1024\"\r\n\t\t\t\t\t\t\t\t  height=\"488\"\t\t\t\t\t\t\t  \r\n\t\t\t\t\t\t\t\t  alt=\"Numafa, hoofdkantoor in Heinenoord\" \r\n\t\t\t\t\t\t\t\t\/>\t\t\t\t\t\t\r\n\t\t\t\t\t\t\t<\/div>\r\n\t\t\t\t\t\t\t\t\t\t\t\t\t\t<div class=\"text_block\">\r\n\t\t\t\t\t\t\t\t\r\n\t\t\t\t\t\t\t\t<div>\r\n\t\t\t\t\t\t\t\t\t<h3>Numafa Cleaning &amp; Automation B.V.<\/h3>\r\n\t\t\t\t\t\t\t\t\t<p>Postadresse:<br \/>\nPostbus 5930<br \/>\n3273 ZG Westmaas<br \/>\nNiederlande<\/p>\n<p>Besuchsadresse:<br \/>\nSikkel 1<br \/>\n3272 KK Heinenoord<br \/>\nNiederlande<\/p>\n<p>E-Mail-Adresse:<br \/>\nGeneral \/ sales: <a href=\"mailto:info@numafa.com\">info@numafa.com<\/a><br \/>\nService: <a href=\"mailto:service@numafa.com\">service@numafa.com<\/a><br \/>\nParts: <a href=\"mailto:spareparts@numafa.com\">spareparts@numafa.com<\/a><\/p>\n<p>Tel. general: <a href=\"tel:0031186650850\">+31 (0) 186 650 850<\/a><br \/>\nTel. service &amp; parts:<a href=\"tel:0031186760560\"> +31 (0) 186 760 560<\/a><\/p>\n\t\t\t\t\t\t\t\t\r\n\t\t\t\t\t\t\t\t\t\r\n\t\t\t\t\t\t\t\t\t<a class=\"trigger\" href=\"\">Entdecke mehr\t\t\t\t\t\t\t\t\t<\/a>\r\n\t\t\t\t\t\t\t\t\t<div class=\"fold_out\">\r\n\t\t\t\t\t\t\t\t\t\t<p>KvK: 53842405<br \/>\nBTW nummer: NL851040500B01<br \/>\nBank: Rabobank<br \/>\nBIC\/SWIFTCODE: RABONL2U<br \/>\nIBAN: NL55RABO0115436146<\/p>\n\t\t\t\t\t\t\t\t\t<\/div>\r\n\t\t\t\t\t\t\t\t\t\r\n\r\n\t\t\t\t\t\t\t\t<\/div>\r\n\t\t\t\t\t\t\t\t\r\n\t\t\t\t\t\t\t\t\r\n\t\t\t\t\t\t\t\t\r\n\t\t\t\t\t\t\t\t<div class=\"button_wrap text_align_center\">\r\n\r\n\t\t\t\t\t\t\t\t\t\t\t\t\t\t\t\t\t<\/div>\r\n\r\n\t\t\t\t\t\t\t<\/div>\r\n\t\t\t\t\t\t<\/div>\r\n\t\t\t\t\t\t\r\n\t\t\t\t\t\t\t\t\t\t\t\r\n\t\t\t\t\t<\/div><!-- inner -->\r\n\t\t\t\r\n\t\t\t\t<\/div>\r\n\t\t\t\t\r\n\t\t\t\t<div class=\"col-sm-12 col-md-6 col-lg-4\">\r\n\t\t\t\r\n\t\t\t\t\t<div class=\"inner\">\t\t\t\t\t\r\n\t\t\t\t\t\t<div class=\"product_tegel\">\r\n\t\t\t\t\t\t\t\t\t\t\t\t\t\t<div class=\"foto_wrap\">\r\n\t\t\t\t\t\t\t\t<img decoding=\"async\" class=\"object_fit\" \t\t\t\t\t\t\t  \r\n\t\t\t\t\t\t\t\t  srcset=\"https:\/\/www.numafa.com\/wp-content\/uploads\/Numafa-pand-USA-650x464.jpg 650w, https:\/\/www.numafa.com\/wp-content\/uploads\/Numafa-pand-USA-1600x1143.jpg 1024w, https:\/\/www.numafa.com\/wp-content\/uploads\/Numafa-pand-USA-1600x1143.jpg 1800w\" \t\t\t\t\t\t\t\t\t  \r\n\t\t\t\t\t\t\t\t  sizes=\"(max-width: 700px) 650px, (max-width: 1200px) 1024px, 1800px\"  \t  \r\n\t\t\t\t\t\t\t\t  src=\"https:\/\/www.numafa.com\/wp-content\/uploads\/Numafa-pand-USA-1600x1143.jpg\" \r\n\t\t\t\t\t\t\t\t  width=\"1024\"\r\n\t\t\t\t\t\t\t\t  height=\"732\"\t\t\t\t\t\t\t  \r\n\t\t\t\t\t\t\t\t  alt=\"Numafa USA office\" \r\n\t\t\t\t\t\t\t\t\/>\t\t\t\t\t\t\r\n\t\t\t\t\t\t\t<\/div>\r\n\t\t\t\t\t\t\t\t\t\t\t\t\t\t<div class=\"text_block\">\r\n\t\t\t\t\t\t\t\t\r\n\t\t\t\t\t\t\t\t<div>\r\n\t\t\t\t\t\t\t\t\t<h3>Numafa USA Inc.<\/h3>\r\n\t\t\t\t\t\t\t\t\t<p>Postadresse:<br \/>\n10055 Regal Row, Suite 150<br \/>\nHouston, TX 77040, United States of America<\/p>\n<p>Besuchadresse:<br \/>\n10055 Regal Row, Suite 150<br \/>\nHouston, TX 77040, United States of America<\/p>\n<p>E-Mail-Adresse:<br \/>\nGeneral \/ sales: sales.usa@numafa.com<br \/>\nService: service.usa@numafa.com<br \/>\nParts: spareparts.usa@numafa.com<\/p>\n<p>Tel. general: +1 281 845 4514<\/p>\n\t\t\t\t\t\t\t\t\r\n\t\t\t\t\t\t\t\t\t\r\n\r\n\t\t\t\t\t\t\t\t<\/div>\r\n\t\t\t\t\t\t\t\t\r\n\t\t\t\t\t\t\t\t\r\n\t\t\t\t\t\t\t\t\r\n\t\t\t\t\t\t\t\t<div class=\"button_wrap text_align_center\">\r\n\r\n\t\t\t\t\t\t\t\t\t\t\t\t\t\t\t\t\t<\/div>\r\n\r\n\t\t\t\t\t\t\t<\/div>\r\n\t\t\t\t\t\t<\/div>\r\n\t\t\t\t\t\t\r\n\t\t\t\t\t\t\t\t\t\t\t\r\n\t\t\t\t\t<\/div><!-- inner -->\r\n\t\t\t\r\n\t\t\t\t<\/div>\r\n\t\t\t\t\t\t\r\n\t\t\t\t\t\t\r\n\t\t\t\r\n\t\t\t<\/div>\r\n\t\t<\/div>\r\n\t<\/div>\t\r\n\t\t\t\r\n<\/section>\r\n\r\n<section class=\"product_cta bg_primary_50\">\r\n\t<div class=\"container\">\r\n\t\t<div class=\"row\">\r\n\t\t\r\n\t\t\t<div class=\"col-sm-12 col-md-12 col-lg-2 empty\">\r\n\t\t\t<\/div>\r\n\t\t\t\r\n\t\t\t<div class=\"col-sm-12 col-md-12 col-lg-8\">\r\n\t\t\t\t\r\n\t\t\t\t<div class=\"row vertical_centered sm_reverse_order\">\r\n\t\t\t\t\r\n\t\t\t\t\t<div class=\"col-sm-12 col-md-9 col-lg-9\">\r\n\t\t\t\t\t\r\n\t\t\t\t\t\r\n\t\t\t\t\t\t\t\t\t\t\r\n\t\t\t\t\t\t\t\t\t\t\r\n\t\t\t\t\t\t\t\t\t\t\t\r\n\t\t\t\t\t<\/div>\r\n\t\t\t\t\t\r\n\t\t\t\t\t<div class=\"col-sm-12 col-md-3 col-lg-3 foto_container\">\r\n\t\t\t\t\t\t\t\t\t\t\t<\/div>\r\n\r\n\t\t\t\t<\/div>\r\n\t\t\t\t\t\t\t\r\n\t\t\t<\/div>\r\n\r\n\t\t\t<div class=\"col-sm-12 col-md-12 col-lg-2 empty\">\r\n\t\t\t<\/div>\t\t\t\r\n\t\r\n\t\t<\/div>\r\n\t<\/div>\r\n<\/section>\r\n\r\n\r\n<script>\r\n\tjQuery(document).ready(function($){\r\n\t\t$(window).resize(function(){\r\n\t\t\tif($(window).width() < 768){\t\r\n\t\t\t\t$('#product_carousel.owl-carousel').owlCarousel({ \r\n\t\t\t\t\tmargin: 16,\r\n\t\t\t\t\tnav: false,\r\n\t\t\t\t\tautoplay: false,\r\n\t\t\t\t\tloop: true,\r\n\t\t\t\t\tautoWidth: false,\t\t\t\r\n\t\t\t\t\tfluidSpeed: 250,\t\t\t\t\r\n\t\t\t\t\tdots: true,\r\n\t\t\t\t\tcenter: true,\r\n\t\t\t\t\titems: 1.15\r\n\t\t\t\t});\r\n\t\t\t}\t\r\n\t\t}).resize();\r\n\t\t\r\n\t\t$('a.trigger').on('click', function(){\r\n\t\t\t\r\n\t\t\tvar target = $(this).parent().find('.fold_out');\r\n\t\t\t\r\n\t\t\tif($(target).is(':visible')){\r\n\t\t\t\t$(target).slideUp();\r\n\t\t\t\t$(this).removeClass('open');\r\n\t\t\t}\r\n\t\t\telse \r\n\t\t\t{\r\n\t\t\t\t$(target).slideDown();\r\n\t\t\t\t$(this).addClass('open');\t\t\t\t\r\n\t\t\t}\r\n\t\t\treturn false;\r\n\t\t});\r\n\t});\t\r\n<\/script>\n\n\r\n<section class=\"whitespace desktop_yes mobile_yes big bg_white\">\r\n<\/section>\n\n<section class=\"text desktop_yes mobile_yes \">\r\n\t<div class=\"container\">\r\n\t\t<div class=\"row\">\r\n\t\t\r\n\t\t\t<div class=\"col-sm-12 col-md-12 col-lg-3 empty\">\r\n\t\t\t<\/div>\r\n\t\t\t\r\n\t\t\t\t\t\t<div class=\"col-sm-12 col-md-12 col-lg-6\">\r\n\t\t\t\t<h2>Numafa, seit \u00fcber 40 Jahren f\u00fchrend in der industriellen Reinigung<\/h2>\t\t\t\t\r\n\t\t\t\t<p>Bereits seit \u00fcber 40 Jahren sind wir ein f\u00fchrender Anbieter von innovativen Reinigungsl\u00f6sungen. Wir streben kontinuierlich nach Nachhaltigkeit, Effizienz und Innovation.<\/p>\n<p>Bei Numafa setzen wir auf Qualit\u00e4t. Unter Verwendung nat\u00fcrlicher Energiequellen und langlebiger Materialien entwickeln wir robuste Maschinen, die wiederverwendbare Produkttr\u00e4ger effizient und mit hoher Kapazit\u00e4t reinigen.<\/p>\n\t\t\t\t\r\n\t\t\t\t<div class=\"cta bg_blue border_radius\"><a href=\"https:\/\/www.numafa.com\/de\/ueber-uns\/\">\u00dcber uns<\/a>\n<\/div>\t\t\t\t\r\n\t\t\t<\/div>\r\n\r\n\t\t\t<div class=\"col-sm-12 col-md-12 col-lg-3 empty\">\r\n\t\t\t<\/div>\t\t\t\r\n\t\r\n\t\t<\/div>\r\n\t<\/div>\r\n<\/section>\n\n\r\n<section class=\"whitespace desktop_yes mobile_yes big bg_white\">\r\n<\/section>\n\n\r\n<section class=\"cta_banner_2 desktop_yes mobile_yes \">\t\r\n\t\r\n\t<div class=\"container\">\r\n\t\t\r\n\t\t<div class=\"row no-gutters bg_teal_100\">\r\n\t\t\r\n\t\t\t<div class=\"col-sm-12 col-md-12 col-lg-8\">\r\n\r\n\t\t\t\t\t<div class=\"inner\">\r\n\t\t\t\t\t\t<h2 class=\"heading\">Wie k\u00f6nnen wir Ihnen helfen? <\/h2>\t\t\t\t\t\t\r\n\t\t\t\t\t\t<ul>\n<li>Erfahrene technische Berater.<\/li>\n<li>L\u00f6sungsorientierte individuelle Beratung.<\/li>\n<\/ul>\n\t\t\t\t\t\t\r\n\t\t\t\t\t\t<div class=\"cta bg_blue border_radius\"><a href=\"https:\/\/www.numafa.com\/de\/kontakt\/\">Nehmen Sie Kontakt mit uns auf<\/a>\n<\/div>\t\t\t\t\t<\/div>\r\n\r\n\t\t\t<\/div>\r\n\t\t\t\t\t\t\r\n\t\t\t<div class=\"col-sm-12 col-md-12 col-lg-4\">\t\t\t\t\r\n\t\t\t\t<div class=\"foto_wrapper\">\r\n\t\t\t\t\t\t\t\t\t\t<img decoding=\"async\" class=\"object_fit\" \t\t\t\t\t\t\t  \r\n\t\t\t\t\t\t  srcset=\"https:\/\/www.numafa.com\/wp-content\/uploads\/Numafa-service-bus-0081.jpg 650w, https:\/\/www.numafa.com\/wp-content\/uploads\/Numafa-service-bus-0081.jpg 1024w, https:\/\/www.numafa.com\/wp-content\/uploads\/Numafa-service-bus-0081.jpg 1800w\" \t\t\t\t\t\t\t\t\t  \r\n\t\t\t\t\t\t  sizes=\"(max-width: 700px) 650px, (max-width: 1200px) 1024px, 1800px\"  \t  \r\n\t\t\t\t\t\t  src=\"https:\/\/www.numafa.com\/wp-content\/uploads\/Numafa-service-bus-0081.jpg\" \r\n\t\t\t\t\t\t  width=\"1024\"\r\n\t\t\t\t\t\t  height=\"768\"\t\t\t\t\t\t\t  \r\n\t\t\t\t\t\t  alt=\"Service bus\" \r\n\t\t\t\t\t\t\/>\r\n\t\t\t\t\t\t\r\n\t\t\t\t<\/div>\r\n\t\t\t<\/div>\r\n\t\t<\/div>\r\n\t<\/div>\t\r\n\t\r\n<\/section>\n\n\r\n<section class=\"whitespace desktop_yes mobile_yes big bg_white\">\r\n<\/section>","protected":false},"excerpt":{"rendered":"","protected":false},"author":2,"featured_media":0,"parent":3459,"menu_order":0,"comment_status":"closed","ping_status":"closed","template":"","meta":{"_acf_changed":false,"inline_featured_image":false,"footnotes":""},"class_list":["post-3462","page","type-page","status-publish","hentry"],"acf":[],"yoast_head":"<!-- This site is optimized with the Yoast SEO plugin v26.7 - https:\/\/yoast.com\/wordpress\/plugins\/seo\/ -->\n<title>Unsere Niederlassungen | Numafa Cleaning &amp; Automation<\/title>\n<meta name=\"description\" content=\"Numafa Niederlassungen in den Niederlanden und den USA plus internationales Vertreternetzwerk, f\u00fcr industrielle Reinigungsl\u00f6sungen weltweit.\" \/>\n<meta name=\"robots\" content=\"index, follow, max-snippet:-1, max-image-preview:large, max-video-preview:-1\" \/>\n<link rel=\"canonical\" href=\"https:\/\/www.numafa.com\/de\/ueber-uns\/niederlassungen\/\" \/>\n<meta property=\"og:locale\" content=\"de_DE\" \/>\n<meta property=\"og:type\" content=\"article\" \/>\n<meta property=\"og:title\" content=\"Unsere Niederlassungen | Numafa Cleaning &amp; Automation\" \/>\n<meta property=\"og:description\" content=\"Numafa Niederlassungen in den Niederlanden und den USA plus internationales Vertreternetzwerk, f\u00fcr industrielle Reinigungsl\u00f6sungen weltweit.\" \/>\n<meta property=\"og:url\" content=\"https:\/\/www.numafa.com\/de\/ueber-uns\/niederlassungen\/\" \/>\n<meta property=\"og:site_name\" content=\"Numafa\" \/>\n<meta property=\"article:modified_time\" content=\"2026-01-22T14:38:31+00:00\" \/>\n<meta name=\"twitter:card\" content=\"summary_large_image\" \/>\n<meta name=\"twitter:label1\" content=\"Gesch\u00e4tzte Lesezeit\" \/>\n\t<meta name=\"twitter:data1\" content=\"2\u00a0Minuten\" \/>\n<script type=\"application\/ld+json\" class=\"yoast-schema-graph\">{\"@context\":\"https:\/\/schema.org\",\"@graph\":[{\"@type\":\"WebPage\",\"@id\":\"https:\/\/www.numafa.com\/de\/ueber-uns\/niederlassungen\/\",\"url\":\"https:\/\/www.numafa.com\/de\/ueber-uns\/niederlassungen\/\",\"name\":\"Unsere Niederlassungen | Numafa Cleaning & Automation\",\"isPartOf\":{\"@id\":\"https:\/\/www.numafa.com\/#website\"},\"datePublished\":\"2024-04-26T08:09:55+00:00\",\"dateModified\":\"2026-01-22T14:38:31+00:00\",\"description\":\"Numafa Niederlassungen in den Niederlanden und den USA plus internationales Vertreternetzwerk, f\u00fcr industrielle Reinigungsl\u00f6sungen weltweit.\",\"breadcrumb\":{\"@id\":\"https:\/\/www.numafa.com\/de\/ueber-uns\/niederlassungen\/#breadcrumb\"},\"inLanguage\":\"de\",\"potentialAction\":[{\"@type\":\"ReadAction\",\"target\":[\"https:\/\/www.numafa.com\/de\/ueber-uns\/niederlassungen\/\"]}]},{\"@type\":\"BreadcrumbList\",\"@id\":\"https:\/\/www.numafa.com\/de\/ueber-uns\/niederlassungen\/#breadcrumb\",\"itemListElement\":[{\"@type\":\"ListItem\",\"position\":1,\"name\":\"Home\",\"item\":\"https:\/\/www.numafa.com\/de\/\"},{\"@type\":\"ListItem\",\"position\":2,\"name\":\"\u00dcber uns\",\"item\":\"https:\/\/www.numafa.com\/de\/ueber-uns\/\"},{\"@type\":\"ListItem\",\"position\":3,\"name\":\"Niederlassungen\"}]},{\"@type\":\"WebSite\",\"@id\":\"https:\/\/www.numafa.com\/#website\",\"url\":\"https:\/\/www.numafa.com\/\",\"name\":\"Numafa\",\"description\":\"\",\"potentialAction\":[{\"@type\":\"SearchAction\",\"target\":{\"@type\":\"EntryPoint\",\"urlTemplate\":\"https:\/\/www.numafa.com\/?s={search_term_string}\"},\"query-input\":{\"@type\":\"PropertyValueSpecification\",\"valueRequired\":true,\"valueName\":\"search_term_string\"}}],\"inLanguage\":\"de\"}]}<\/script>\n<!-- \/ Yoast SEO plugin. -->","yoast_head_json":{"title":"Unsere Niederlassungen | Numafa Cleaning & Automation","description":"Numafa Niederlassungen in den Niederlanden und den USA plus internationales Vertreternetzwerk, f\u00fcr industrielle Reinigungsl\u00f6sungen weltweit.","robots":{"index":"index","follow":"follow","max-snippet":"max-snippet:-1","max-image-preview":"max-image-preview:large","max-video-preview":"max-video-preview:-1"},"canonical":"https:\/\/www.numafa.com\/de\/ueber-uns\/niederlassungen\/","og_locale":"de_DE","og_type":"article","og_title":"Unsere Niederlassungen | Numafa Cleaning & Automation","og_description":"Numafa Niederlassungen in den Niederlanden und den USA plus internationales Vertreternetzwerk, f\u00fcr industrielle Reinigungsl\u00f6sungen weltweit.","og_url":"https:\/\/www.numafa.com\/de\/ueber-uns\/niederlassungen\/","og_site_name":"Numafa","article_modified_time":"2026-01-22T14:38:31+00:00","twitter_card":"summary_large_image","twitter_misc":{"Gesch\u00e4tzte Lesezeit":"2\u00a0Minuten"},"schema":{"@context":"https:\/\/schema.org","@graph":[{"@type":"WebPage","@id":"https:\/\/www.numafa.com\/de\/ueber-uns\/niederlassungen\/","url":"https:\/\/www.numafa.com\/de\/ueber-uns\/niederlassungen\/","name":"Unsere Niederlassungen | Numafa Cleaning & Automation","isPartOf":{"@id":"https:\/\/www.numafa.com\/#website"},"datePublished":"2024-04-26T08:09:55+00:00","dateModified":"2026-01-22T14:38:31+00:00","description":"Numafa Niederlassungen in den Niederlanden und den USA plus internationales Vertreternetzwerk, f\u00fcr industrielle Reinigungsl\u00f6sungen weltweit.","breadcrumb":{"@id":"https:\/\/www.numafa.com\/de\/ueber-uns\/niederlassungen\/#breadcrumb"},"inLanguage":"de","potentialAction":[{"@type":"ReadAction","target":["https:\/\/www.numafa.com\/de\/ueber-uns\/niederlassungen\/"]}]},{"@type":"BreadcrumbList","@id":"https:\/\/www.numafa.com\/de\/ueber-uns\/niederlassungen\/#breadcrumb","itemListElement":[{"@type":"ListItem","position":1,"name":"Home","item":"https:\/\/www.numafa.com\/de\/"},{"@type":"ListItem","position":2,"name":"\u00dcber uns","item":"https:\/\/www.numafa.com\/de\/ueber-uns\/"},{"@type":"ListItem","position":3,"name":"Niederlassungen"}]},{"@type":"WebSite","@id":"https:\/\/www.numafa.com\/#website","url":"https:\/\/www.numafa.com\/","name":"Numafa","description":"","potentialAction":[{"@type":"SearchAction","target":{"@type":"EntryPoint","urlTemplate":"https:\/\/www.numafa.com\/?s={search_term_string}"},"query-input":{"@type":"PropertyValueSpecification","valueRequired":true,"valueName":"search_term_string"}}],"inLanguage":"de"}]}},"_links":{"self":[{"href":"https:\/\/www.numafa.com\/de\/wp-json\/wp\/v2\/pages\/3462","targetHints":{"allow":["GET"]}}],"collection":[{"href":"https:\/\/www.numafa.com\/de\/wp-json\/wp\/v2\/pages"}],"about":[{"href":"https:\/\/www.numafa.com\/de\/wp-json\/wp\/v2\/types\/page"}],"author":[{"embeddable":true,"href":"https:\/\/www.numafa.com\/de\/wp-json\/wp\/v2\/users\/2"}],"replies":[{"embeddable":true,"href":"https:\/\/www.numafa.com\/de\/wp-json\/wp\/v2\/comments?post=3462"}],"version-history":[{"count":0,"href":"https:\/\/www.numafa.com\/de\/wp-json\/wp\/v2\/pages\/3462\/revisions"}],"up":[{"embeddable":true,"href":"https:\/\/www.numafa.com\/de\/wp-json\/wp\/v2\/pages\/3459"}],"wp:attachment":[{"href":"https:\/\/www.numafa.com\/de\/wp-json\/wp\/v2\/media?parent=3462"}],"curies":[{"name":"wp","href":"https:\/\/api.w.org\/{rel}","templated":true}]}}