{"id":3465,"date":"2024-04-26T08:26:11","date_gmt":"2024-04-26T08:26:11","guid":{"rendered":"https:\/\/www.numafa.com\/uber-uns\/leveringsvoorwaarden\/"},"modified":"2024-06-17T09:49:59","modified_gmt":"2024-06-17T09:49:59","slug":"lieferbedingungen","status":"publish","type":"page","link":"https:\/\/www.numafa.com\/de\/ueber-uns\/lieferbedingungen\/","title":{"rendered":"Lieferbedingungen"},"content":{"rendered":"\r\n<section id=\"hero_1\" class=\"text_header desktop_yes mobile_yes  bg_middleblue\">\r\n\t\r\n\t<div class=\"container\">\r\n\t\t<div class=\"row no-gutters sm_reverse_order\">\r\n\t\t\r\n\t\t\t<div class=\"col-sm-12 col-md-12 col-lg-4 foto_links\">\r\n\t\t\t\t\r\n\t\t\t\t\t\t\t\t\t<div class=\"foto_wrapper\">\r\n\t\t\t\t\t\t<img decoding=\"async\" class=\"object_fit\" \t\t\t\t\t\t\t  \r\n\t\t\t\t\t\t\t  srcset=\"https:\/\/www.numafa.com\/wp-content\/uploads\/Numafa-April2024-5-Edit-650x488.jpg 650w, https:\/\/www.numafa.com\/wp-content\/uploads\/Numafa-April2024-5-Edit-1200x900.jpg 1024w, https:\/\/www.numafa.com\/wp-content\/uploads\/Numafa-April2024-5-Edit-1600x1200.jpg 1800w\" \t\t\t\t\t\t\t\t\t  \r\n\t\t\t\t\t\t\t  sizes=\"(max-width: 700px) 650px, (max-width: 1200px) 1024px, 1800px\"  \t  \r\n\t\t\t\t\t\t\t  src=\"https:\/\/www.numafa.com\/wp-content\/uploads\/Numafa-April2024-5-Edit-1600x1200.jpg\" \r\n\t\t\t\t\t\t\t  width=\"1024\"\r\n\t\t\t\t\t\t\t  height=\"768\"\t\t\t\t\t\t\t  \r\n\t\t\t\t\t\t\t  alt=\"Medewerkers van Numafa bij een reinigingsoplossing\" \r\n\t\t\t\t\t\t\t\/>\r\n\t\t\t\t\t<\/div>\r\n\t\t\t\t\r\n\t\t\t\t\t\t\t<\/div>\r\n\t\t\t\r\n\t\t\t<div class=\"col-sm-12 col-md-12 col-lg-1 empty\">\r\n\t\t\t<\/div>\r\n\t\t\t\r\n\t\t\t<div class=\"col-sm-12 col-md-12 col-lg-7 text_rechts\">\r\n\t\t\t\t\t\t\t\t\t<div class=\"outer\">\t\r\n\t\t\t\t\t\t<div class=\"inner\">\r\n\t\t\t\t\t\t\t<h2 class=\"subtitle\">Lieferbedingungen<\/h2><h1>Unsere Lieferbedingungen<\/h1>\t\t\t\t\t\t\t\r\n\t\t\t\t\t\t\t<p>Wir bieten unseren Kunden vor, w\u00e4hrend und nach der Lieferung eines Systems einen hervorragenden Service und Support. Lesen Sie sich unsere Lieferbedingungen durch.<\/p>\n\t\t\t\t\t\t\t\r\n\t\t\t\t\t\t\t\t\t\t\t\t\t<\/div>\r\n\t\t\t\t\t<\/div>\t\r\n\t\t\t\t\t\t\t<\/div>\r\n\t\t<\/div>\r\n\t<\/div>\t\t\r\n<\/section>\r\n\r\n\r\n<script>\r\n\tjQuery(document).ready(function($){\r\n\t\t\r\n\t\tif($('#scroll_to').length){\r\n\t\t\r\n\t\t\t$('#scroll_to').on('click', function(){ \r\n\t\t\t\t\t\t\t\r\n\t\t\t\tvar height = $('#botbar_row').height();\r\n\t\t\t\t\tlink = $(this).attr('href');\r\n\t\t\t\t\t\t\t\t\t\r\n\t\t\t\t\r\n\t\t\t\tif($(window).width() <= 768){\r\n\t\t\t\t\theight = $('#header').height();\r\n\t\t\t\t}\r\n\t\t\t\t\r\n\t\t\t\t\r\n\t\t\t\tif($('#wpadminbar').length){\r\n\t\t\t\t\tif($('#wpadminbar').is(':visible')){\r\n\t\t\t\t\t\theight = height + $('#wpadminbar').height();\r\n\t\t\t\t\t}\r\n\t\t\t\t}\r\n\t\t\t\t\r\n\t\t\t\t$('html, body').animate({\r\n\t\t\t\t\tscrollTop: $(link).offset().top - (height - 1)+'px'\r\n\t\t\t\t}, 500);\r\n\t\t\t\t\r\n\t\t\t\treturn false;\r\n\t\t\t\t\r\n\t\t\t});\r\n\t\t}\r\n\t\t\r\n\t\tvar target = $('#breadcrumbs_section').next('section');\r\n\t\t\r\n\t\tif($(target).hasClass('bg_teal')){\r\n\t\t\tif(!$('body').hasClass('has_bg_teal')){\r\n\t\t\t\t$('body').addClass('has_bg_teal');\r\n\t\t\t}\t\r\n\t\t}\r\n\t\t\r\n\t\tif($(target).hasClass('bg_middleblue')){\r\n\t\t\tif(!$('body').hasClass('has_bg_middleblue')){\r\n\t\t\t\t$('body').addClass('has_bg_middleblue');\r\n\t\t\t}\t\t\t\t\r\n\t\t}\t\t\t\r\n\t\t\r\n\t\t\r\n\t});\r\n<\/script>\t\n\n\r\n<section class=\"whitespace desktop_yes mobile_yes big bg_white\">\r\n<\/section>\n\n<section id=\"usps\" class=\"usps desktop_yes mobile_yes \">\r\n\t<div class=\"container\">\t\t\r\n\t\t<div class=\"row\">\r\n\t\t\t<div class=\"col-sm-12 col-md-12 col-lg-12\">\r\n\t\t\t\t\t\t\t\t\r\n\t\t\t\t<div id=\"usp_item_list\" class=\"owl-carousel inner\">\r\n\t\t\t\t\t\t\t\t\t\r\n\t\t\t\t\t<p class=\"usp_item\">\r\n\t\t\t\t\t\tL\u00f6sungen f\u00fcr jede Kapazit\u00e4t\t\t\t\t\t<\/p>\t\t\t\t\t\r\n\t\t\t\t\t\t\t\t\t\r\n\t\t\t\t\t<p class=\"usp_item\">\r\n\t\t\t\t\t\tRobuste Maschinen\t\t\t\t\t<\/p>\t\t\t\t\t\r\n\t\t\t\t\t\t\t\t\t\r\n\t\t\t\t\t<p class=\"usp_item\">\r\n\t\t\t\t\t\tAutomatisieren &amp; Waschen\t\t\t\t\t<\/p>\t\t\t\t\t\r\n\t\t\t\t\t\t\t\t\t\r\n\t\t\t\t\t<p class=\"usp_item\">\r\n\t\t\t\t\t\tLange Lebensdauer\t\t\t\t\t<\/p>\t\t\t\t\t\r\n\t\t\t\t\t\t\t\t\t\r\n\t\t\t\t\t<p class=\"usp_item\">\r\n\t\t\t\t\t\tGeringe Wartungskosten\t\t\t\t\t<\/p>\t\t\t\t\t\r\n\t\t\t\t\t\t\t\t<\/div>\r\n\t\t\t\t\t\r\n\t\t\t<\/div>\r\n\t\t<\/div>\r\n\t<\/div>\t\r\n<\/section>\r\n\n\n\r\n<section class=\"whitespace desktop_yes mobile_yes big bg_white\">\r\n<\/section>\n\n<section id=\"text_accordeon\" class=\"text_accordeon desktop_yes mobile_yes bg_ \">\r\n\t\t\r\n\t<div class=\"container\">\r\n\t\t<div class=\"row\">\r\n\t\t\t<div class=\"col-sm-12 col-md-12 col-lg-5 left_column\">\r\n\t\t\t\t<div class=\"inner\">\r\n\t\t\t\t\t<h2>Laden Sie sich unsere Lieferbedingungen herunter<\/h2>\t\t\t\t\t\r\n\t\t\t\t\t<p>Wir legen gro\u00dfen Wert auf Transparenz und Klarheit. Laden Sie sich hier unsere Lieferbedingungen herunter.<\/p>\n\t\t\t\t\t\r\n\t\t\t\t\t\t\t\t\t\t\r\n\t\t\t\t\t\r\n\t\t\t\t<\/div>\t\t\t\t\r\n\t\t\t<\/div>\t\t\r\n\t\t\t<div class=\"col-sm-12 col-md-12 col-lg-7 right_column\">\r\n\t\t\t\t<div class=\"inner\">\r\n\t\t\t\t<div id=\"faq_box\" class=\"faq_box\"><div class=\"faq_wrap\"><div class=\"faq_title\"><span class=\"subtitle\"><\/span><h3 class=\"title\">Standard-Einkaufsbedingungen<\/h3><\/div><div class=\"faq_text\"><div class=\"faq_inner\"><p><a href=\"https:\/\/www.numafa.com\/wp-content\/uploads\/algemene_inkoopvoorwaarden__aanvullende__engels.pdf\" target=\"_blank\" rel=\"noopener\">Laden Sie unsere Standard-Einkaufsbedingungen.<\/a><\/p>\n<\/div><\/div><\/div><div class=\"faq_wrap\"><div class=\"faq_title\"><span class=\"subtitle\"><\/span><h3 class=\"title\">Incoterms<\/h3><\/div><div class=\"faq_text\"><div class=\"faq_inner\"><p><a href=\"https:\/\/www.numafa.com\/wp-content\/uploads\/incoterms_2000_2.pdf\" target=\"_blank\" rel=\"noopener\">Laden Sie unsere Incoterms.<\/a><\/p>\n<\/div><\/div><\/div><div class=\"faq_wrap\"><div class=\"faq_title\"><span class=\"subtitle\"><\/span><h3 class=\"title\">Orgalime<\/h3><\/div><div class=\"faq_text\"><div class=\"faq_inner\"><p><a href=\"https:\/\/www.numafa.com\/wp-content\/uploads\/orgalime_en.pdf\" target=\"_blank\" rel=\"noopener\">Laden Sie unsere Orgalime.<\/a><\/p>\n<\/div><\/div><\/div><\/div>\t\r\n\t\t\t\t<\/div>\r\n\t\t\t<\/div>\r\n\t\t<\/div>\r\n\t<\/div>\r\n\t\r\n<\/section>\t\r\n\t\t\t\n\n\r\n<section class=\"whitespace desktop_yes mobile_yes big bg_white\">\r\n<\/section>\n\n<section class=\"solutions desktop_yes mobile_yes \">\r\n\t<div class=\"container\">\r\n\t\t<div class=\"row\"> \r\n\t\t\t<div class=\"col-sm-12 col-md-12 col-lg-3 empty\">\r\n\t\t\t<\/div>\r\n\t\t\t\r\n\t\t\t<div class=\"col-sm-12 col-md-12 col-lg-6 intro\">\t\t\r\n\t\t\t\t\t<h2>Vielleicht ist auch das interessant f\u00fcr Sie:<\/h2>\t\t\t<\/div>\r\n\t\t\t\t\t\t\r\n\t\t\t<div class=\"col-sm-12 col-md-12 col-lg-3 empty\">\r\n\t\t\t<\/div>\r\n\t\t<\/div>\r\n\t\t\r\n\t\t\r\n\t\t\t\t<div class=\"row\"> \r\n\t\t\t<div class=\"col-sm-12 col-md-12 col-lg-3 empty\">\r\n\t\t\t<\/div>\r\n\r\n\t\t\t<div class=\"col-sm-12 col-md-12 col-lg-6 solution_items\">\r\n\t\t\t\t<div class=\"row\">\r\n\t\t\t\t\r\n\t\t\t\t<div class=\"col-sm-12 col-md-6 col-lg-6 list_items list_items_1\"><div class=\"item_wrap\"><a href=\"https:\/\/www.numafa.com\/de\/produkte\/\" target=\"_self\">Produkte<\/a><\/div><div class=\"item_wrap\"><a href=\"https:\/\/www.numafa.com\/de\/branchen\/\" target=\"_self\">Branchen<\/a><\/div><div class=\"item_wrap\"><a href=\"https:\/\/www.numafa.com\/de\/dienstleistungen\/\" target=\"_self\">Dienstleistungen<\/a><\/div><\/div><div class=\"col-sm-12 col-md-6 col-lg-6 list_items list_items_2\"><div class=\"item_wrap\"><a href=\"https:\/\/www.numafa.com\/de\/ueber-uns\/\" target=\"_self\">\u00dcber uns<\/a><\/div><div class=\"item_wrap\"><a href=\"https:\/\/www.numafa.com\/de\/ueber-uns\/niederlassungen\/\" target=\"_self\">Niederlassungen<\/a><\/div><\/div>\t\r\n\t\t\t\t<\/div>\r\n\t\t\t<\/div>\r\n\t\t\t\r\n\t\t\t<div class=\"col-sm-12 col-md-12 col-lg-3 empty\">\r\n\t\t\t<\/div>\t\t\t\r\n\t\t<\/div>\r\n\t\t\t<\/div>\r\n<\/section>\n\n\r\n<section class=\"whitespace desktop_yes mobile_yes big bg_white\">\r\n<\/section>\n\n\r\n<section class=\"cta_banner_2 desktop_yes mobile_yes \">\t\r\n\t\r\n\t<div class=\"container\">\r\n\t\t\r\n\t\t<div class=\"row no-gutters bg_teal_100\">\r\n\t\t\r\n\t\t\t<div class=\"col-sm-12 col-md-12 col-lg-8\">\r\n\r\n\t\t\t\t\t<div class=\"inner\">\r\n\t\t\t\t\t\t<h2 class=\"heading\">Wie k\u00f6nnen wir Ihnen helfen? <\/h2>\t\t\t\t\t\t\r\n\t\t\t\t\t\t<ul>\n<li>Erfahrene technische Berater.<\/li>\n<li>L\u00f6sungsorientierte individuelle Beratung.<\/li>\n<\/ul>\n\t\t\t\t\t\t\r\n\t\t\t\t\t\t<div class=\"cta bg_blue border_radius\"><a href=\"https:\/\/www.numafa.com\/de\/kontakt\/\">Nehmen Sie Kontakt mit uns auf<\/a>\n<\/div>\t\t\t\t\t<\/div>\r\n\r\n\t\t\t<\/div>\r\n\t\t\t\t\t\t\r\n\t\t\t<div class=\"col-sm-12 col-md-12 col-lg-4\">\t\t\t\t\r\n\t\t\t\t<div class=\"foto_wrapper\">\r\n\t\t\t\t\t\t\t\t\t\t<img decoding=\"async\" class=\"object_fit\" \t\t\t\t\t\t\t  \r\n\t\t\t\t\t\t  srcset=\"https:\/\/www.numafa.com\/wp-content\/uploads\/Numafa-April2024-8-650x482.jpg 650w, https:\/\/www.numafa.com\/wp-content\/uploads\/Numafa-April2024-8-1200x891.jpg 1024w, https:\/\/www.numafa.com\/wp-content\/uploads\/Numafa-April2024-8-1600x1188.jpg 1800w\" \t\t\t\t\t\t\t\t\t  \r\n\t\t\t\t\t\t  sizes=\"(max-width: 700px) 650px, (max-width: 1200px) 1024px, 1800px\"  \t  \r\n\t\t\t\t\t\t  src=\"https:\/\/www.numafa.com\/wp-content\/uploads\/Numafa-April2024-8-1600x1188.jpg\" \r\n\t\t\t\t\t\t  width=\"1024\"\r\n\t\t\t\t\t\t  height=\"760\"\t\t\t\t\t\t\t  \r\n\t\t\t\t\t\t  alt=\"Medewerker aan het werk bij een machine\" \r\n\t\t\t\t\t\t\/>\r\n\t\t\t\t\t\t\r\n\t\t\t\t<\/div>\r\n\t\t\t<\/div>\r\n\t\t<\/div>\r\n\t<\/div>\t\r\n\t\r\n<\/section>\n\n\r\n<section class=\"whitespace desktop_yes mobile_yes big bg_white\">\r\n<\/section>","protected":false},"excerpt":{"rendered":"","protected":false},"author":2,"featured_media":0,"parent":3459,"menu_order":0,"comment_status":"closed","ping_status":"closed","template":"","meta":{"_acf_changed":false,"inline_featured_image":false,"footnotes":""},"class_list":["post-3465","page","type-page","status-publish","hentry"],"acf":[],"yoast_head":"<!-- This site is optimized with the Yoast SEO plugin v26.7 - https:\/\/yoast.com\/wordpress\/plugins\/seo\/ -->\n<title>Lieferbedingungen | Numafa Cleaning &amp; Automation<\/title>\n<meta name=\"description\" content=\"Wir von Numafa stehen f\u00fcr Transparenz und Klarheit. Laden Sie sich unsere Lieferbedingungen herunter.\" \/>\n<meta name=\"robots\" content=\"index, follow, max-snippet:-1, max-image-preview:large, max-video-preview:-1\" \/>\n<link rel=\"canonical\" href=\"https:\/\/www.numafa.com\/de\/ueber-uns\/lieferbedingungen\/\" \/>\n<meta property=\"og:locale\" content=\"de_DE\" \/>\n<meta property=\"og:type\" content=\"article\" \/>\n<meta property=\"og:title\" content=\"Lieferbedingungen | Numafa Cleaning &amp; Automation\" \/>\n<meta property=\"og:description\" content=\"Wir von Numafa stehen f\u00fcr Transparenz und Klarheit. Laden Sie sich unsere Lieferbedingungen herunter.\" \/>\n<meta property=\"og:url\" content=\"https:\/\/www.numafa.com\/de\/ueber-uns\/lieferbedingungen\/\" \/>\n<meta property=\"og:site_name\" content=\"Numafa\" \/>\n<meta property=\"article:modified_time\" content=\"2024-06-17T09:49:59+00:00\" \/>\n<meta name=\"twitter:card\" content=\"summary_large_image\" \/>\n<script type=\"application\/ld+json\" class=\"yoast-schema-graph\">{\"@context\":\"https:\/\/schema.org\",\"@graph\":[{\"@type\":\"WebPage\",\"@id\":\"https:\/\/www.numafa.com\/de\/ueber-uns\/lieferbedingungen\/\",\"url\":\"https:\/\/www.numafa.com\/de\/ueber-uns\/lieferbedingungen\/\",\"name\":\"Lieferbedingungen | Numafa Cleaning & Automation\",\"isPartOf\":{\"@id\":\"https:\/\/www.numafa.com\/#website\"},\"datePublished\":\"2024-04-26T08:26:11+00:00\",\"dateModified\":\"2024-06-17T09:49:59+00:00\",\"description\":\"Wir von Numafa stehen f\u00fcr Transparenz und Klarheit. Laden Sie sich unsere Lieferbedingungen herunter.\",\"breadcrumb\":{\"@id\":\"https:\/\/www.numafa.com\/de\/ueber-uns\/lieferbedingungen\/#breadcrumb\"},\"inLanguage\":\"de\",\"potentialAction\":[{\"@type\":\"ReadAction\",\"target\":[\"https:\/\/www.numafa.com\/de\/ueber-uns\/lieferbedingungen\/\"]}]},{\"@type\":\"BreadcrumbList\",\"@id\":\"https:\/\/www.numafa.com\/de\/ueber-uns\/lieferbedingungen\/#breadcrumb\",\"itemListElement\":[{\"@type\":\"ListItem\",\"position\":1,\"name\":\"Home\",\"item\":\"https:\/\/www.numafa.com\/de\/\"},{\"@type\":\"ListItem\",\"position\":2,\"name\":\"\u00dcber uns\",\"item\":\"https:\/\/www.numafa.com\/de\/ueber-uns\/\"},{\"@type\":\"ListItem\",\"position\":3,\"name\":\"Lieferbedingungen\"}]},{\"@type\":\"WebSite\",\"@id\":\"https:\/\/www.numafa.com\/#website\",\"url\":\"https:\/\/www.numafa.com\/\",\"name\":\"Numafa\",\"description\":\"\",\"potentialAction\":[{\"@type\":\"SearchAction\",\"target\":{\"@type\":\"EntryPoint\",\"urlTemplate\":\"https:\/\/www.numafa.com\/?s={search_term_string}\"},\"query-input\":{\"@type\":\"PropertyValueSpecification\",\"valueRequired\":true,\"valueName\":\"search_term_string\"}}],\"inLanguage\":\"de\"}]}<\/script>\n<!-- \/ Yoast SEO plugin. -->","yoast_head_json":{"title":"Lieferbedingungen | Numafa Cleaning & Automation","description":"Wir von Numafa stehen f\u00fcr Transparenz und Klarheit. Laden Sie sich unsere Lieferbedingungen herunter.","robots":{"index":"index","follow":"follow","max-snippet":"max-snippet:-1","max-image-preview":"max-image-preview:large","max-video-preview":"max-video-preview:-1"},"canonical":"https:\/\/www.numafa.com\/de\/ueber-uns\/lieferbedingungen\/","og_locale":"de_DE","og_type":"article","og_title":"Lieferbedingungen | Numafa Cleaning & Automation","og_description":"Wir von Numafa stehen f\u00fcr Transparenz und Klarheit. Laden Sie sich unsere Lieferbedingungen herunter.","og_url":"https:\/\/www.numafa.com\/de\/ueber-uns\/lieferbedingungen\/","og_site_name":"Numafa","article_modified_time":"2024-06-17T09:49:59+00:00","twitter_card":"summary_large_image","schema":{"@context":"https:\/\/schema.org","@graph":[{"@type":"WebPage","@id":"https:\/\/www.numafa.com\/de\/ueber-uns\/lieferbedingungen\/","url":"https:\/\/www.numafa.com\/de\/ueber-uns\/lieferbedingungen\/","name":"Lieferbedingungen | Numafa Cleaning & Automation","isPartOf":{"@id":"https:\/\/www.numafa.com\/#website"},"datePublished":"2024-04-26T08:26:11+00:00","dateModified":"2024-06-17T09:49:59+00:00","description":"Wir von Numafa stehen f\u00fcr Transparenz und Klarheit. Laden Sie sich unsere Lieferbedingungen herunter.","breadcrumb":{"@id":"https:\/\/www.numafa.com\/de\/ueber-uns\/lieferbedingungen\/#breadcrumb"},"inLanguage":"de","potentialAction":[{"@type":"ReadAction","target":["https:\/\/www.numafa.com\/de\/ueber-uns\/lieferbedingungen\/"]}]},{"@type":"BreadcrumbList","@id":"https:\/\/www.numafa.com\/de\/ueber-uns\/lieferbedingungen\/#breadcrumb","itemListElement":[{"@type":"ListItem","position":1,"name":"Home","item":"https:\/\/www.numafa.com\/de\/"},{"@type":"ListItem","position":2,"name":"\u00dcber uns","item":"https:\/\/www.numafa.com\/de\/ueber-uns\/"},{"@type":"ListItem","position":3,"name":"Lieferbedingungen"}]},{"@type":"WebSite","@id":"https:\/\/www.numafa.com\/#website","url":"https:\/\/www.numafa.com\/","name":"Numafa","description":"","potentialAction":[{"@type":"SearchAction","target":{"@type":"EntryPoint","urlTemplate":"https:\/\/www.numafa.com\/?s={search_term_string}"},"query-input":{"@type":"PropertyValueSpecification","valueRequired":true,"valueName":"search_term_string"}}],"inLanguage":"de"}]}},"_links":{"self":[{"href":"https:\/\/www.numafa.com\/de\/wp-json\/wp\/v2\/pages\/3465","targetHints":{"allow":["GET"]}}],"collection":[{"href":"https:\/\/www.numafa.com\/de\/wp-json\/wp\/v2\/pages"}],"about":[{"href":"https:\/\/www.numafa.com\/de\/wp-json\/wp\/v2\/types\/page"}],"author":[{"embeddable":true,"href":"https:\/\/www.numafa.com\/de\/wp-json\/wp\/v2\/users\/2"}],"replies":[{"embeddable":true,"href":"https:\/\/www.numafa.com\/de\/wp-json\/wp\/v2\/comments?post=3465"}],"version-history":[{"count":0,"href":"https:\/\/www.numafa.com\/de\/wp-json\/wp\/v2\/pages\/3465\/revisions"}],"up":[{"embeddable":true,"href":"https:\/\/www.numafa.com\/de\/wp-json\/wp\/v2\/pages\/3459"}],"wp:attachment":[{"href":"https:\/\/www.numafa.com\/de\/wp-json\/wp\/v2\/media?parent=3465"}],"curies":[{"name":"wp","href":"https:\/\/api.w.org\/{rel}","templated":true}]}}