{"id":4636,"date":"2024-02-14T09:26:29","date_gmt":"2024-02-14T09:26:29","guid":{"rendered":"https:\/\/www.numafa.com\/homepage\/"},"modified":"2026-04-23T13:47:05","modified_gmt":"2026-04-23T13:47:05","slug":"homepage","status":"publish","type":"page","link":"https:\/\/www.numafa.com\/nl\/","title":{"rendered":"Homepagina"},"content":{"rendered":"\r\n<section id=\"hero_3\" class=\"desktop_yes mobile_yes  bg_middleblue\">\r\n\t\r\n\t<div class=\"container\">\r\n\t\t<div class=\"row no-gutters\">\r\n\t\t\r\n\t\t\t<div class=\"col-sm-12 col-md-12 col-lg-7 text_links\">\r\n\t\t\t\t\r\n\t\t\t\t\t\t\t\t\t\r\n\t\t\t\t\t<div class=\"outer\">\r\n\t\t\t\t\t\t<div class=\"inner\">\r\n\t\t\t\t\t\t\t<span class=\"subtitle\">Numafa Cleaning &#038; Automation<\/span><h1>Numafa, d\u00e9 partner voor innovatieve reinigingsoplossingen<\/h1>\t\t\t\t\t\t\t\r\n\t\t\t\t\t\t\t<p>Al meer dan 40 jaar ontwikkelen, fabriceren en leveren wij innovatieve industri\u00eble reinigingsoplossingen voor de food- en non-foodindustrie. Met vestigingen in Nederland en Amerika leveren wij aan elk continent. Daarnaast verlenen we volledige onderhoud en service.<\/p>\n\t\t\t\t\t\t\t\r\n\t\t\t\t\t\t\t<div class=\"cta bg_white border_radius\"><a href=\"https:\/\/www.numafa.com\/nl\/producten\/\">Bekijk onze oplossingen<\/a>\n<\/div>\t\t\t\t\t\t<\/div>\r\n\t\t\t\t\t<\/div>\t\r\n\t\t\t\t\t\t\t<\/div>\r\n\t\t\t\r\n\t\t\t<div class=\"col-sm-12 col-md-12 col-lg-1 empty\">\r\n\t\t\t<\/div>\r\n\t\t\t\r\n\t\t\t<div class=\"col-sm-12 col-md-12 col-lg-4 foto_rechts\">\r\n\t\t\t\t\t\t\t\t\t<div class=\"foto_wrapper\">\r\n\t\t\t\t\t\t<img decoding=\"async\" class=\"object_fit\" \t\t\t\t\t\t\t  \r\n\t\t\t\t\t\t\t  srcset=\"https:\/\/www.numafa.com\/wp-content\/uploads\/Numafa-April2024-40-Edit-650x488.jpg 650w, https:\/\/www.numafa.com\/wp-content\/uploads\/Numafa-April2024-40-Edit-1200x900.jpg 1024w, https:\/\/www.numafa.com\/wp-content\/uploads\/Numafa-April2024-40-Edit-1600x1200.jpg 1800w\" \t\t\t\t\t\t\t\t\t  \r\n\t\t\t\t\t\t\t  sizes=\"(max-width: 700px) 650px, (max-width: 1200px) 1024px, 1800px\"  \t  \r\n\t\t\t\t\t\t\t  src=\"https:\/\/www.numafa.com\/wp-content\/uploads\/Numafa-April2024-40-Edit-1600x1200.jpg\" \r\n\t\t\t\t\t\t\t  width=\"1024\"\r\n\t\t\t\t\t\t\t  height=\"768\"\t\t\t\t\t\t\t  \r\n\t\t\t\t\t\t\t  alt=\"Krattenwasser in actie.\" \r\n\t\t\t\t\t\t\t\/>\r\n\t\t\t\t\t<\/div>\r\n\t\t\t\t\r\n\t\t\t\t\t\t\t<\/div>\r\n\t\t<\/div>\r\n\t<\/div>\t\t\r\n<\/section>\r\n\r\n<section class=\"hero_cta text_on_mobile_no\">\r\n\t<div class=\"container\">\r\n\t\t<div class=\"row\">\r\n\t\t\t<div class=\"col-sm-12 col-md-12 col-lg-3 empty\">\r\n\t\t\t<\/div>\r\n\t\t\t\r\n\t\t\t<div class=\"col-sm-12 col-md-4 col-lg-3\">\t\t\t\t\r\n\t\t\t\t\t\t\t\r\n\t\t\t\t\t\r\n\t\t\t\t\t<div class=\"inner\">\r\n\t\t\t\t\t<img decoding=\"async\" class=\"icon\" src=\"https:\/\/www.numafa.com\/wp-content\/uploads\/icon-check.svg\" alt=\"icon check\" width=\"20\" height=\"20\" \/>\t\t\t\t\t\t<div class=\"text_block_outer\">\r\n\t\t\t\t\t\t\t\r\n\t\t\t\t\t\t\t<h2>Technische kennis in huis.<\/h2>\t\r\n\t\t\t\t\t\t\t\r\n\t\t\t\t\t\t\t<div class=\"text_block\">\r\n\t\t\t\t\t\t\t<p>Onze technisch adviseurs denken mee en geven advies.<\/p>\n\t\t\t\t\t\t\t<\/div>\r\n\t\t\t\t\t\t<\/div>\r\n\t\t\t\t\t<\/div>\r\n\t\t\t\t\t\t\t\r\n\t\t\t<\/div>\r\n\t\t\t<div class=\"col-sm-12 col-md-4 col-lg-3\">\r\n\t\t\t\t\t\t\t\r\n\t\t\t\t<div class=\"inner\">\r\n\t\t\t\t<img decoding=\"async\" class=\"icon\" src=\"https:\/\/www.numafa.com\/wp-content\/uploads\/icon-check.svg\" alt=\"icon check\" width=\"20\" height=\"20\" \/>\t\t\t\t\t\r\n\r\n\t\t\t\t\t<div class=\"text_block_outer\">\r\n\t\t\t\t\t\t\r\n\t\t\t\t\t\t<h2>Toegewijd aan service.<\/h2>\t\r\n\t\t\t\t\t\t\r\n\t\t\t\t\t\t<div class=\"text_block\">\r\n\t\t\t\t\t\t<p>We ontzorgen voor, tijdens en na de levering van een systeem.<\/p>\n\t\t\t\t\t\t<\/div>\r\n\t\t\t\t\t<\/div>\r\n\t\t\t\t\r\n\t\t\t\t\r\n\t\t\t\t\r\n\t\t\t\t\r\n\t\t\t\t<\/div>\r\n\t\t\t\t\t\t\t\r\n\t\t\t<\/div>\t\t\t\r\n\t\t\t<div class=\"col-sm-12 col-md-4 col-lg-3\">\r\n\t\t\t\t\t\t\t\r\n\t\t\t\t<div class=\"inner\">\r\n\t\t\t\t<img decoding=\"async\" class=\"icon\" src=\"https:\/\/www.numafa.com\/wp-content\/uploads\/icon-check.svg\" alt=\"icon check\" width=\"20\" height=\"20\" \/>\t\r\n\r\n\t\t\t\t\t\r\n\t\t\t\t\t<div class=\"text_block_outer\">\r\n\t\t\t\t\t\t\r\n\t\t\t\t\t\t<h2>Hoogstaande kwaliteit.<\/h2>\t\r\n\t\t\t\t\t\t\r\n\t\t\t\t\t\t<div class=\"text_block\">\r\n\t\t\t\t\t\t<p>Onze robuuste oplossingen hebben een lange levensduur.<\/p>\n\t\t\t\t\t\t<\/div>\r\n\t\t\t\t\t<\/div>\r\n\t\t\t\t<\/div>\r\n\t\t\t\t\t\t\t\r\n\t\t\t<\/div>\t\t\t\r\n\t\t<\/div>\r\n\t<\/div>\r\n<\/section>\r\n<script>\t\r\n\tjQuery(document).ready(function($){\r\n\t\tvar target = $('#breadcrumbs_section').next('section');\r\n\t\t\r\n\t\tif($(target).hasClass('bg_teal')){\r\n\t\t\tif(!$('body').hasClass('has_bg_teal')){\r\n\t\t\t\t$('body').addClass('has_bg_teal');\r\n\t\t\t}\t\r\n\t\t}\r\n\t\t\r\n\t\tif($(target).hasClass('bg_middleblue')){\r\n\t\t\tif(!$('body').hasClass('has_bg_middleblue')){\r\n\t\t\t\t$('body').addClass('has_bg_middleblue');\r\n\t\t\t}\t\t\t\t\r\n\t\t}\r\n\t});\r\n<\/script>\t\n\n\r\n<section class=\"whitespace desktop_yes mobile_yes middle bg_white\">\r\n<\/section>\n\n\r\n<section class=\"whitespace desktop_yes mobile_yes middle bg_white\">\r\n<\/section>\n\n<section class=\"module_1 desktop_yes mobile_yes \">\r\n\t<div class=\"container\">\r\n\t\t<div class=\"row\">\r\n\t\t\r\n\t\t\t<div class=\"col-sm-12 col-md-12 col-lg-1 empty\">\r\n\t\t\t<\/div>\r\n\t\t\t\r\n\t\t\t<div class=\"col-sm-12 col-md-12 col-lg-7\">\r\n\t\t\t\t\r\n\t\t\t\t\r\n\t\t\t\t<span class=\"subtitle\">Producten<\/span><h2>Onze systemen<\/h2>\t\t\t\t\r\n\t\t\t\t<p>Perfect schone productdragers met onze semi- of volautomatische krattenwassers, palletwassers, containerwassers, onderdelenwassers en layer pad wassers.<\/p>\n\t\t\t\t\r\n\t\t\t\t\t\t\t\r\n\t\t\t<\/div>\r\n\r\n\t\t\t<div class=\"col-sm-12 col-md-12 col-lg-4 empty\">\r\n\t\t\t<\/div>\t\t\t\r\n\t\r\n\t\t<\/div>\r\n\t<\/div><!-- container -->\t\r\n\r\n<div id=\"module_section\" class=\"module_section bg_primary_50 text_on_mobile_no\">\t\r\n\t<div class=\"container\">\t\r\n\t\t<div class=\"row\">\t\t\r\n\t\t\t\r\n\t\t\t<div class=\"col-sm-12 col-md-12 col-lg-9\">\t\t\t\t\t\r\n\t\t\t\t<div class=\"row tegels\">\r\n\t\t\t\t\t\t\t\t\t\t<div class=\"col-sm-12 col-md-12 col-lg-8 tegel\">\t\r\n\t\t\t\t\t\t\t\t\t\t\t<a href=\"https:\/\/www.numafa.com\/nl\/producten\/krattenwasser\/\" target=\"_self\">\r\n\t\t\t\t\t\t\t<div class=\"inner\">\r\n\t\t\t\t\t\t\t\t\t\r\n\r\n\t\t\t\t\t\t\t\t\t<div class=\"foto_inner\">\r\n\t\t\t\t\t\t\t\t\t\t<img decoding=\"async\" class=\"object_fit\" \t\t\t\t\t\t\t  \r\n\t\t\t\t\t\t\t\t\t\t  srcset=\"https:\/\/www.numafa.com\/wp-content\/uploads\/Website-Krattenwasser-1-650x308.jpg 650w, https:\/\/www.numafa.com\/wp-content\/uploads\/Website-Krattenwasser-1-1600x757.jpg 1024w, https:\/\/www.numafa.com\/wp-content\/uploads\/Website-Krattenwasser-1-1600x757.jpg 1800w\" \t\t\t\t\t\t\t\t\t  \r\n\t\t\t\t\t\t\t\t\t\t  sizes=\"(max-width: 700px) 650px, (max-width: 1200px) 1024px, 1800px\"  \t  \r\n\t\t\t\t\t\t\t\t\t\t  src=\"https:\/\/www.numafa.com\/wp-content\/uploads\/Website-Krattenwasser-1-1600x757.jpg\" \r\n\t\t\t\t\t\t\t\t\t\t  width=\"1024\"\r\n\t\t\t\t\t\t\t\t\t\t  height=\"484\"\t\t\t\t\t\t\t  \r\n\t\t\t\t\t\t\t\t\t\t  alt=\"krattenwasser productielijn\" \r\n\t\t\t\t\t\t\t\t\t\t\/>\r\n\t\t\t\t\t\t\t\t\t<\/div>\t\r\n\r\n\t\t\t\t\t\t\t\t\t\t\t\t\t\t\t\t<div class=\"text_block\">\r\n\t\t\t\t\t\t\t\t\t\t\t\t\t\t\t\t\t<h3>Krattenwasser<\/h3>\r\n\t\t\t\t\t\t\t\t\t\t\t\t\t\t\t\t\t\t\t\t\t\t\t\t\t<p>Onze krattenwassers maken industrieel reinigen simpel, snel en duurzaam. Met een capaciteit tot 6000 kratten per uur zorgen ze voor een hygi\u00ebnisch resultaat dat perfect past in elke productieomgeving.<\/p>\n\t\t\t\t\t\t\t\t\t\t\t\t\t\t\t\t\r\n\t\t\t\t\t\t\t\t<\/div>\r\n\t\t\t\t\t\t\t<\/div>\r\n\t\t\t\t\t\t<\/a>\r\n\t\t\t\t\t\t\t\t\t\t\t<\/div>\r\n\t\t\t\t\t\t\t\t\t\t<div class=\"col-sm-12 col-md-6 col-lg-4 tegel\">\t\r\n\t\t\t\t\t\t\t\t\t\t\t<a href=\"https:\/\/www.numafa.com\/nl\/producten\/palletwasser\/\" target=\"_self\">\r\n\t\t\t\t\t\t\t<div class=\"inner\">\r\n\t\t\t\t\t\t\t\t\t\r\n\r\n\t\t\t\t\t\t\t\t\t<div class=\"foto_inner\">\r\n\t\t\t\t\t\t\t\t\t\t<img decoding=\"async\" class=\"object_fit\" \t\t\t\t\t\t\t  \r\n\t\t\t\t\t\t\t\t\t\t  srcset=\"https:\/\/www.numafa.com\/wp-content\/uploads\/Numafa-Pallet-wasser-voor-website-1-650x488.jpg 650w, https:\/\/www.numafa.com\/wp-content\/uploads\/Numafa-Pallet-wasser-voor-website-1-1600x1200.jpg 1024w, https:\/\/www.numafa.com\/wp-content\/uploads\/Numafa-Pallet-wasser-voor-website-1-1600x1200.jpg 1800w\" \t\t\t\t\t\t\t\t\t  \r\n\t\t\t\t\t\t\t\t\t\t  sizes=\"(max-width: 700px) 650px, (max-width: 1200px) 1024px, 1800px\"  \t  \r\n\t\t\t\t\t\t\t\t\t\t  src=\"https:\/\/www.numafa.com\/wp-content\/uploads\/Numafa-Pallet-wasser-voor-website-1-1600x1200.jpg\" \r\n\t\t\t\t\t\t\t\t\t\t  width=\"1024\"\r\n\t\t\t\t\t\t\t\t\t\t  height=\"768\"\t\t\t\t\t\t\t  \r\n\t\t\t\t\t\t\t\t\t\t  alt=\"Palletwasser met rvs behuizing\" \r\n\t\t\t\t\t\t\t\t\t\t\/>\r\n\t\t\t\t\t\t\t\t\t<\/div>\t\r\n\r\n\t\t\t\t\t\t\t\t\t\t\t\t\t\t\t\t<div class=\"text_block\">\r\n\t\t\t\t\t\t\t\t\t\t\t\t\t\t\t\t\t<h3>Palletwasser<\/h3>\r\n\t\t\t\t\t\t\t\t\t\t\t\t\t\t\t\t\t\t\t\t\t\t\t\t\t<p>De palletwassers van Numafa reinigen moeiteloos tot 500 pallets per uur.<\/p>\n\t\t\t\t\t\t\t\t\t\t\t\t\t\t\t\t\r\n\t\t\t\t\t\t\t\t<\/div>\r\n\t\t\t\t\t\t\t<\/div>\r\n\t\t\t\t\t\t<\/a>\r\n\t\t\t\t\t\t\t\t\t\t\t<\/div>\r\n\t\t\t\t\t\t\t\t\t\t<div class=\"col-sm-12 col-md-6 col-lg-4 tegel\">\t\r\n\t\t\t\t\t\t\t\t\t\t\t<a href=\"https:\/\/www.numafa.com\/nl\/producten\/containerwasser\/\" target=\"_self\">\r\n\t\t\t\t\t\t\t<div class=\"inner\">\r\n\t\t\t\t\t\t\t\t\t\r\n\r\n\t\t\t\t\t\t\t\t\t<div class=\"foto_inner\">\r\n\t\t\t\t\t\t\t\t\t\t<img decoding=\"async\" class=\"object_fit\" \t\t\t\t\t\t\t  \r\n\t\t\t\t\t\t\t\t\t\t  srcset=\"https:\/\/www.numafa.com\/wp-content\/uploads\/CWM-DLT-1.jpg 650w, https:\/\/www.numafa.com\/wp-content\/uploads\/CWM-DLT-1.jpg 1024w, https:\/\/www.numafa.com\/wp-content\/uploads\/CWM-DLT-1.jpg 1800w\" \t\t\t\t\t\t\t\t\t  \r\n\t\t\t\t\t\t\t\t\t\t  sizes=\"(max-width: 700px) 650px, (max-width: 1200px) 1024px, 1800px\"  \t  \r\n\t\t\t\t\t\t\t\t\t\t  src=\"https:\/\/www.numafa.com\/wp-content\/uploads\/CWM-DLT-1.jpg\" \r\n\t\t\t\t\t\t\t\t\t\t  width=\"640\"\r\n\t\t\t\t\t\t\t\t\t\t  height=\"480\"\t\t\t\t\t\t\t  \r\n\t\t\t\t\t\t\t\t\t\t  alt=\"CWM-DLT machine zijaanzicht\" \r\n\t\t\t\t\t\t\t\t\t\t\/>\r\n\t\t\t\t\t\t\t\t\t<\/div>\t\r\n\r\n\t\t\t\t\t\t\t\t\t\t\t\t\t\t\t\t<div class=\"text_block\">\r\n\t\t\t\t\t\t\t\t\t\t\t\t\t\t\t\t\t<h3>Containerwasser<\/h3>\r\n\t\t\t\t\t\t\t\t\t\t\t\t\t\t\t\t\t\t\t\t\t\t\t\t\t<p>Van normwagens, dolav bins tot kuubkisten. Onze containerwassers reinigen tot 300 containers per uur.<\/p>\n\t\t\t\t\t\t\t\t\t\t\t\t\t\t\t\t\r\n\t\t\t\t\t\t\t\t<\/div>\r\n\t\t\t\t\t\t\t<\/div>\r\n\t\t\t\t\t\t<\/a>\r\n\t\t\t\t\t\t\t\t\t\t\t<\/div>\r\n\t\t\t\t\t\t\t\t\t\t<div class=\"col-sm-12 col-md-6 col-lg-4 tegel\">\t\r\n\t\t\t\t\t\t\t\t\t\t\t<a href=\"https:\/\/www.numafa.com\/nl\/producten\/onderdelenwasser\/\" target=\"_self\">\r\n\t\t\t\t\t\t\t<div class=\"inner\">\r\n\t\t\t\t\t\t\t\t\t\r\n\r\n\t\t\t\t\t\t\t\t\t<div class=\"foto_inner\">\r\n\t\t\t\t\t\t\t\t\t\t<img decoding=\"async\" class=\"object_fit\" \t\t\t\t\t\t\t  \r\n\t\t\t\t\t\t\t\t\t\t  srcset=\"https:\/\/www.numafa.com\/wp-content\/uploads\/Website-MMD-Onderdelenwasser-1-650x433.jpg 650w, https:\/\/www.numafa.com\/wp-content\/uploads\/Website-MMD-Onderdelenwasser-1-1600x1067.jpg 1024w, https:\/\/www.numafa.com\/wp-content\/uploads\/Website-MMD-Onderdelenwasser-1-1600x1067.jpg 1800w\" \t\t\t\t\t\t\t\t\t  \r\n\t\t\t\t\t\t\t\t\t\t  sizes=\"(max-width: 700px) 650px, (max-width: 1200px) 1024px, 1800px\"  \t  \r\n\t\t\t\t\t\t\t\t\t\t  src=\"https:\/\/www.numafa.com\/wp-content\/uploads\/Website-MMD-Onderdelenwasser-1-1600x1067.jpg\" \r\n\t\t\t\t\t\t\t\t\t\t  width=\"1024\"\r\n\t\t\t\t\t\t\t\t\t\t  height=\"683\"\t\t\t\t\t\t\t  \r\n\t\t\t\t\t\t\t\t\t\t  alt=\"Onderdelenwasser bij Numafa\" \r\n\t\t\t\t\t\t\t\t\t\t\/>\r\n\t\t\t\t\t\t\t\t\t<\/div>\t\r\n\r\n\t\t\t\t\t\t\t\t\t\t\t\t\t\t\t\t<div class=\"text_block\">\r\n\t\t\t\t\t\t\t\t\t\t\t\t\t\t\t\t\t<h3>Onderdelenwasser<\/h3>\r\n\t\t\t\t\t\t\t\t\t\t\t\t\t\t\t\t\t\t\t\t\t\t\t\t\t<p>Reinig onderdelen snel en grondig in slechts 5 tot 15 minuten met onze robuuste onderdelenwassers.<\/p>\n\t\t\t\t\t\t\t\t\t\t\t\t\t\t\t\t\r\n\t\t\t\t\t\t\t\t<\/div>\r\n\t\t\t\t\t\t\t<\/div>\r\n\t\t\t\t\t\t<\/a>\r\n\t\t\t\t\t\t\t\t\t\t\t<\/div>\r\n\t\t\t\t\t\t\t\t\t\t<div class=\"col-sm-12 col-md-6 col-lg-4 tegel\">\t\r\n\t\t\t\t\t\t\t\t\t\t\t<a href=\"https:\/\/www.numafa.com\/nl\/producten\/layer-pad-wassers\/\" target=\"_self\">\r\n\t\t\t\t\t\t\t<div class=\"inner\">\r\n\t\t\t\t\t\t\t\t\t\r\n\r\n\t\t\t\t\t\t\t\t\t<div class=\"foto_inner\">\r\n\t\t\t\t\t\t\t\t\t\t<img decoding=\"async\" class=\"object_fit\" \t\t\t\t\t\t\t  \r\n\t\t\t\t\t\t\t\t\t\t  srcset=\"https:\/\/www.numafa.com\/wp-content\/uploads\/Website-layerpad-wasser-M12000-canpads-1-650x488.jpg 650w, https:\/\/www.numafa.com\/wp-content\/uploads\/Website-layerpad-wasser-M12000-canpads-1-1600x1200.jpg 1024w, https:\/\/www.numafa.com\/wp-content\/uploads\/Website-layerpad-wasser-M12000-canpads-1-1600x1200.jpg 1800w\" \t\t\t\t\t\t\t\t\t  \r\n\t\t\t\t\t\t\t\t\t\t  sizes=\"(max-width: 700px) 650px, (max-width: 1200px) 1024px, 1800px\"  \t  \r\n\t\t\t\t\t\t\t\t\t\t  src=\"https:\/\/www.numafa.com\/wp-content\/uploads\/Website-layerpad-wasser-M12000-canpads-1-1600x1200.jpg\" \r\n\t\t\t\t\t\t\t\t\t\t  width=\"1024\"\r\n\t\t\t\t\t\t\t\t\t\t  height=\"768\"\t\t\t\t\t\t\t  \r\n\t\t\t\t\t\t\t\t\t\t  alt=\"Website layerpad wasser M12000 canpads\" \r\n\t\t\t\t\t\t\t\t\t\t\/>\r\n\t\t\t\t\t\t\t\t\t<\/div>\t\r\n\r\n\t\t\t\t\t\t\t\t\t\t\t\t\t\t\t\t<div class=\"text_block\">\r\n\t\t\t\t\t\t\t\t\t\t\t\t\t\t\t\t\t<h3>Layer pad wasser<\/h3>\r\n\t\t\t\t\t\t\t\t\t\t\t\t\t\t\t\t\t\t\t\t\t\t\t\t\t<p>Reinig, sorteer en inspecteer tot 1750 layer pads per uur met onze layer pad wassers.<\/p>\n\t\t\t\t\t\t\t\t\t\t\t\t\t\t\t\t\r\n\t\t\t\t\t\t\t\t<\/div>\r\n\t\t\t\t\t\t\t<\/div>\r\n\t\t\t\t\t\t<\/a>\r\n\t\t\t\t\t\t\t\t\t\t\t<\/div>\r\n\t\t\t\t\t\t\t\t\t<\/div>\r\n\t\t\t<\/div><!-- \/ col-lg-9 -->\t\r\n\t\t\t\r\n\t\t\t<div class=\"col-sm-12 col-md-12 col-lg-3 text_col_right\"><!-- text col right -->\r\n\t\t\t\r\n\t\t\t\t<h2>Ontdek onze geavanceerde reinigingsoplossingen<\/h2>\t\t\t\t\r\n\t\t\t\t<p>Met onze uitgebreide oplossingen spelen we een actieve rol in het verbeteren van industri\u00eble reinigingsprocessen in diverse sectoren. Ontdek onze duurzame en innovatieve oplossingen.<\/p>\n\r\n\t\t\t\t<div class=\"cta bg_outline border_radius\"><a href=\"https:\/\/www.numafa.com\/nl\/producten\/\">Bekijk onze oplossingen<\/a>\n<\/div>\t\t\t\t\t\r\n\r\n\t\t\t<\/div>\r\n\t\t\t\t\r\n\t\t\t\t\r\n\t\t\t\t\r\n\t<\/div>\r\n\t\r\n<\/section>\n\n\r\n<section class=\"whitespace desktop_yes mobile_yes big bg_white\">\r\n<\/section>\n\n\r\n<section class=\"text text_foto desktop_yes mobile_yes  bg_white\">\r\n\t<div class=\"container\">\r\n\t\t<div class=\"row vertical_centered\">\r\n\t\t\r\n\t\t\t<div class=\"col-sm-12 col-md-12 col-lg-6 foto_links\">\r\n\t\t\t\t\r\n\t\t\t\t\t\t\t\t\r\n\t\t\t\t\t\t<img decoding=\"async\" class=\"object_fit\" \t\t\t\t\t\t\t  \r\n\t\t\t\t\t\t\t  srcset=\"https:\/\/www.numafa.com\/wp-content\/uploads\/Numafa-April2024-4-650x488.jpg 650w, https:\/\/www.numafa.com\/wp-content\/uploads\/Numafa-April2024-4-1200x900.jpg 1024w, https:\/\/www.numafa.com\/wp-content\/uploads\/Numafa-April2024-4-1600x1200.jpg 1800w\" \t\t\t\t\t\t\t\t\t  \r\n\t\t\t\t\t\t\t  sizes=\"(max-width: 700px) 650px, (max-width: 1200px) 1024px, 1800px\"  \t  \r\n\t\t\t\t\t\t\t  src=\"https:\/\/www.numafa.com\/wp-content\/uploads\/Numafa-April2024-4-1600x1200.jpg\" \r\n\t\t\t\t\t\t\t  width=\"1024\"\r\n\t\t\t\t\t\t\t  height=\"768\"\t\t\t\t\t\t\t  \r\n\t\t\t\t\t\t\t  alt=\"Medewerkers met een reinigingsoplossing van Numafa\" \r\n\t\t\t\t\t\t\t\/>\r\n\t\t\t\t\t\t\t\r\n\t\t\t\t\r\n\t\t\t\t\t\t\t<\/div>\r\n\t\t\t\r\n\t\t\t<div class=\"col-sm-12 col-md-1 col-lg-1 empty\">\r\n\t\t\t<\/div>\r\n\t\t\t\r\n\t\t\t<div class=\"col-sm-12 col-md-12 col-lg-5 text_rechts\">\r\n\t\t\t\t\t\t\t\t\t<div class=\"inner\">\r\n\t\t\t\t\t\t<h2>Ontdek onze oplossingen voor bakkerij automatisering<\/h2>\t\t\t\t\t\t\r\n\t\t\t\t\t\t<p>In industri\u00eble bakkerijen zijn hygi\u00ebne, snelheid en continu\u00efteit essentieel. Numafa levert oplossingen voor bakkerij automatisering waarbij wassen, drogen en handling samenkomen in \u00e9\u00e9n effici\u00ebnt proces. Van kratten en trays tot bakplaten: onze systemen zorgen voor betrouwbare en consistente resultaten, verminderen handmatig werk en verhogen de uptime. Zo blijft je productie soepel draaien en voldoe je aan de hoogste hygi\u00ebne-eisen.<\/p>\n\t\t\t\t\t\t\r\n\t\t\t\t\t\t<div class=\"cta bg_blue border_radius\"><a href=\"https:\/\/www.numafa.com\/nl\/industrie\/voedingsindustrie\/bakkerij-automatisering\/\">Bekijk onze oplossingen voor bakkerij automatisering<\/a>\n<\/div>\t\t\t\t\t<\/div>\r\n\t\t\t\t\t\t\t<\/div>\r\n\t\t<\/div>\r\n\t<\/div>\r\n<\/section>\n\n\r\n<section class=\"whitespace desktop_yes mobile_yes big bg_white\">\r\n<\/section>\n\n<section class=\"solutions desktop_yes mobile_yes \">\r\n\t<div class=\"container\">\r\n\t\t<div class=\"row\"> \r\n\t\t\t<div class=\"col-sm-12 col-md-12 col-lg-3 empty\">\r\n\t\t\t<\/div>\r\n\t\t\t\r\n\t\t\t<div class=\"col-sm-12 col-md-12 col-lg-6 intro\">\t\t\r\n\t\t\t\t\t<h2>Onze industrie\u00ebn<\/h2>\t\t\t<\/div>\r\n\t\t\t\t\t\t\r\n\t\t\t<div class=\"col-sm-12 col-md-12 col-lg-3 empty\">\r\n\t\t\t<\/div>\r\n\t\t<\/div>\r\n\t\t\r\n\t\t\r\n\t\t\t\t<div class=\"row\"> \r\n\t\t\t<div class=\"col-sm-12 col-md-12 col-lg-3 empty\">\r\n\t\t\t<\/div>\r\n\r\n\t\t\t<div class=\"col-sm-12 col-md-12 col-lg-6 solution_items\">\r\n\t\t\t\t<div class=\"row\">\r\n\t\t\t\t\r\n\t\t\t\t<div class=\"col-sm-12 col-md-6 col-lg-6 list_items list_items_1\"><div class=\"item_wrap\"><a href=\"https:\/\/www.numafa.com\/nl\/industrie\/voedingsindustrie\/\" target=\"_self\">Voedingsindustrie<\/a><\/div><div class=\"item_wrap\"><a href=\"https:\/\/www.numafa.com\/nl\/industrie\/metaal-en-automotive\/\" target=\"_self\">Metaal &#038; automotive<\/a><\/div><div class=\"item_wrap\"><a href=\"https:\/\/www.numafa.com\/nl\/industrie\/chemie\/\" target=\"_self\">Chemie<\/a><\/div><\/div><div class=\"col-sm-12 col-md-6 col-lg-6 list_items list_items_2\"><div class=\"item_wrap\"><a href=\"https:\/\/www.numafa.com\/nl\/industrie\/glas-en-blik\/\" target=\"_self\">Glas &#038; blik<\/a><\/div><div class=\"item_wrap\"><a href=\"https:\/\/www.numafa.com\/nl\/industrie\/pool-en-logistiek\/\" target=\"_self\">Pool &#038; Logistieke dienstverlening<\/a><\/div><\/div>\t\r\n\t\t\t\t<\/div>\r\n\t\t\t<\/div>\r\n\t\t\t\r\n\t\t\t<div class=\"col-sm-12 col-md-12 col-lg-3 empty\">\r\n\t\t\t<\/div>\t\t\t\r\n\t\t<\/div>\r\n\t\t\t<\/div>\r\n<\/section>\n\n\r\n<section class=\"whitespace desktop_yes mobile_yes middle bg_white\">\r\n<\/section>\n\n\r\n<section class=\"whitespace desktop_yes mobile_yes middle bg_white\">\r\n<\/section>\n\n\r\n<section class=\"cta_banner_2 desktop_yes mobile_yes \">\t\r\n\t\r\n\t<div class=\"container\">\r\n\t\t\r\n\t\t<div class=\"row no-gutters bg_teal_100\">\r\n\t\t\r\n\t\t\t<div class=\"col-sm-12 col-md-12 col-lg-8\">\r\n\r\n\t\t\t\t\t<div class=\"inner\">\r\n\t\t\t\t\t\t<h2 class=\"heading\">Hoe kunnen we je helpen?<\/h2>\t\t\t\t\t\t\r\n\t\t\t\t\t\t<p>\u2713 Ervaren technisch adviseurs.<br \/>\n\u2713 Oplossingsgericht advies op maat.<\/p>\n\t\t\t\t\t\t\r\n\t\t\t\t\t\t<div class=\"cta bg_blue border_radius\"><a href=\"https:\/\/www.numafa.com\/nl\/contact\/\">Neem contact op met onze experts<\/a>\n<\/div>\t\t\t\t\t<\/div>\r\n\r\n\t\t\t<\/div>\r\n\t\t\t\t\t\t\r\n\t\t\t<div class=\"col-sm-12 col-md-12 col-lg-4\">\t\t\t\t\r\n\t\t\t\t<div class=\"foto_wrapper\">\r\n\t\t\t\t\t\t\t\t\t\t<img decoding=\"async\" class=\"object_fit\" \t\t\t\t\t\t\t  \r\n\t\t\t\t\t\t  srcset=\"https:\/\/www.numafa.com\/wp-content\/uploads\/Numafa-April2024-8-650x482.jpg 650w, https:\/\/www.numafa.com\/wp-content\/uploads\/Numafa-April2024-8-1200x891.jpg 1024w, https:\/\/www.numafa.com\/wp-content\/uploads\/Numafa-April2024-8-1600x1188.jpg 1800w\" \t\t\t\t\t\t\t\t\t  \r\n\t\t\t\t\t\t  sizes=\"(max-width: 700px) 650px, (max-width: 1200px) 1024px, 1800px\"  \t  \r\n\t\t\t\t\t\t  src=\"https:\/\/www.numafa.com\/wp-content\/uploads\/Numafa-April2024-8-1600x1188.jpg\" \r\n\t\t\t\t\t\t  width=\"1024\"\r\n\t\t\t\t\t\t  height=\"760\"\t\t\t\t\t\t\t  \r\n\t\t\t\t\t\t  alt=\"Medewerker aan het werk bij een machine\" \r\n\t\t\t\t\t\t\/>\r\n\t\t\t\t\t\t\r\n\t\t\t\t<\/div>\r\n\t\t\t<\/div>\r\n\t\t<\/div>\r\n\t<\/div>\t\r\n\t\r\n<\/section>\n\n\r\n<section class=\"whitespace desktop_yes mobile_yes big bg_white\">\r\n<\/section>","protected":false},"excerpt":{"rendered":"","protected":false},"author":2,"featured_media":0,"parent":0,"menu_order":0,"comment_status":"closed","ping_status":"closed","template":"","meta":{"_acf_changed":false,"inline_featured_image":false,"footnotes":""},"class_list":["post-4636","page","type-page","status-publish","hentry"],"acf":[],"yoast_head":"<!-- This site is optimized with the Yoast SEO plugin v27.4 - https:\/\/yoast.com\/product\/yoast-seo-wordpress\/ -->\n<title>Reinigingsoplossingen | Numafa Cleaning &amp; Automation<\/title>\n<meta name=\"description\" content=\"Numafa is jouw partner voor innovatieve reinigingsoplossingen. Technische kennis in huis, toegewijd aan service en kwaliteit voorop.\" \/>\n<meta name=\"robots\" content=\"index, follow, max-snippet:-1, max-image-preview:large, max-video-preview:-1\" \/>\n<link rel=\"canonical\" href=\"https:\/\/www.numafa.com\/nl\/\" \/>\n<meta property=\"og:locale\" content=\"nl_NL\" \/>\n<meta property=\"og:type\" content=\"article\" \/>\n<meta property=\"og:title\" content=\"Reinigingsoplossingen | Numafa Cleaning &amp; Automation\" \/>\n<meta property=\"og:description\" content=\"Numafa is jouw partner voor innovatieve reinigingsoplossingen. Technische kennis in huis, toegewijd aan service en kwaliteit voorop.\" \/>\n<meta property=\"og:url\" content=\"https:\/\/www.numafa.com\/nl\/\" \/>\n<meta property=\"og:site_name\" content=\"Numafa\" \/>\n<meta property=\"article:modified_time\" content=\"2026-04-23T13:47:05+00:00\" \/>\n<meta name=\"twitter:card\" content=\"summary_large_image\" \/>\n<meta name=\"twitter:label1\" content=\"Geschatte leestijd\" \/>\n\t<meta name=\"twitter:data1\" content=\"4 minuten\" \/>\n<script type=\"application\/ld+json\" class=\"yoast-schema-graph\">{\"@context\":\"https:\\\/\\\/schema.org\",\"@graph\":[{\"@type\":\"WebPage\",\"@id\":\"https:\\\/\\\/www.numafa.com\\\/nl\\\/\",\"url\":\"https:\\\/\\\/www.numafa.com\\\/nl\\\/\",\"name\":\"Reinigingsoplossingen | Numafa Cleaning & Automation\",\"isPartOf\":{\"@id\":\"https:\\\/\\\/www.numafa.com\\\/#website\"},\"datePublished\":\"2024-02-14T09:26:29+00:00\",\"dateModified\":\"2026-04-23T13:47:05+00:00\",\"description\":\"Numafa is jouw partner voor innovatieve reinigingsoplossingen. Technische kennis in huis, toegewijd aan service en kwaliteit voorop.\",\"breadcrumb\":{\"@id\":\"https:\\\/\\\/www.numafa.com\\\/nl\\\/#breadcrumb\"},\"inLanguage\":\"nl-NL\",\"potentialAction\":[{\"@type\":\"ReadAction\",\"target\":[\"https:\\\/\\\/www.numafa.com\\\/nl\\\/\"]}]},{\"@type\":\"BreadcrumbList\",\"@id\":\"https:\\\/\\\/www.numafa.com\\\/nl\\\/#breadcrumb\",\"itemListElement\":[{\"@type\":\"ListItem\",\"position\":1,\"name\":\"Home\",\"item\":\"https:\\\/\\\/www.numafa.com\\\/nl\\\/\"},{\"@type\":\"ListItem\",\"position\":2,\"name\":\"Homepagina\"}]},{\"@type\":\"WebSite\",\"@id\":\"https:\\\/\\\/www.numafa.com\\\/#website\",\"url\":\"https:\\\/\\\/www.numafa.com\\\/\",\"name\":\"Numafa\",\"description\":\"\",\"potentialAction\":[{\"@type\":\"SearchAction\",\"target\":{\"@type\":\"EntryPoint\",\"urlTemplate\":\"https:\\\/\\\/www.numafa.com\\\/?s={search_term_string}\"},\"query-input\":{\"@type\":\"PropertyValueSpecification\",\"valueRequired\":true,\"valueName\":\"search_term_string\"}}],\"inLanguage\":\"nl-NL\"}]}<\/script>\n<!-- \/ Yoast SEO plugin. -->","yoast_head_json":{"title":"Reinigingsoplossingen | Numafa Cleaning & Automation","description":"Numafa is jouw partner voor innovatieve reinigingsoplossingen. Technische kennis in huis, toegewijd aan service en kwaliteit voorop.","robots":{"index":"index","follow":"follow","max-snippet":"max-snippet:-1","max-image-preview":"max-image-preview:large","max-video-preview":"max-video-preview:-1"},"canonical":"https:\/\/www.numafa.com\/nl\/","og_locale":"nl_NL","og_type":"article","og_title":"Reinigingsoplossingen | Numafa Cleaning & Automation","og_description":"Numafa is jouw partner voor innovatieve reinigingsoplossingen. Technische kennis in huis, toegewijd aan service en kwaliteit voorop.","og_url":"https:\/\/www.numafa.com\/nl\/","og_site_name":"Numafa","article_modified_time":"2026-04-23T13:47:05+00:00","twitter_card":"summary_large_image","twitter_misc":{"Geschatte leestijd":"4 minuten"},"schema":{"@context":"https:\/\/schema.org","@graph":[{"@type":"WebPage","@id":"https:\/\/www.numafa.com\/nl\/","url":"https:\/\/www.numafa.com\/nl\/","name":"Reinigingsoplossingen | Numafa Cleaning & Automation","isPartOf":{"@id":"https:\/\/www.numafa.com\/#website"},"datePublished":"2024-02-14T09:26:29+00:00","dateModified":"2026-04-23T13:47:05+00:00","description":"Numafa is jouw partner voor innovatieve reinigingsoplossingen. Technische kennis in huis, toegewijd aan service en kwaliteit voorop.","breadcrumb":{"@id":"https:\/\/www.numafa.com\/nl\/#breadcrumb"},"inLanguage":"nl-NL","potentialAction":[{"@type":"ReadAction","target":["https:\/\/www.numafa.com\/nl\/"]}]},{"@type":"BreadcrumbList","@id":"https:\/\/www.numafa.com\/nl\/#breadcrumb","itemListElement":[{"@type":"ListItem","position":1,"name":"Home","item":"https:\/\/www.numafa.com\/nl\/"},{"@type":"ListItem","position":2,"name":"Homepagina"}]},{"@type":"WebSite","@id":"https:\/\/www.numafa.com\/#website","url":"https:\/\/www.numafa.com\/","name":"Numafa","description":"","potentialAction":[{"@type":"SearchAction","target":{"@type":"EntryPoint","urlTemplate":"https:\/\/www.numafa.com\/?s={search_term_string}"},"query-input":{"@type":"PropertyValueSpecification","valueRequired":true,"valueName":"search_term_string"}}],"inLanguage":"nl-NL"}]}},"_links":{"self":[{"href":"https:\/\/www.numafa.com\/nl\/wp-json\/wp\/v2\/pages\/4636","targetHints":{"allow":["GET"]}}],"collection":[{"href":"https:\/\/www.numafa.com\/nl\/wp-json\/wp\/v2\/pages"}],"about":[{"href":"https:\/\/www.numafa.com\/nl\/wp-json\/wp\/v2\/types\/page"}],"author":[{"embeddable":true,"href":"https:\/\/www.numafa.com\/nl\/wp-json\/wp\/v2\/users\/2"}],"replies":[{"embeddable":true,"href":"https:\/\/www.numafa.com\/nl\/wp-json\/wp\/v2\/comments?post=4636"}],"version-history":[{"count":1,"href":"https:\/\/www.numafa.com\/nl\/wp-json\/wp\/v2\/pages\/4636\/revisions"}],"predecessor-version":[{"id":6847,"href":"https:\/\/www.numafa.com\/nl\/wp-json\/wp\/v2\/pages\/4636\/revisions\/6847"}],"wp:attachment":[{"href":"https:\/\/www.numafa.com\/nl\/wp-json\/wp\/v2\/media?parent=4636"}],"curies":[{"name":"wp","href":"https:\/\/api.w.org\/{rel}","templated":true}]}}