{"id":4887,"date":"2025-03-14T08:17:07","date_gmt":"2025-03-14T08:17:07","guid":{"rendered":"https:\/\/www.numafa.com\/?page_id=4887"},"modified":"2025-12-09T11:36:11","modified_gmt":"2025-12-09T11:36:11","slug":"onze-technieken","status":"publish","type":"page","link":"https:\/\/www.numafa.com\/nl\/werken-bij\/onze-technieken\/","title":{"rendered":"Onze technieken"},"content":{"rendered":"\r\n<section id=\"hero_1\" class=\"text_header desktop_yes mobile_yes  bg_teal\">\r\n\t\r\n\t<div class=\"container\">\r\n\t\t<div class=\"row no-gutters\">\r\n\t\t\r\n\t\t\t<div class=\"col-sm-12 col-md-12 col-lg-7 text_links\">\r\n\t\t\t\t\r\n\t\t\t\t\t\t\t\t\t\r\n\t\t\t\t\t<div class=\"outer\">\r\n\t\t\t\t\t\t<div class=\"inner\">\r\n\t\t\t\t\t\t\t<h2 class=\"subtitle\">Onze technieken<\/h2><h1>Onze machines, jouw handtekening<\/h1>\t\t\t\t\t\t\t\r\n\t\t\t\t\t\t\t<p>Bij Numafa assembleren, testen en leveren we complete machinelijnen. We werken aan totaaloplossingen waarin jouw vakmanschap terug te zien is. Dat betekent dat je te maken krijgt met uiteenlopende technieken, zoals aandrijftechniek, besturingstechniek en elektrotechniek. Dit maakt je werk afwisselend en uitdagend.<\/p>\n\t\t\t\t\t\t\t\r\n\t\t\t\t\t\t\t\t\t\t\t\t\t<\/div>\r\n\t\t\t\t\t<\/div>\t\r\n\t\t\t\t\t\t\t<\/div>\r\n\t\t\t\r\n\t\t\t<div class=\"col-sm-12 col-md-12 col-lg-1 empty\">\r\n\t\t\t<\/div>\r\n\t\t\t\r\n\t\t\t<div class=\"col-sm-12 col-md-12 col-lg-4 foto_rechts\">\r\n\t\t\t\t\t\t\t\t\t<div class=\"foto_wrapper\">\r\n\t\t\t\t\t\t<img decoding=\"async\" class=\"object_fit\" \t\t\t\t\t\t\t  \r\n\t\t\t\t\t\t\t  srcset=\"https:\/\/www.numafa.com\/wp-content\/uploads\/Numafa-workshop-July-2024-3-Edit-1-650x488.jpg 650w, https:\/\/www.numafa.com\/wp-content\/uploads\/Numafa-workshop-July-2024-3-Edit-1-1200x901.jpg 1024w, https:\/\/www.numafa.com\/wp-content\/uploads\/Numafa-workshop-July-2024-3-Edit-1-1600x1201.jpg 1800w\" \t\t\t\t\t\t\t\t\t  \r\n\t\t\t\t\t\t\t  sizes=\"(max-width: 700px) 650px, (max-width: 1200px) 1024px, 1800px\"  \t  \r\n\t\t\t\t\t\t\t  src=\"https:\/\/www.numafa.com\/wp-content\/uploads\/Numafa-workshop-July-2024-3-Edit-1-1600x1201.jpg\" \r\n\t\t\t\t\t\t\t  width=\"1024\"\r\n\t\t\t\t\t\t\t  height=\"769\"\t\t\t\t\t\t\t  \r\n\t\t\t\t\t\t\t  alt=\"Numafa fabriekshal\" \r\n\t\t\t\t\t\t\t\/>\r\n\t\t\t\t\t<\/div>\r\n\t\t\t\t\r\n\t\t\t\t\t\t\t<\/div>\r\n\t\t<\/div>\r\n\t<\/div>\t\t\r\n<\/section>\r\n\r\n\r\n<script>\r\n\tjQuery(document).ready(function($){\r\n\t\t\r\n\t\tif($('#scroll_to').length){\r\n\t\t\r\n\t\t\t$('#scroll_to').on('click', function(){ \r\n\t\t\t\t\t\t\t\r\n\t\t\t\tvar height = $('#botbar_row').height();\r\n\t\t\t\t\tlink = $(this).attr('href');\r\n\t\t\t\t\t\t\t\t\t\r\n\t\t\t\t\r\n\t\t\t\tif($(window).width() <= 768){\r\n\t\t\t\t\theight = $('#header').height();\r\n\t\t\t\t}\r\n\t\t\t\t\r\n\t\t\t\t\r\n\t\t\t\tif($('#wpadminbar').length){\r\n\t\t\t\t\tif($('#wpadminbar').is(':visible')){\r\n\t\t\t\t\t\theight = height + $('#wpadminbar').height();\r\n\t\t\t\t\t}\r\n\t\t\t\t}\r\n\t\t\t\t\r\n\t\t\t\t$('html, body').animate({\r\n\t\t\t\t\tscrollTop: $(link).offset().top - (height - 1)+'px'\r\n\t\t\t\t}, 500);\r\n\t\t\t\t\r\n\t\t\t\treturn false;\r\n\t\t\t\t\r\n\t\t\t});\r\n\t\t}\r\n\t\t\r\n\t\tvar target = $('#breadcrumbs_section').next('section');\r\n\t\t\r\n\t\tif($(target).hasClass('bg_teal')){\r\n\t\t\tif(!$('body').hasClass('has_bg_teal')){\r\n\t\t\t\t$('body').addClass('has_bg_teal');\r\n\t\t\t}\t\r\n\t\t}\r\n\t\t\r\n\t\tif($(target).hasClass('bg_middleblue')){\r\n\t\t\tif(!$('body').hasClass('has_bg_middleblue')){\r\n\t\t\t\t$('body').addClass('has_bg_middleblue');\r\n\t\t\t}\t\t\t\t\r\n\t\t}\t\t\t\r\n\t\t\r\n\t\t\r\n\t});\r\n<\/script>\t\n\n\r\n<section id=\"eerste dag\" class=\"whitespace desktop_yes mobile_yes big bg_white\">\r\n<\/section>\n\n<section class=\"text desktop_yes mobile_yes \">\r\n\t<div class=\"container\">\r\n\t\t<div class=\"row\">\r\n\t\t\r\n\t\t\t<div class=\"col-sm-12 col-md-12 col-lg-3 empty\">\r\n\t\t\t<\/div>\r\n\t\t\t\r\n\t\t\t\t\t\t<div class=\"col-sm-12 col-md-12 col-lg-6\">\r\n\t\t\t\t<h2>Voortdurend innoveren in techniek en ontwikkeling<\/h2>\t\t\t\t\r\n\t\t\t\t<p>Wij zijn voortdurend bezig om onze systemen slimmer, effici\u00ebnter en duurzamer te maken. Zo hebben we onlangs stappen gezet in energiebesparing met de ontwikkeling van een waterfiltratiesysteem en een slimme manier om kratten door middel van centrifugaalkrachten te drogen. In de nabije toekomst richten we ons verder op motiontechnologie. Door verbeteringen in besturings- en aandrijftechniek zorgen we ervoor dat onze systemen soepeler lopen en met een hogere capaciteit werken. Zo verhogen we de output en maken we onze machines steeds zuiniger en gebruiksvriendelijker.\u00a0Benieuwd naar meer ontwikkelingen en innovaties bij Numafa? <a href=\"https:\/\/www.numafa.com\/nl\/nieuws\/\">Lees het laatste nieuws.<\/a><\/p>\n\t\t\t\t\r\n\t\t\t\t\t\t\t\t\r\n\t\t\t<\/div>\r\n\r\n\t\t\t<div class=\"col-sm-12 col-md-12 col-lg-3 empty\">\r\n\t\t\t<\/div>\t\t\t\r\n\t\r\n\t\t<\/div>\r\n\t<\/div>\r\n<\/section>\n\n\r\n<section id=\"arbeidsvoorwaarden\" class=\"whitespace desktop_yes mobile_yes big bg_white\">\r\n<\/section>\n\n\r\n<section class=\"text text_foto desktop_yes mobile_yes  bg_white\">\r\n\t<div class=\"container\">\r\n\t\t<div class=\"row vertical_centered\">\r\n\t\t\r\n\t\t\t<div class=\"col-sm-12 col-md-12 col-lg-6 foto_links\">\r\n\t\t\t\t\r\n\t\t\t\t\t\t\t\t\r\n\t\t\t\t\t\t<img decoding=\"async\" class=\"object_fit\" \t\t\t\t\t\t\t  \r\n\t\t\t\t\t\t\t  srcset=\"https:\/\/www.numafa.com\/wp-content\/uploads\/Numafa-April2024-18-Edit-650x488.jpg 650w, https:\/\/www.numafa.com\/wp-content\/uploads\/Numafa-April2024-18-Edit-1200x900.jpg 1024w, https:\/\/www.numafa.com\/wp-content\/uploads\/Numafa-April2024-18-Edit-1600x1200.jpg 1800w\" \t\t\t\t\t\t\t\t\t  \r\n\t\t\t\t\t\t\t  sizes=\"(max-width: 700px) 650px, (max-width: 1200px) 1024px, 1800px\"  \t  \r\n\t\t\t\t\t\t\t  src=\"https:\/\/www.numafa.com\/wp-content\/uploads\/Numafa-April2024-18-Edit-1600x1200.jpg\" \r\n\t\t\t\t\t\t\t  width=\"1024\"\r\n\t\t\t\t\t\t\t  height=\"768\"\t\t\t\t\t\t\t  \r\n\t\t\t\t\t\t\t  alt=\"Close-up van Numafa-reinigingsinstallatie\" \r\n\t\t\t\t\t\t\t\/>\r\n\t\t\t\t\t\t\t\r\n\t\t\t\t\r\n\t\t\t\t\t\t\t<\/div>\r\n\t\t\t\r\n\t\t\t<div class=\"col-sm-12 col-md-1 col-lg-1 empty\">\r\n\t\t\t<\/div>\r\n\t\t\t\r\n\t\t\t<div class=\"col-sm-12 col-md-12 col-lg-5 text_rechts\">\r\n\t\t\t\t\t\t\t\t\t<div class=\"inner\">\r\n\t\t\t\t\t\t<h2>Technieken<\/h2>\t\t\t\t\t\t\r\n\t\t\t\t\t\t<p>Welke technieken gebruiken we dan zoal? Onze systemen bevatten een combinatie van:<\/p>\n<ul>\n<li>Aandrijftechniek<\/li>\n<li>Pneumatiek<\/li>\n<li>Besturingstechniek<\/li>\n<li>Hydrauliek<\/li>\n<li>Elektrotechniek<\/li>\n<li>Vision<\/li>\n<\/ul>\n\t\t\t\t\t\t\r\n\t\t\t\t\t\t\t\t\t\t\t<\/div>\r\n\t\t\t\t\t\t\t<\/div>\r\n\t\t<\/div>\r\n\t<\/div>\r\n<\/section>\n\n\r\n<section id=\"faciliteiten\" class=\"whitespace desktop_yes mobile_yes big bg_white\">\r\n<\/section>\n\n<section class=\"text desktop_yes mobile_yes \">\r\n\t<div class=\"container\">\r\n\t\t<div class=\"row\">\r\n\t\t\r\n\t\t\t<div class=\"col-sm-12 col-md-12 col-lg-3 empty\">\r\n\t\t\t<\/div>\r\n\t\t\t\r\n\t\t\t\t\t\t<div class=\"col-sm-12 col-md-12 col-lg-6\">\r\n\t\t\t\t<h2>Techniek in de praktijk: slimme oplossingen voor een stabiel proces<\/h2>\t\t\t\t\r\n\t\t\t\t<p>Bij Numafa ontwikkelen we machines die niet alleen betrouwbaar zijn en effici\u00ebnt werken, maar ook eenvoudig te onderhouden zijn. Dit is essentieel voor bedrijven zoals HB RTS, waar continu\u00efteit in het proces direct impact heeft op de supply chain. Onze technologie\u00ebn, zoals geavanceerde besturingstechniek en flexibele handlingsystemen, zorgen ervoor dat machines snel kunnen schakelen tussen verschillende ladingdragers en storingen eenvoudig zijn op te lossen. Benieuwd hoe dit in de praktijk werkt? Lees meer over onze samenwerking met HB RTS en ontdek hoe wij hun proces hebben geoptimaliseerd.<\/p>\n\t\t\t\t\r\n\t\t\t\t<div class=\"cta bg_blue border_radius\"><a href=\"\/nl\/referenties\/een-succesvol-partnership-met-hb-rts\/\">Bekijk het project<\/a>\n<\/div>\t\t\t\t\r\n\t\t\t<\/div>\r\n\r\n\t\t\t<div class=\"col-sm-12 col-md-12 col-lg-3 empty\">\r\n\t\t\t<\/div>\t\t\t\r\n\t\r\n\t\t<\/div>\r\n\t<\/div>\r\n<\/section>\n\n\r\n<section id=\"doorgroeimogelijkheden\" class=\"whitespace desktop_yes mobile_yes big bg_white\">\r\n<\/section>\n\n\r\n<section class=\"text text_foto desktop_yes mobile_yes  bg_white\">\r\n\t<div class=\"container\">\r\n\t\t<div class=\"row vertical_centered sm_reverse_order\">\r\n\t\t\r\n\t\t\t<div class=\"col-sm-12 col-md-12 col-lg-5 text_links\">\r\n\t\t\t\t\r\n\t\t\t\t\t\t\t\t\t\r\n\t\t\t\t\t<div class=\"inner\">\r\n\t\t\t\t\t\t<h2>In onze fabriek komt technologie tot leven<\/h2>\t\t\t\t\t\t\r\n\t\t\t\t\t\t<p>In onze moderne en frisse fabriek in Heinenoord zetten we de laatste stappen om onze systemen volledig operationeel te maken. Hier worden ze geassembleerd en getest voordat ze wereldwijd naar klanten worden verscheept. Benieuwd naar onze fabriek?<\/p>\n\t\t\t\t\t\t\r\n\t\t\t\t\t\t<div class=\"cta bg_blue border_radius\"><a href=\"https:\/\/www.numafa.com\/nl\/werken-bij\/onze-fabriek\/\">Onze fabriek<\/a>\n<\/div>\t\t\t\t\t<\/div>\t\r\n\t\t\t\t\t\t\t<\/div>\r\n\t\t\t\r\n\t\t\t<div class=\"col-sm-12 col-md-1 col-lg-1 empty\">\r\n\t\t\t<\/div>\r\n\t\t\t\r\n\t\t\t<div class=\"col-sm-12 col-md-12 col-lg-6 foto_rechts\">\r\n\t\t\t\t\t\t\t\t\r\n\t\t\t\t\t\t<img decoding=\"async\" class=\"object_fit\" \t\t\t\t\t\t\t  \r\n\t\t\t\t\t\t\t  srcset=\"https:\/\/www.numafa.com\/wp-content\/uploads\/Numafa-werkplaats-0080-1-e1741947083200-1-650x488.jpg 650w, https:\/\/www.numafa.com\/wp-content\/uploads\/Numafa-werkplaats-0080-1-e1741947083200-1-1200x900.jpg 1024w, https:\/\/www.numafa.com\/wp-content\/uploads\/Numafa-werkplaats-0080-1-e1741947083200-1-1600x1200.jpg 1800w\" \t\t\t\t\t\t\t\t\t  \r\n\t\t\t\t\t\t\t  sizes=\"(max-width: 700px) 650px, (max-width: 1200px) 1024px, 1800px\"  \t  \r\n\t\t\t\t\t\t\t  src=\"https:\/\/www.numafa.com\/wp-content\/uploads\/Numafa-werkplaats-0080-1-e1741947083200-1-1600x1200.jpg\" \r\n\t\t\t\t\t\t\t  width=\"1024\"\r\n\t\t\t\t\t\t\t  height=\"768\"\t\t\t\t\t\t\t  \r\n\t\t\t\t\t\t\t  alt=\"Numafa werkplaats met werkbus\" \r\n\t\t\t\t\t\t\t\/>\r\n\t\t\t\t\t\t\t\r\n\t\t\t\t\r\n\t\t\t\t\t\t\t<\/div>\r\n\t\t<\/div>\r\n\t<\/div>\r\n<\/section>\n\n\r\n<section class=\"whitespace desktop_yes mobile_yes big bg_white\">\r\n<\/section>\n\n<section id=\"cta_banner\" class=\"cta_banner desktop_yes mobile_yes \">\r\n\t<div class=\"container\">\r\n\t\t\r\n\t\t<div class=\"inner bg_middleblue\">\r\n\t\t\t\r\n\t\t\t<div class=\"row\">\r\n\t\t\t\t\r\n\t\t\t\t<div class=\"col-sm-12 col-md-1 col-lg-1 empty\">\r\n\t\t\t\t<\/div>\r\n\t\t\t\r\n\t\t\t\t<div class=\"col-sm-12 col-md-4 col-lg-4\">\r\n\t\t\t\t\t\r\n\t\t\t\t\t\t\t\t\t\t\r\n\t\t\t\t\t<h2>Mogelijk ben je ook ge\u00efnteresseerd in\u2026<\/h2>\r\n\t\t\t\t\t\t\t\t\t\t\t<p>Wil je meer weten over werken bij Numafa? Ontdek meer over werken bij Numafa en bekijk onze vacatures.<\/p>\n\t\t\t\t\t\r\n\t\t\t\t\t\t\t\t\t\t\r\n\t\t\t\t<\/div>\r\n\t\t\t\t\r\n\t\t\t\t<div class=\"col-sm-12 col-md-1 col-lg-1 empty\">\r\n\t\t\t\t<\/div>\r\n\t\t\t\t\r\n\t\t\t\t\t\t\t\t\r\n\t\t\t\t<div class=\"col-sm-12 col-md-5 col-lg-5 buttons\">\t\t\t\t\r\n\t\t\t\t\t\r\n\t\t\t\t\t<div class=\"button_wrap\"><div class=\"cta bg_green border_radius\"><a href=\"https:\/\/www.numafa.com\/nl\/werken-bij\/\">Werken bij<\/a>\n<\/div><\/div><div class=\"button_wrap\"><div class=\"cta bg_yellow border_radius\"><a href=\"https:\/\/www.numafa.com\/nl\/vacatures\/\">Vacatures<\/a>\n<\/div><\/div><div class=\"button_wrap\"><div class=\"cta bg_purple border_radius\"><a href=\"https:\/\/www.numafa.com\/nl\/werken-bij\/verhalen-van-medewerkers\/\">Verhalen van medewerkers<\/a>\n<\/div><\/div>\t\t\t\t<\/div>\r\n\t\t\t\t\r\n\t\t\t\t<div class=\"col-sm-12 col-md-1 col-lg-1 empty\">\r\n\t\t\t\t<\/div>\r\n\t\t\t\t\r\n\t\t\t<\/div>\r\n\t\t\t\r\n\t\t<\/div>\r\n\t\t\r\n\t\t\r\n\t<\/div>\r\n<\/section>\n\n\r\n<section class=\"whitespace desktop_yes mobile_yes big bg_white\">\r\n<\/section>","protected":false},"excerpt":{"rendered":"","protected":false},"author":2,"featured_media":0,"parent":4830,"menu_order":0,"comment_status":"closed","ping_status":"closed","template":"","meta":{"_acf_changed":false,"inline_featured_image":false,"footnotes":""},"class_list":["post-4887","page","type-page","status-publish","hentry"],"acf":[],"yoast_head":"<!-- This site is optimized with the Yoast SEO plugin v26.7 - https:\/\/yoast.com\/wordpress\/plugins\/seo\/ -->\n<title>Onze technieken | Innovatieve machinebouw bij Numafa<\/title>\n<meta name=\"description\" content=\"Numafa werkt met aandrijftechniek, besturing, vision en pneumatiek om slimme, effici\u00ebnte machines te bouwen. Lees meer over onze technieken.\" \/>\n<meta name=\"robots\" content=\"index, follow, max-snippet:-1, max-image-preview:large, max-video-preview:-1\" \/>\n<link rel=\"canonical\" href=\"https:\/\/www.numafa.com\/nl\/werken-bij\/onze-technieken\/\" \/>\n<meta property=\"og:locale\" content=\"nl_NL\" \/>\n<meta property=\"og:type\" content=\"article\" \/>\n<meta property=\"og:title\" content=\"Onze technieken | Innovatieve machinebouw bij Numafa\" \/>\n<meta property=\"og:description\" content=\"Numafa werkt met aandrijftechniek, besturing, vision en pneumatiek om slimme, effici\u00ebnte machines te bouwen. Lees meer over onze technieken.\" \/>\n<meta property=\"og:url\" content=\"https:\/\/www.numafa.com\/nl\/werken-bij\/onze-technieken\/\" \/>\n<meta property=\"og:site_name\" content=\"Numafa\" \/>\n<meta property=\"article:modified_time\" content=\"2025-12-09T11:36:11+00:00\" \/>\n<meta name=\"twitter:card\" content=\"summary_large_image\" \/>\n<meta name=\"twitter:label1\" content=\"Geschatte leestijd\" \/>\n\t<meta name=\"twitter:data1\" content=\"3 minuten\" \/>\n<script type=\"application\/ld+json\" class=\"yoast-schema-graph\">{\"@context\":\"https:\/\/schema.org\",\"@graph\":[{\"@type\":\"WebPage\",\"@id\":\"https:\/\/www.numafa.com\/nl\/werken-bij\/onze-technieken\/\",\"url\":\"https:\/\/www.numafa.com\/nl\/werken-bij\/onze-technieken\/\",\"name\":\"Onze technieken | Innovatieve machinebouw bij Numafa\",\"isPartOf\":{\"@id\":\"https:\/\/www.numafa.com\/#website\"},\"datePublished\":\"2025-03-14T08:17:07+00:00\",\"dateModified\":\"2025-12-09T11:36:11+00:00\",\"description\":\"Numafa werkt met aandrijftechniek, besturing, vision en pneumatiek om slimme, effici\u00ebnte machines te bouwen. Lees meer over onze technieken.\",\"breadcrumb\":{\"@id\":\"https:\/\/www.numafa.com\/nl\/werken-bij\/onze-technieken\/#breadcrumb\"},\"inLanguage\":\"nl-NL\",\"potentialAction\":[{\"@type\":\"ReadAction\",\"target\":[\"https:\/\/www.numafa.com\/nl\/werken-bij\/onze-technieken\/\"]}]},{\"@type\":\"BreadcrumbList\",\"@id\":\"https:\/\/www.numafa.com\/nl\/werken-bij\/onze-technieken\/#breadcrumb\",\"itemListElement\":[{\"@type\":\"ListItem\",\"position\":1,\"name\":\"Home\",\"item\":\"https:\/\/www.numafa.com\/nl\/\"},{\"@type\":\"ListItem\",\"position\":2,\"name\":\"Werken bij\",\"item\":\"https:\/\/www.numafa.com\/nl\/werken-bij\/\"},{\"@type\":\"ListItem\",\"position\":3,\"name\":\"Onze technieken\"}]},{\"@type\":\"WebSite\",\"@id\":\"https:\/\/www.numafa.com\/#website\",\"url\":\"https:\/\/www.numafa.com\/\",\"name\":\"Numafa\",\"description\":\"\",\"potentialAction\":[{\"@type\":\"SearchAction\",\"target\":{\"@type\":\"EntryPoint\",\"urlTemplate\":\"https:\/\/www.numafa.com\/?s={search_term_string}\"},\"query-input\":{\"@type\":\"PropertyValueSpecification\",\"valueRequired\":true,\"valueName\":\"search_term_string\"}}],\"inLanguage\":\"nl-NL\"}]}<\/script>\n<!-- \/ Yoast SEO plugin. -->","yoast_head_json":{"title":"Onze technieken | Innovatieve machinebouw bij Numafa","description":"Numafa werkt met aandrijftechniek, besturing, vision en pneumatiek om slimme, effici\u00ebnte machines te bouwen. Lees meer over onze technieken.","robots":{"index":"index","follow":"follow","max-snippet":"max-snippet:-1","max-image-preview":"max-image-preview:large","max-video-preview":"max-video-preview:-1"},"canonical":"https:\/\/www.numafa.com\/nl\/werken-bij\/onze-technieken\/","og_locale":"nl_NL","og_type":"article","og_title":"Onze technieken | Innovatieve machinebouw bij Numafa","og_description":"Numafa werkt met aandrijftechniek, besturing, vision en pneumatiek om slimme, effici\u00ebnte machines te bouwen. Lees meer over onze technieken.","og_url":"https:\/\/www.numafa.com\/nl\/werken-bij\/onze-technieken\/","og_site_name":"Numafa","article_modified_time":"2025-12-09T11:36:11+00:00","twitter_card":"summary_large_image","twitter_misc":{"Geschatte leestijd":"3 minuten"},"schema":{"@context":"https:\/\/schema.org","@graph":[{"@type":"WebPage","@id":"https:\/\/www.numafa.com\/nl\/werken-bij\/onze-technieken\/","url":"https:\/\/www.numafa.com\/nl\/werken-bij\/onze-technieken\/","name":"Onze technieken | Innovatieve machinebouw bij Numafa","isPartOf":{"@id":"https:\/\/www.numafa.com\/#website"},"datePublished":"2025-03-14T08:17:07+00:00","dateModified":"2025-12-09T11:36:11+00:00","description":"Numafa werkt met aandrijftechniek, besturing, vision en pneumatiek om slimme, effici\u00ebnte machines te bouwen. Lees meer over onze technieken.","breadcrumb":{"@id":"https:\/\/www.numafa.com\/nl\/werken-bij\/onze-technieken\/#breadcrumb"},"inLanguage":"nl-NL","potentialAction":[{"@type":"ReadAction","target":["https:\/\/www.numafa.com\/nl\/werken-bij\/onze-technieken\/"]}]},{"@type":"BreadcrumbList","@id":"https:\/\/www.numafa.com\/nl\/werken-bij\/onze-technieken\/#breadcrumb","itemListElement":[{"@type":"ListItem","position":1,"name":"Home","item":"https:\/\/www.numafa.com\/nl\/"},{"@type":"ListItem","position":2,"name":"Werken bij","item":"https:\/\/www.numafa.com\/nl\/werken-bij\/"},{"@type":"ListItem","position":3,"name":"Onze technieken"}]},{"@type":"WebSite","@id":"https:\/\/www.numafa.com\/#website","url":"https:\/\/www.numafa.com\/","name":"Numafa","description":"","potentialAction":[{"@type":"SearchAction","target":{"@type":"EntryPoint","urlTemplate":"https:\/\/www.numafa.com\/?s={search_term_string}"},"query-input":{"@type":"PropertyValueSpecification","valueRequired":true,"valueName":"search_term_string"}}],"inLanguage":"nl-NL"}]}},"_links":{"self":[{"href":"https:\/\/www.numafa.com\/nl\/wp-json\/wp\/v2\/pages\/4887","targetHints":{"allow":["GET"]}}],"collection":[{"href":"https:\/\/www.numafa.com\/nl\/wp-json\/wp\/v2\/pages"}],"about":[{"href":"https:\/\/www.numafa.com\/nl\/wp-json\/wp\/v2\/types\/page"}],"author":[{"embeddable":true,"href":"https:\/\/www.numafa.com\/nl\/wp-json\/wp\/v2\/users\/2"}],"replies":[{"embeddable":true,"href":"https:\/\/www.numafa.com\/nl\/wp-json\/wp\/v2\/comments?post=4887"}],"version-history":[{"count":0,"href":"https:\/\/www.numafa.com\/nl\/wp-json\/wp\/v2\/pages\/4887\/revisions"}],"up":[{"embeddable":true,"href":"https:\/\/www.numafa.com\/nl\/wp-json\/wp\/v2\/pages\/4830"}],"wp:attachment":[{"href":"https:\/\/www.numafa.com\/nl\/wp-json\/wp\/v2\/media?parent=4887"}],"curies":[{"name":"wp","href":"https:\/\/api.w.org\/{rel}","templated":true}]}}